{"id":3875,"date":"2025-09-10T05:40:48","date_gmt":"2025-09-10T03:40:48","guid":{"rendered":"https:\/\/vozolpuff.de\/?post_type=product&#038;p=3875"},"modified":"2025-09-10T05:40:49","modified_gmt":"2025-09-10T03:40:49","slug":"randm-tornado-7000-blackcurrant-menthol","status":"publish","type":"product","link":"https:\/\/vozolpuff.de\/it\/prodotto\/randm-tornado-7000-blackcurrant-menthol\/","title":{"rendered":"RandM Tornado 7000 Ribes nero al mentolo"},"content":{"rendered":"<h2 class=\"text-xl font-bold text-text-100 mt-1 -mb-0.5\">Sigaretta elettronica usa e getta RandM Tornado 7000 ribes nero e mentolo<\/h2>\n<p class=\"whitespace-normal break-words\">RandM Tornado 7000 Blackcurrant Menthol combina la dolcezza scura del ribes nero maturo con una rinfrescante spinta mentolata per un'esperienza di svapo eccezionalmente rinvigorente. Questa sofisticata combinazione di sapori offre agli amanti della frutta e del mentolo il meglio di entrambi i mondi. Il potente sistema usa e getta consente fino a 7000 boccate aromatizzate, alimentato da una batteria di lunga durata da 850 mAh. Lo spazioso serbatoio per e-liquid da 14 ml rende la ricarica un ricordo del passato. Grazie alla funzione di flusso d'aria regolabile, potrete determinare voi stessi l'intensit\u00e0 del vostro vapore.<\/p>\n<h3 class=\"text-lg font-bold text-text-100 mt-1 -mb-1.5\">Propriet\u00e0 dell'hardware<\/h3>\n<p class=\"whitespace-normal break-words\"><strong>Sistema di batterie:<\/strong> 850mAh installato permanentemente (ricaricabile)<br \/>\n<strong>Potenza in uscita:<\/strong> Consegna coerente e affidabile<br \/>\n<strong>Volume del liquido:<\/strong> 14ml pronto per l'uso<br \/>\n<strong>Livelli di nicotina:<\/strong> 0%, 2%, 3% o 5% disponibili<br \/>\n<strong>Volume di trazione:<\/strong> Possibili circa 7.000 inalazioni<br \/>\n<strong>Sistema di flusso d'aria:<\/strong> Ventilazione regolabile<br \/>\n<strong>Ottica:<\/strong> Illuminazione RGB colorata<\/p>\n<h3 class=\"text-lg font-bold text-text-100 mt-1 -mb-1.5\">Scopri altri FUMOT VAPE su vozolpuff<\/h3>\n<p class=\"whitespace-normal break-words\">Trovate altri eccellenti prodotti per sigarette elettroniche nel nostro sito <strong><a class=\"underline\" href=\"https:\/\/vozolpuff.de\/it\/\">Negozio online<\/a><\/strong>sfogliare l'elenco completo <strong><a class=\"underline\" href=\"https:\/\/vozolpuff.de\/it\/product-category\/fumot-vape\/\">Linea di prodotti FUMOT VAPE<\/a><\/strong> o lasciarsi ispirare dall'intero <strong><a class=\"underline\" href=\"https:\/\/vozolpuff.de\/it\/product-category\/fumot-vape\/randm-tornado-7000\/\">Mondo RandM Tornado 7000 flavour<\/a><\/strong> ispirare.<\/p>","protected":false},"excerpt":{"rendered":"<div>\n<div class=\"grid-cols-1 grid gap-2.5 [&amp;_&gt;_*]:min-w-0 !gap-3.5\">\n<p class=\"whitespace-normal break-words\">Erleben Sie die perfekte Harmonie aus fruchtiger S\u00fc\u00dfe und k\u00fchler Frische mit der RandM Tornado 7000 Blackcurrant Menthol Einweg-Vape. Dunkle Johannisbeeren treffen auf belebenden Menthol-Kick f\u00fcr ein sophisticated Geschmackserlebnis. 850mAh Akku, 14ml Tank und 7000 Z\u00fcge mit RGB-Beleuchtung garantiert.<\/p>\n<\/div>\n<\/div>\n<div class=\"h-8\"><\/div>\n","protected":false},"featured_media":3879,"comment_status":"open","ping_status":"closed","template":"","meta":{"_acf_changed":false},"product_brand":[],"product_cat":[50],"product_tag":[],"class_list":{"0":"post-3875","1":"product","2":"type-product","3":"status-publish","4":"has-post-thumbnail","6":"product_cat-randm-tornado-7000","8":"first","9":"instock","10":"shipping-taxable","11":"purchasable","12":"product-type-variable"},"acf":[],"_links":{"self":[{"href":"https:\/\/vozolpuff.de\/it\/wp-json\/wp\/v2\/product\/3875","targetHints":{"allow":["GET"]}}],"collection":[{"href":"https:\/\/vozolpuff.de\/it\/wp-json\/wp\/v2\/product"}],"about":[{"href":"https:\/\/vozolpuff.de\/it\/wp-json\/wp\/v2\/types\/product"}],"replies":[{"embeddable":true,"href":"https:\/\/vozolpuff.de\/it\/wp-json\/wp\/v2\/comments?post=3875"}],"wp:featuredmedia":[{"embeddable":true,"href":"https:\/\/vozolpuff.de\/it\/wp-json\/wp\/v2\/media\/3879"}],"wp:attachment":[{"href":"https:\/\/vozolpuff.de\/it\/wp-json\/wp\/v2\/media?parent=3875"}],"wp:term":[{"taxonomy":"product_brand","embeddable":true,"href":"https:\/\/vozolpuff.de\/it\/wp-json\/wp\/v2\/product_brand?post=3875"},{"taxonomy":"product_cat","embeddable":true,"href":"https:\/\/vozolpuff.de\/it\/wp-json\/wp\/v2\/product_cat?post=3875"},{"taxonomy":"product_tag","embeddable":true,"href":"https:\/\/vozolpuff.de\/it\/wp-json\/wp\/v2\/product_tag?post=3875"}],"curies":[{"name":"wp","href":"https:\/\/api.w.org\/{rel}","templated":true}]}}