{"id":3893,"date":"2025-09-10T05:45:47","date_gmt":"2025-09-10T03:45:47","guid":{"rendered":"https:\/\/vozolpuff.de\/?post_type=product&#038;p=3893"},"modified":"2025-09-10T05:45:47","modified_gmt":"2025-09-10T03:45:47","slug":"randm-tornado-7000-peach-blueberry-candy","status":"publish","type":"product","link":"https:\/\/vozolpuff.de\/it\/prodotto\/randm-tornado-7000-peach-blueberry-candy\/","title":{"rendered":"RandM Tornado 7000 Caramelle alla pesca e al mirtillo"},"content":{"rendered":"<h2 class=\"text-xl font-bold text-text-100 mt-1 -mb-0.5\">Sigaretta elettronica usa e getta RandM Tornado 7000 Peach Blueberry Candy<\/h2>\n<p class=\"whitespace-normal break-words\">Godetevi una dolce esplosione di sapori con la variante RandM Tornado 7000 Peach Blueberry Candy. Questa stuzzicante combinazione di pesche succose, mirtilli dolci e note di caramelle classiche crea un'esperienza di svapo nostalgica che ricorda i ricordi d'infanzia. Il sofisticato sistema di svapo monouso garantisce fino a 7000 boccate di dolce piacere, supportato da una potente batteria agli ioni di litio da 850 mAh. Il generoso serbatoio pre-riempimento da 14 ml elimina ogni sforzo di manutenzione. Grazie alla precisa tecnologia di attivazione dell'estrazione, l'esperienza di svapo inizia immediatamente a ogni boccata.<\/p>\n<h3 class=\"text-lg font-bold text-text-100 mt-1 -mb-1.5\">Dettagli del prodotto<\/h3>\n<p class=\"whitespace-normal break-words\"><strong>Capacit\u00e0 della batteria:<\/strong> 850mAh integrato (ricaricabile)<br \/>\n<strong>Potenza in uscita:<\/strong> Funzione affidabile e continua<br \/>\n<strong>Quantit\u00e0 di liquido elettronico:<\/strong> 14ml completamente riempito<br \/>\n<strong>Concentrazioni di nicotina:<\/strong> 0%, 2%, 3% o 5% disponibili<br \/>\n<strong>Prestazioni del soffio:<\/strong> Circa 7.000 treni a vapore<br \/>\n<strong>Tecnologia del flusso d'aria:<\/strong> Circolazione dell'aria regolabile<br \/>\n<strong>Elemento di design:<\/strong> LED RGB integrato che cambia colore<\/p>\n<h3 class=\"text-lg font-bold text-text-100 mt-1 -mb-1.5\">Scopri altri FUMOT VAPE su vozolpuff<\/h3>\n<p class=\"whitespace-normal break-words\">Visitate il nostro <strong><a class=\"underline\" href=\"https:\/\/vozolpuff.de\/it\/\">Portale dello svapo<\/a><\/strong> per altre sigarette elettroniche di qualit\u00e0 superiore, sfogliate il nostro sito completo di <strong><a class=\"underline\" href=\"https:\/\/vozolpuff.de\/it\/product-category\/fumot-vape\/\">Offerta FUMOT VAPE<\/a><\/strong> o provare di pi\u00f9 <strong><a class=\"underline\" href=\"https:\/\/vozolpuff.de\/it\/product-category\/fumot-vape\/randm-tornado-7000\/\">Varianti RandM Tornado 7000<\/a><\/strong> da.<\/p>","protected":false},"excerpt":{"rendered":"<div>\n<div class=\"grid-cols-1 grid gap-2.5 [&amp;_&gt;_*]:min-w-0 !gap-3.5\">\n<p class=\"whitespace-normal break-words\">Schwelgen Sie in s\u00fc\u00dfen Kindheitserinnerungen mit der RandM Tornado 7000 Peach Blueberry Candy Einweg-Vape. Die verlockende Mischung aus saftigen Pfirsichen, s\u00fc\u00dfen Blaubeeren und klassischer Bonbon-Note sorgt f\u00fcr nostalgischen Dampfgenuss. Mit 850mAh Akku, 14ml Tank und 7000 Z\u00fcgen plus RGB-Beleuchtung.<\/p>\n<\/div>\n<\/div>\n<div class=\"h-8\"><\/div>\n","protected":false},"featured_media":3897,"comment_status":"open","ping_status":"closed","template":"","meta":{"_acf_changed":false},"product_brand":[],"product_cat":[50],"product_tag":[],"class_list":{"0":"post-3893","1":"product","2":"type-product","3":"status-publish","4":"has-post-thumbnail","6":"product_cat-randm-tornado-7000","8":"first","9":"instock","10":"shipping-taxable","11":"purchasable","12":"product-type-variable"},"acf":[],"_links":{"self":[{"href":"https:\/\/vozolpuff.de\/it\/wp-json\/wp\/v2\/product\/3893","targetHints":{"allow":["GET"]}}],"collection":[{"href":"https:\/\/vozolpuff.de\/it\/wp-json\/wp\/v2\/product"}],"about":[{"href":"https:\/\/vozolpuff.de\/it\/wp-json\/wp\/v2\/types\/product"}],"replies":[{"embeddable":true,"href":"https:\/\/vozolpuff.de\/it\/wp-json\/wp\/v2\/comments?post=3893"}],"wp:featuredmedia":[{"embeddable":true,"href":"https:\/\/vozolpuff.de\/it\/wp-json\/wp\/v2\/media\/3897"}],"wp:attachment":[{"href":"https:\/\/vozolpuff.de\/it\/wp-json\/wp\/v2\/media?parent=3893"}],"wp:term":[{"taxonomy":"product_brand","embeddable":true,"href":"https:\/\/vozolpuff.de\/it\/wp-json\/wp\/v2\/product_brand?post=3893"},{"taxonomy":"product_cat","embeddable":true,"href":"https:\/\/vozolpuff.de\/it\/wp-json\/wp\/v2\/product_cat?post=3893"},{"taxonomy":"product_tag","embeddable":true,"href":"https:\/\/vozolpuff.de\/it\/wp-json\/wp\/v2\/product_tag?post=3893"}],"curies":[{"name":"wp","href":"https:\/\/api.w.org\/{rel}","templated":true}]}}