{"id":3902,"date":"2025-09-10T05:48:15","date_gmt":"2025-09-10T03:48:15","guid":{"rendered":"https:\/\/vozolpuff.de\/?post_type=product&#038;p=3902"},"modified":"2025-09-10T05:48:16","modified_gmt":"2025-09-10T03:48:16","slug":"randm-tornado-7000-peach-mango","status":"publish","type":"product","link":"https:\/\/vozolpuff.de\/it\/prodotto\/randm-tornado-7000-peach-mango\/","title":{"rendered":"RandM Tornado 7000 Pesca Mango"},"content":{"rendered":"<h2 class=\"text-xl font-bold text-text-100 mt-1 -mb-0.5\">Sigaretta elettronica monouso RandM Tornado 7000 Peach Mango<\/h2>\n<p class=\"whitespace-normal break-words\">Trasportatevi nei climi tropicali con il RandM Tornado 7000 al gusto di pesca e mango. Questa combinazione esotica fonde la dolcezza vellutata delle pesche mature con l'intenso sapore di frutta tropicale del mango per creare un'autentica esperienza estiva. L'innovativo sistema di svapo monouso eroga la straordinaria quantit\u00e0 di 7000 boccate di paradiso tropicale, alimentate da un modulo energetico di lunga durata da 850 mAh. L'ampio serbatoio di liquido da 14 ml garantisce un piacere duraturo senza bisogno di ricaricare. L'attivazione intuitiva dell'inalazione elimina la necessit\u00e0 di controlli complessi, mentre il controllo del flusso d'aria personalizzabile tiene conto delle preferenze individuali.<\/p>\n<h3 class=\"text-lg font-bold text-text-100 mt-1 -mb-1.5\">Specifiche tecniche<\/h3>\n<p class=\"whitespace-normal break-words\"><strong>Unit\u00e0 di potenza:<\/strong> 850mAh installato permanentemente (ricaricabile)<br \/>\n<strong>Prestazioni del vapore:<\/strong> Produzione costante e ottimizzata<br \/>\n<strong>Volume del serbatoio:<\/strong> 14 ml gi\u00e0 riempiti<br \/>\n<strong>Opzioni di nicotina:<\/strong> Sono disponibili 0%, 2%, 3% o 5%.<br \/>\n<strong>Numero di treni:<\/strong> Circa 7.000 inalazioni<br \/>\n<strong>Gestione del flusso d'aria:<\/strong> Portata regolabile<br \/>\n<strong>Caratteristica della luce:<\/strong> Illuminazione RGB colorata<\/p>\n<h3 class=\"text-lg font-bold text-text-100 mt-1 -mb-1.5\">Scopri altri FUMOT VAPE su vozolpuff<\/h3>\n<p class=\"whitespace-normal break-words\">Date un'occhiata al nostro <strong><a class=\"underline\" href=\"https:\/\/vozolpuff.de\/it\/\">Categoria principale Vape<\/a><\/strong> per trovare altri prodotti di prima qualit\u00e0, esplorate l'intero sito web <strong><a class=\"underline\" href=\"https:\/\/vozolpuff.de\/it\/product-category\/fumot-vape\/\">Gamma FUMOT VAPE<\/a><\/strong> o scegliere tra i nostri <strong><a class=\"underline\" href=\"https:\/\/vozolpuff.de\/it\/product-category\/fumot-vape\/randm-tornado-7000\/\">RandM Tornado 7000 Alternative<\/a><\/strong>.<\/p>","protected":false},"excerpt":{"rendered":"<div>\n<div class=\"grid-cols-1 grid gap-2.5 [&amp;_&gt;_*]:min-w-0 !gap-3.5\">\n<p class=\"whitespace-normal break-words\">Erleben Sie tropisches Paradies mit der RandM Tornado 7000 Peach Mango Einweg-Vape. Die harmonische Verschmelzung samtiger Pfirsichs\u00fc\u00dfe mit intensiver Mango-Note kreiert ein authentisches Sommererlebnis. Mit kraftvollem 850mAh Akku, 14ml Liquidkapazit\u00e4t und 7000 Z\u00fcgen f\u00fcr langanhaltenden tropischen Genuss.<\/p>\n<\/div>\n<\/div>\n<div class=\"h-8\"><\/div>\n","protected":false},"featured_media":3906,"comment_status":"open","ping_status":"closed","template":"","meta":{"_acf_changed":false},"product_brand":[],"product_cat":[50],"product_tag":[],"class_list":{"0":"post-3902","1":"product","2":"type-product","3":"status-publish","4":"has-post-thumbnail","6":"product_cat-randm-tornado-7000","8":"first","9":"instock","10":"shipping-taxable","11":"purchasable","12":"product-type-variable"},"acf":[],"_links":{"self":[{"href":"https:\/\/vozolpuff.de\/it\/wp-json\/wp\/v2\/product\/3902","targetHints":{"allow":["GET"]}}],"collection":[{"href":"https:\/\/vozolpuff.de\/it\/wp-json\/wp\/v2\/product"}],"about":[{"href":"https:\/\/vozolpuff.de\/it\/wp-json\/wp\/v2\/types\/product"}],"replies":[{"embeddable":true,"href":"https:\/\/vozolpuff.de\/it\/wp-json\/wp\/v2\/comments?post=3902"}],"wp:featuredmedia":[{"embeddable":true,"href":"https:\/\/vozolpuff.de\/it\/wp-json\/wp\/v2\/media\/3906"}],"wp:attachment":[{"href":"https:\/\/vozolpuff.de\/it\/wp-json\/wp\/v2\/media?parent=3902"}],"wp:term":[{"taxonomy":"product_brand","embeddable":true,"href":"https:\/\/vozolpuff.de\/it\/wp-json\/wp\/v2\/product_brand?post=3902"},{"taxonomy":"product_cat","embeddable":true,"href":"https:\/\/vozolpuff.de\/it\/wp-json\/wp\/v2\/product_cat?post=3902"},{"taxonomy":"product_tag","embeddable":true,"href":"https:\/\/vozolpuff.de\/it\/wp-json\/wp\/v2\/product_tag?post=3902"}],"curies":[{"name":"wp","href":"https:\/\/api.w.org\/{rel}","templated":true}]}}