{"id":3911,"date":"2025-09-10T05:50:43","date_gmt":"2025-09-10T03:50:43","guid":{"rendered":"https:\/\/vozolpuff.de\/?post_type=product&#038;p=3911"},"modified":"2025-09-10T05:50:43","modified_gmt":"2025-09-10T03:50:43","slug":"randm-tornado-7000-strawberry-red-bull","status":"publish","type":"product","link":"https:\/\/vozolpuff.de\/it\/prodotto\/randm-tornado-7000-strawberry-red-bull\/","title":{"rendered":"RandM Tornado 7000 Fragola Red Bull"},"content":{"rendered":"<h2 class=\"text-xl font-bold text-text-100 mt-1 -mb-0.5\">Sigaretta elettronica monouso RandM Tornado 7000 Strawberry Red Bull<\/h2>\n<p class=\"whitespace-normal break-words\">Provate un sapore energico con RandM Tornado 7000 Strawberry Red Bull Edition. Questa fusione creativa combina la dolcezza naturale delle fragole fresche con il caratteristico sapore della bevanda energetica per un'esperienza di svapo rinvigorente. L'avanzato sistema monouso eroga ben 7000 boccate di sapore energizzante, alimentate da una robusta batteria da 850 mAh. L'ampio contenitore di liquido da 14 ml assicura settimane di divertimento ininterrotto. L'attivazione intelligente dell'estrazione risponde istantaneamente all'inalazione, mentre il flusso d'aria modulabile consente di ottenere diversi stili di svapo.<\/p>\n<h3 class=\"text-lg font-bold text-text-100 mt-1 -mb-1.5\">Specifiche del dispositivo<\/h3>\n<p class=\"whitespace-normal break-words\"><strong>Modulo batteria:<\/strong> 850mAh permanente (ricaricabile)<br \/>\n<strong>Potenza di uscita:<\/strong> Distribuzione stabile ed efficiente dell'energia<br \/>\n<strong>Capacit\u00e0 del liquido:<\/strong> 14ml pre-riempito<br \/>\n<strong>Forza della nicotina:<\/strong> 0%, 2%, 3% o 5% selezionabili<br \/>\n<strong>Capacit\u00e0 di vapore:<\/strong> Circa 7.000 treni per unit\u00e0<br \/>\n<strong>Sistema di ventilazione:<\/strong> Permeabilit\u00e0 all'aria regolabile<br \/>\n<strong>Effetto visivo:<\/strong> Display RGB multicolore<\/p>\n<h3 class=\"text-lg font-bold text-text-100 mt-1 -mb-1.5\">Scopri altri FUMOT VAPE su vozolpuff<\/h3>\n<p class=\"whitespace-normal break-words\">Sfogliate il nostro <strong><a class=\"underline\" href=\"https:\/\/vozolpuff.de\/it\/\">Negozio di sigarette elettroniche<\/a><\/strong> per altri prodotti di alta qualit\u00e0, scoprite la gamma completa <strong><a class=\"underline\" href=\"https:\/\/vozolpuff.de\/it\/product-category\/fumot-vape\/\">Mondo FUMOT VAPE<\/a><\/strong> o confrontarsi con altri <strong><a class=\"underline\" href=\"https:\/\/vozolpuff.de\/it\/product-category\/fumot-vape\/randm-tornado-7000\/\">Opzioni RandM Tornado 7000<\/a><\/strong>.<\/p>","protected":false},"excerpt":{"rendered":"<div>\n<div class=\"grid-cols-1 grid gap-2.5 [&amp;_&gt;_*]:min-w-0 !gap-3.5\">\n<p class=\"whitespace-normal break-words\">Tanken Sie Energie mit der RandM Tornado 7000 Strawberry Red Bull Einweg-Vape. Die innovative Fusion aus nat\u00fcrlich s\u00fc\u00dfen Erdbeeren und charakteristischem Energy-Drink-Geschmack sorgt f\u00fcr ein belebendes Dampferlebnis. Mit robustem 850mAh Akku, 14ml Liquidkapazit\u00e4t und 7000 energiegeladenen Z\u00fcgen.<\/p>\n<\/div>\n<\/div>\n<div class=\"h-8\"><\/div>\n","protected":false},"featured_media":3915,"comment_status":"open","ping_status":"closed","template":"","meta":{"_acf_changed":false},"product_brand":[],"product_cat":[50],"product_tag":[],"class_list":{"0":"post-3911","1":"product","2":"type-product","3":"status-publish","4":"has-post-thumbnail","6":"product_cat-randm-tornado-7000","8":"first","9":"instock","10":"shipping-taxable","11":"purchasable","12":"product-type-variable"},"acf":[],"_links":{"self":[{"href":"https:\/\/vozolpuff.de\/it\/wp-json\/wp\/v2\/product\/3911","targetHints":{"allow":["GET"]}}],"collection":[{"href":"https:\/\/vozolpuff.de\/it\/wp-json\/wp\/v2\/product"}],"about":[{"href":"https:\/\/vozolpuff.de\/it\/wp-json\/wp\/v2\/types\/product"}],"replies":[{"embeddable":true,"href":"https:\/\/vozolpuff.de\/it\/wp-json\/wp\/v2\/comments?post=3911"}],"wp:featuredmedia":[{"embeddable":true,"href":"https:\/\/vozolpuff.de\/it\/wp-json\/wp\/v2\/media\/3915"}],"wp:attachment":[{"href":"https:\/\/vozolpuff.de\/it\/wp-json\/wp\/v2\/media?parent=3911"}],"wp:term":[{"taxonomy":"product_brand","embeddable":true,"href":"https:\/\/vozolpuff.de\/it\/wp-json\/wp\/v2\/product_brand?post=3911"},{"taxonomy":"product_cat","embeddable":true,"href":"https:\/\/vozolpuff.de\/it\/wp-json\/wp\/v2\/product_cat?post=3911"},{"taxonomy":"product_tag","embeddable":true,"href":"https:\/\/vozolpuff.de\/it\/wp-json\/wp\/v2\/product_tag?post=3911"}],"curies":[{"name":"wp","href":"https:\/\/api.w.org\/{rel}","templated":true}]}}