{"id":3920,"date":"2025-09-10T05:53:08","date_gmt":"2025-09-10T03:53:08","guid":{"rendered":"https:\/\/vozolpuff.de\/?post_type=product&#038;p=3920"},"modified":"2025-09-10T05:53:08","modified_gmt":"2025-09-10T03:53:08","slug":"randm-tornado-7000-blackcurrant-ice","status":"publish","type":"product","link":"https:\/\/vozolpuff.de\/it\/prodotto\/randm-tornado-7000-blackcurrant-ice\/","title":{"rendered":"RandM Tornado 7000 Ribes nero ghiacciato"},"content":{"rendered":"<h2 class=\"text-xl font-bold text-text-100 mt-1 -mb-0.5\">Sigaretta elettronica usa e getta RandM Tornado 7000 Blackcurrant Ice<\/h2>\n<p class=\"whitespace-normal break-words\">Rinfrescatevi con il gusto rinfrescante RandM Tornado 7000 Blackcurrant Ice. Questa combinazione di sapori ghiacciati combina l'intensit\u00e0 scura del ribes nero con una finitura gelida di mentolo che rende ogni boccata un'esperienza rinfrescante. Il dispositivo usa e getta ad alte prestazioni consente fino a 7000 boccate di aroma cristallino, supportato da un'affidabile batteria da 850 mAh. Il serbatoio di e-juice da 14 ml di grande capacit\u00e0 offre un piacere duraturo senza bisogno di manutenzione. L'attivazione reattiva dell'inalazione inizia immediatamente, mentre l'impostazione del flusso d'aria regolabile consente una personalizzazione.<\/p>\n<h3 class=\"text-lg font-bold text-text-100 mt-1 -mb-1.5\">Specifiche hardware<\/h3>\n<p class=\"whitespace-normal break-words\"><strong>Fornitura di energia:<\/strong> 850mAh integrato (ricaricabile)<br \/>\n<strong>Emissione di vapore:<\/strong> Funzionamento costante e affidabile<br \/>\n<strong>Contenuto di e-liquid:<\/strong> 14ml completamente preparato<br \/>\n<strong>Variazioni della nicotina:<\/strong> 0%, 2%, 3% o 5% disponibili<br \/>\n<strong>Volume di inalazione:<\/strong> Circa 7.000 soffi<br \/>\n<strong>Controllo dell'alimentazione dell'aria:<\/strong> Impostazione del flusso variabile<br \/>\n<strong>Design della luce:<\/strong> Illuminazione a colori RGB integrata<\/p>\n<h3 class=\"text-lg font-bold text-text-100 mt-1 -mb-1.5\">Scopri altri FUMOT VAPE su vozolpuff<\/h3>\n<p class=\"whitespace-normal break-words\">Scoprite altri apparecchi a vapore di alta qualit\u00e0 nel nostro <strong><a class=\"underline\" href=\"https:\/\/vozolpuff.de\/it\/\">Catalogo online<\/a><\/strong>immergersi in profondit\u00e0 nel <strong><a class=\"underline\" href=\"https:\/\/vozolpuff.de\/it\/product-category\/fumot-vape\/\">Famiglia di prodotti FUMOT VAPE<\/a><\/strong> o trovare il vostro gusto perfetto nel <strong><a class=\"underline\" href=\"https:\/\/vozolpuff.de\/it\/product-category\/fumot-vape\/randm-tornado-7000\/\">RandM Tornado serie 7000<\/a><\/strong>.<\/p>","protected":false},"excerpt":{"rendered":"<div>\n<div class=\"grid-cols-1 grid gap-2.5 [&amp;_&gt;_*]:min-w-0 !gap-3.5\">\n<p class=\"whitespace-normal break-words\">Erfrischen Sie sich mit der RandM Tornado 7000 Blackcurrant Ice Einweg-Vape. Die intensive Kombination aus dunklen Johannisbeeren und eisigem Menthol-Finish sorgt f\u00fcr kristallklaren Geschmack und frostiges Dampferlebnis. Mit zuverl\u00e4ssigem 850mAh Akku, 14ml Tank und 7000 erfrischenden Z\u00fcgen inklusive RGB-Design.<\/p>\n<\/div>\n<\/div>\n<div class=\"h-8\"><\/div>\n","protected":false},"featured_media":3924,"comment_status":"open","ping_status":"closed","template":"","meta":{"_acf_changed":false},"product_brand":[],"product_cat":[50],"product_tag":[],"class_list":{"0":"post-3920","1":"product","2":"type-product","3":"status-publish","4":"has-post-thumbnail","6":"product_cat-randm-tornado-7000","8":"first","9":"instock","10":"shipping-taxable","11":"purchasable","12":"product-type-variable"},"acf":[],"_links":{"self":[{"href":"https:\/\/vozolpuff.de\/it\/wp-json\/wp\/v2\/product\/3920","targetHints":{"allow":["GET"]}}],"collection":[{"href":"https:\/\/vozolpuff.de\/it\/wp-json\/wp\/v2\/product"}],"about":[{"href":"https:\/\/vozolpuff.de\/it\/wp-json\/wp\/v2\/types\/product"}],"replies":[{"embeddable":true,"href":"https:\/\/vozolpuff.de\/it\/wp-json\/wp\/v2\/comments?post=3920"}],"wp:featuredmedia":[{"embeddable":true,"href":"https:\/\/vozolpuff.de\/it\/wp-json\/wp\/v2\/media\/3924"}],"wp:attachment":[{"href":"https:\/\/vozolpuff.de\/it\/wp-json\/wp\/v2\/media?parent=3920"}],"wp:term":[{"taxonomy":"product_brand","embeddable":true,"href":"https:\/\/vozolpuff.de\/it\/wp-json\/wp\/v2\/product_brand?post=3920"},{"taxonomy":"product_cat","embeddable":true,"href":"https:\/\/vozolpuff.de\/it\/wp-json\/wp\/v2\/product_cat?post=3920"},{"taxonomy":"product_tag","embeddable":true,"href":"https:\/\/vozolpuff.de\/it\/wp-json\/wp\/v2\/product_tag?post=3920"}],"curies":[{"name":"wp","href":"https:\/\/api.w.org\/{rel}","templated":true}]}}