{"id":3938,"date":"2025-09-10T05:58:14","date_gmt":"2025-09-10T03:58:14","guid":{"rendered":"https:\/\/vozolpuff.de\/?post_type=product&#038;p=3938"},"modified":"2025-09-10T05:58:14","modified_gmt":"2025-09-10T03:58:14","slug":"randm-tornado-7000-cherry","status":"publish","type":"product","link":"https:\/\/vozolpuff.de\/it\/prodotto\/randm-tornado-7000-cherry\/","title":{"rendered":"RandM Tornado 7000 Ciliegia"},"content":{"rendered":"<h2 class=\"text-xl font-bold text-text-100 mt-1 -mb-0.5\">RandM Tornado 7000 Cherry Sigaretta elettronica usa e getta<\/h2>\n<p class=\"whitespace-normal break-words\">Lasciati conquistare dalla dolcezza classica del gusto RandM Tornado 7000 Cherry. Questa intramontabile variante fruttata cattura la pura essenza delle ciliegie mature e offre un gusto autentico, dolce e acidulo, che non passa mai di moda. L'avanzato sistema usa e getta consente fino a 7000 boccate di piacere fruttato, supportate da una potente batteria da 850 mAh. Il generoso serbatoio pre-riempito da 14 ml elimina la necessit\u00e0 di ricaricare e garantisce settimane di soddisfazione. L'attivazione intelligente dell'inalazione funziona immediatamente ad ogni tiro, mentre la regolazione modulare del flusso d'aria consente una vasta gamma di stili di vapore.<\/p>\n<h3 class=\"text-lg font-bold text-text-100 mt-1 -mb-1.5\">Attrezzatura tecnica<\/h3>\n<p class=\"whitespace-normal break-words\"><strong>Unit\u00e0 batteria:<\/strong> 850 mAh integrato in modo permanente (ricaricabile)<br \/>\n<strong>Potenza erogata:<\/strong> Produzione di vapore costante ed efficace<br \/>\n<strong>Serbatoio per e-juice:<\/strong> 14 ml completamente preriempito<br \/>\n<strong>Opzioni relative al contenuto di nicotina:<\/strong> 0%, 2%, 3% o 5% selezionabili<br \/>\n<strong>Volume di trazione:<\/strong> Circa 7.000 inalazioni per dispositivo<br \/>\n<strong>Controllo della ventilazione:<\/strong> Portata d'aria regolabile<br \/>\n<strong>Caratteristiche di design:<\/strong> Spettacolo di luci RGB colorate<\/p>\n<h3 class=\"text-lg font-bold text-text-100 mt-1 -mb-1.5\">Scopri altri FUMOT VAPE su vozolpuff<\/h3>\n<p class=\"whitespace-normal break-words\">Visitate il nostro <strong><a class=\"underline\" href=\"https:\/\/vozolpuff.de\/it\/\">Centro di svapo<\/a><\/strong> Per una selezione pi\u00f9 ampia di prodotti premium, esplora la versatile <strong><a class=\"underline\" href=\"https:\/\/vozolpuff.de\/it\/product-category\/fumot-vape\/\">Marchio FUMOT VAPE<\/a><\/strong> oppure scegliete tra le nostre altre offerte <strong><a class=\"underline\" href=\"https:\/\/vozolpuff.de\/it\/product-category\/fumot-vape\/randm-tornado-7000\/\">RandM Tornado 7000 Creazioni<\/a><\/strong>.<\/p>","protected":false},"excerpt":{"rendered":"<div>\n<div class=\"grid-cols-1 grid gap-2.5 [&amp;_&gt;_*]:min-w-0 !gap-3.5\">\n<p class=\"whitespace-normal break-words\">Genie\u00dfen Sie klassische S\u00fc\u00dfe mit der RandM Tornado 7000 Cherry Einweg-Vape. Der authentische s\u00fc\u00df-s\u00e4uerliche Kirschgeschmack vollreifer Fr\u00fcchte bietet zeitloses Dampfvergn\u00fcgen. Mit kraftvollem 850mAh Akku, gro\u00dfz\u00fcgigem 14ml Liquidtank und 7000 fruchtigen Z\u00fcgen f\u00fcr langanhaltenden Genuss mit RGB-Beleuchtung.<\/p>\n<\/div>\n<\/div>\n<div class=\"h-8\"><\/div>\n","protected":false},"featured_media":3942,"comment_status":"open","ping_status":"closed","template":"","meta":{"_acf_changed":false},"product_brand":[],"product_cat":[50],"product_tag":[],"class_list":{"0":"post-3938","1":"product","2":"type-product","3":"status-publish","4":"has-post-thumbnail","6":"product_cat-randm-tornado-7000","8":"first","9":"instock","10":"shipping-taxable","11":"purchasable","12":"product-type-variable"},"acf":[],"_links":{"self":[{"href":"https:\/\/vozolpuff.de\/it\/wp-json\/wp\/v2\/product\/3938","targetHints":{"allow":["GET"]}}],"collection":[{"href":"https:\/\/vozolpuff.de\/it\/wp-json\/wp\/v2\/product"}],"about":[{"href":"https:\/\/vozolpuff.de\/it\/wp-json\/wp\/v2\/types\/product"}],"replies":[{"embeddable":true,"href":"https:\/\/vozolpuff.de\/it\/wp-json\/wp\/v2\/comments?post=3938"}],"wp:featuredmedia":[{"embeddable":true,"href":"https:\/\/vozolpuff.de\/it\/wp-json\/wp\/v2\/media\/3942"}],"wp:attachment":[{"href":"https:\/\/vozolpuff.de\/it\/wp-json\/wp\/v2\/media?parent=3938"}],"wp:term":[{"taxonomy":"product_brand","embeddable":true,"href":"https:\/\/vozolpuff.de\/it\/wp-json\/wp\/v2\/product_brand?post=3938"},{"taxonomy":"product_cat","embeddable":true,"href":"https:\/\/vozolpuff.de\/it\/wp-json\/wp\/v2\/product_cat?post=3938"},{"taxonomy":"product_tag","embeddable":true,"href":"https:\/\/vozolpuff.de\/it\/wp-json\/wp\/v2\/product_tag?post=3938"}],"curies":[{"name":"wp","href":"https:\/\/api.w.org\/{rel}","templated":true}]}}