{"id":3965,"date":"2025-09-10T06:06:00","date_gmt":"2025-09-10T04:06:00","guid":{"rendered":"https:\/\/vozolpuff.de\/?post_type=product&#038;p=3965"},"modified":"2025-09-10T06:06:00","modified_gmt":"2025-09-10T04:06:00","slug":"randm-tornado-7000-blueberry-raspberry","status":"publish","type":"product","link":"https:\/\/vozolpuff.de\/it\/prodotto\/randm-tornado-7000-blueberry-raspberry\/","title":{"rendered":"RandM Tornado 7000 Mirtillo Lampone"},"content":{"rendered":"<h2 class=\"text-xl font-bold text-text-100 mt-1 -mb-0.5\">Sigaretta elettronica monouso RandM Tornado 7000 Blueberry Raspberry<\/h2>\n<p class=\"whitespace-normal break-words\">Immergetevi in una perfetta sinfonia di frutti di bosco con il gusto RandM Tornado 7000 Blueberry Raspberry. Questa armoniosa composizione di frutta combina la dolcezza delicata dei mirtilli con la vivace acidit\u00e0 dei lamponi per creare un profilo aromatico equilibrato e rinfrescante. Il sistema di svapo monouso premium garantisce fino a 7000 boccate di questo delizioso doppio frutto di bosco, supportato da un potente modulo energetico da 850 mAh. Il generoso contenitore del liquido da 14 ml elimina la necessit\u00e0 di ricariche e garantisce un piacere duraturo della frutta. La tecnologia di attivazione dell'estrazione istantanea si attiva a ogni inalazione, mentre il flusso d'aria adattabile supporta stili di svapo individuali.<\/p>\n<h3 class=\"text-lg font-bold text-text-100 mt-1 -mb-1.5\">Caratteristiche dell'allestimento<\/h3>\n<p class=\"whitespace-normal break-words\"><strong>Capacit\u00e0 della batteria:<\/strong> 850mAh installato permanentemente (ricaricabile)<br \/>\n<strong>Potenza in uscita:<\/strong> Distribuzione stabile ed efficiente dell'energia<br \/>\n<strong>Quantit\u00e0 di liquido elettronico:<\/strong> 14ml completamente riempito<br \/>\n<strong>Concentrazioni di nicotina:<\/strong> 0%, 2%, 3% o 5% disponibili<br \/>\n<strong>Numero di inalazioni:<\/strong> Circa 7.000 treni a vapore per unit\u00e0<br \/>\n<strong>Gestione del flusso d'aria:<\/strong> Permeabilit\u00e0 all'aria regolabile<br \/>\n<strong>Effetto visivo:<\/strong> Effetti luminosi RGB colorati<\/p>\n<h3 class=\"text-lg font-bold text-text-100 mt-1 -mb-1.5\">Scopri altri FUMOT VAPE su vozolpuff<\/h3>\n<p class=\"whitespace-normal break-words\">Date un'occhiata al nostro <strong><a class=\"underline\" href=\"https:\/\/vozolpuff.de\/it\/\">Negozio di vape premium<\/a><\/strong> per altri prodotti di punta, esplorate la gamma completa di <strong><a class=\"underline\" href=\"https:\/\/vozolpuff.de\/it\/product-category\/fumot-vape\/\">FUMOT VAPE Universo<\/a><\/strong> o provare l'altro allettante <strong><a class=\"underline\" href=\"https:\/\/vozolpuff.de\/it\/product-category\/fumot-vape\/randm-tornado-7000\/\">Profili aromatici RandM Tornado 7000<\/a><\/strong> da.<\/p>","protected":false},"excerpt":{"rendered":"<div>\n<div class=\"grid-cols-1 grid gap-2.5 [&amp;_&gt;_*]:min-w-0 !gap-3.5\">\n<p class=\"whitespace-normal break-words\">Genie\u00dfen Sie die perfekte Beeren-Symphonie mit der RandM Tornado 7000 Blueberry Raspberry Einweg-Vape. Die harmonische Komposition aus mild s\u00fc\u00dfen Blaubeeren und lebendiger Himbeers\u00e4ure kreiert ein ausgewogenes Geschmacksprofil. Mit 850mAh Akku, 14ml Tank und 7000 k\u00f6stlichen Z\u00fcgen plus RGB-Beleuchtung.<\/p>\n<\/div>\n<\/div>\n<div class=\"h-8\"><\/div>\n","protected":false},"featured_media":3969,"comment_status":"open","ping_status":"closed","template":"","meta":{"_acf_changed":false},"product_brand":[],"product_cat":[50],"product_tag":[],"class_list":{"0":"post-3965","1":"product","2":"type-product","3":"status-publish","4":"has-post-thumbnail","6":"product_cat-randm-tornado-7000","8":"first","9":"instock","10":"shipping-taxable","11":"purchasable","12":"product-type-variable"},"acf":[],"_links":{"self":[{"href":"https:\/\/vozolpuff.de\/it\/wp-json\/wp\/v2\/product\/3965","targetHints":{"allow":["GET"]}}],"collection":[{"href":"https:\/\/vozolpuff.de\/it\/wp-json\/wp\/v2\/product"}],"about":[{"href":"https:\/\/vozolpuff.de\/it\/wp-json\/wp\/v2\/types\/product"}],"replies":[{"embeddable":true,"href":"https:\/\/vozolpuff.de\/it\/wp-json\/wp\/v2\/comments?post=3965"}],"wp:featuredmedia":[{"embeddable":true,"href":"https:\/\/vozolpuff.de\/it\/wp-json\/wp\/v2\/media\/3969"}],"wp:attachment":[{"href":"https:\/\/vozolpuff.de\/it\/wp-json\/wp\/v2\/media?parent=3965"}],"wp:term":[{"taxonomy":"product_brand","embeddable":true,"href":"https:\/\/vozolpuff.de\/it\/wp-json\/wp\/v2\/product_brand?post=3965"},{"taxonomy":"product_cat","embeddable":true,"href":"https:\/\/vozolpuff.de\/it\/wp-json\/wp\/v2\/product_cat?post=3965"},{"taxonomy":"product_tag","embeddable":true,"href":"https:\/\/vozolpuff.de\/it\/wp-json\/wp\/v2\/product_tag?post=3965"}],"curies":[{"name":"wp","href":"https:\/\/api.w.org\/{rel}","templated":true}]}}