{"id":4243,"date":"2025-09-12T04:08:00","date_gmt":"2025-09-12T02:08:00","guid":{"rendered":"https:\/\/vozolpuff.de\/?post_type=product&#038;p=4243"},"modified":"2025-09-29T12:52:47","modified_gmt":"2025-09-29T10:52:47","slug":"waspe-aiviou-60000-watermelon-ice-strawberry-kiwi-lemon-lime","status":"publish","type":"product","link":"https:\/\/vozolpuff.de\/it\/prodotto\/waspe-aiviou-60000-watermelon-ice-strawberry-kiwi-lemon-lime\/","title":{"rendered":"WASPE AIVIOU 60000 Ghiaccio all'anguria\/Strawberry Kiwi\/Lemon Lime"},"content":{"rendered":"<h2 class=\"text-xl font-bold text-text-100 mt-1 -mb-0.5\">WASPE AIVIOU 60000 Anguria ghiacciata\/Fragola Kiwi\/Limone Lime Vape usa e getta<\/h2>\n<p class=\"whitespace-normal break-words\">Il WASPE AIVIOU 60000 con la combinazione di gusti Watermelon Ice, Strawberry Kiwi e Lemon Lime offre tre esperienze aromatiche uniche in un dispositivo innovativo. Con una capacit\u00e0 impressionante di 60.000 tiri, tre modalit\u00e0 di gusto commutabili e livelli di nicotina personalizzabili da 0% a 5%, questa sigaretta usa e getta premium unisce versatilit\u00e0 e prestazioni di prima classe. Il generoso serbatoio di e-liquid da 54 ml e l'intelligente display a LED garantiscono un piacere di svapo senza interruzioni.<\/p>\n<h3 class=\"text-lg font-bold text-text-100 mt-1 -mb-1.5\">Tripla variet\u00e0 di gusto<\/h3>\n<p class=\"whitespace-normal break-words\">Questa rivoluzionaria sigaretta elettronica usa e getta consente di passare liberamente tra tre aromi distinti: rinfrescante anguria con effetto rinfrescante, fusione tropicale di fragola e kiwi e vivace freschezza di agrumi e lime. Ogni gusto \u00e8 valorizzato in modo ottimale da bobine mesh separate da 0,9 \u03a9 e offre un'esperienza di svapo personalizzata.<\/p>\n<p class=\"whitespace-normal break-words\">La potente batteria da 650 mAh con funzione di ricarica rapida Type-C garantisce prestazioni affidabili per tutti e tre i gusti. Il display intelligente fornisce informazioni continue sulla durata della batteria e sul livello di riempimento di ciascun serbatoio aromatico.<\/p>\n<h3 class=\"text-lg font-bold text-text-100 mt-1 -mb-1.5\">Scopri di pi\u00f9 WASPE VAPE su vozolpuff<\/h3>\n<p class=\"whitespace-normal break-words\">Scoprite altri prodotti per il vapore di prima classe nel nostro <strong><a class=\"underline\" href=\"https:\/\/vozolpuff.de\/it\/\">Negozio online di sigarette elettroniche<\/a><\/strong>, esplorate il sito completo <strong><a class=\"underline\" href=\"https:\/\/vozolpuff.de\/it\/product-category\/waspe-vape\/\">Collezione WASPE VAPE<\/a><\/strong> o scegliere tra l'intera gamma <strong><a class=\"underline\" href=\"https:\/\/vozolpuff.de\/it\/product-category\/waspe-vape\/waspe-aiviou-60000\/\">WASPE AIVIOU 60000 Gamma di gusti<\/a><\/strong>.<\/p>","protected":false},"excerpt":{"rendered":"<div>\n<div class=\"grid-cols-1 grid gap-2.5 [&amp;_&gt;_*]:min-w-0 !gap-3.5\">\n<p class=\"whitespace-normal break-words\">Die WASPE AIVIOU 60000 Watermelon Ice\/Strawberry Kiwi\/Lemon Lime Einweg-Vape vereint drei Premium-Aromen in einem Ger\u00e4t. 60.000 Z\u00fcge Kapazit\u00e4t, umschaltbare Modi, 54ml E-Liquid-Tank, 0-5% Nikotin und 650mAh Akku mit Type-C Ladefunktion f\u00fcr ultimativen Dampfgenuss.<\/p>\n<\/div>\n<\/div>\n<div class=\"h-8\"><\/div>\n","protected":false},"featured_media":4246,"comment_status":"open","ping_status":"closed","template":"","meta":{"_acf_changed":false},"product_brand":[],"product_cat":[53],"product_tag":[],"class_list":{"0":"post-4243","1":"product","2":"type-product","3":"status-publish","4":"has-post-thumbnail","6":"product_cat-waspe-aiviou-60000","8":"first","9":"instock","10":"shipping-taxable","11":"purchasable","12":"product-type-variable"},"acf":[],"_links":{"self":[{"href":"https:\/\/vozolpuff.de\/it\/wp-json\/wp\/v2\/product\/4243","targetHints":{"allow":["GET"]}}],"collection":[{"href":"https:\/\/vozolpuff.de\/it\/wp-json\/wp\/v2\/product"}],"about":[{"href":"https:\/\/vozolpuff.de\/it\/wp-json\/wp\/v2\/types\/product"}],"replies":[{"embeddable":true,"href":"https:\/\/vozolpuff.de\/it\/wp-json\/wp\/v2\/comments?post=4243"}],"wp:featuredmedia":[{"embeddable":true,"href":"https:\/\/vozolpuff.de\/it\/wp-json\/wp\/v2\/media\/4246"}],"wp:attachment":[{"href":"https:\/\/vozolpuff.de\/it\/wp-json\/wp\/v2\/media?parent=4243"}],"wp:term":[{"taxonomy":"product_brand","embeddable":true,"href":"https:\/\/vozolpuff.de\/it\/wp-json\/wp\/v2\/product_brand?post=4243"},{"taxonomy":"product_cat","embeddable":true,"href":"https:\/\/vozolpuff.de\/it\/wp-json\/wp\/v2\/product_cat?post=4243"},{"taxonomy":"product_tag","embeddable":true,"href":"https:\/\/vozolpuff.de\/it\/wp-json\/wp\/v2\/product_tag?post=4243"}],"curies":[{"name":"wp","href":"https:\/\/api.w.org\/{rel}","templated":true}]}}