{"id":4260,"date":"2025-09-12T04:16:16","date_gmt":"2025-09-12T02:16:16","guid":{"rendered":"https:\/\/vozolpuff.de\/?post_type=product&#038;p=4260"},"modified":"2025-09-29T12:52:25","modified_gmt":"2025-09-29T10:52:25","slug":"waspe-aiviou-60000-blueberry-ice-black-dragon-ice-fizzy-cherry-ice","status":"publish","type":"product","link":"https:\/\/vozolpuff.de\/it\/prodotto\/waspe-aiviou-60000-blueberry-ice-black-dragon-ice-fizzy-cherry-ice\/","title":{"rendered":"WASPE AIVIOU 60000 Ghiaccio al mirtillo\/Ghiaccio al drago nero\/Ghiaccio alla ciliegia frizzante"},"content":{"rendered":"<h2 class=\"text-xl font-bold text-text-100 mt-1 -mb-0.5\">WASPE AIVIOU 60000 Blueberry Ice\/Black Dragon Ice\/Fizzy Cherry Ice vape usa e getta<\/h2>\n<p class=\"whitespace-normal break-words\">La sigaretta WASPE AIVIOU 60000 con Blueberry Ice, Black Dragon Ice e Fizzy Cherry Ice combina tre gusti freschi per una rinfrescata definitiva. Con una capacit\u00e0 di 60.000 boccate e tre modalit\u00e0 di aromi commutabili, questa innovativa sigaretta usa e getta offre la massima flessibilit\u00e0 con concentrazioni di nicotina da 0% a 5%. L'ampio contenitore di e-liquid da 54 ml e l'intelligente display digitale garantiscono un piacere di svapo di lunga durata.<\/p>\n<h3 class=\"text-lg font-bold text-text-100 mt-1 -mb-1.5\">Una fresca esplosione di sapori<\/h3>\n<p class=\"whitespace-normal break-words\">Questa sigaretta elettronica monouso di qualit\u00e0 superiore utilizza una tecnologia all'avanguardia a tripla maglia per uno sviluppo ottimale dei sapori rinfrescanti: mirtilli dolci con effetto rinfrescante, misterioso Black Dragon con freschezza intensa e ciliegia spumeggiante con un finale pizzicante. Ogni aroma \u00e8 temperato con precisione da bobine separate da 0,9\u03a9.<\/p>\n<p class=\"whitespace-normal break-words\">La robusta batteria da 650 mAh con funzione di ricarica rapida Type-C garantisce prestazioni affidabili di tutte e tre le varianti di raffreddamento. Il sistema di monitoraggio a LED fornisce informazioni in tempo reale sulla durata della batteria e sul livello del liquido di ciascun serbatoio di aromi.<\/p>\n<h3 class=\"text-lg font-bold text-text-100 mt-1 -mb-1.5\">Scopri di pi\u00f9 WASPE VAPE su vozolpuff<\/h3>\n<p class=\"whitespace-normal break-words\">Esplora altri prodotti premium per il vapore nel nostro <strong><a class=\"underline\" href=\"https:\/\/vozolpuff.de\/it\/\">Negozio online di vape usa e getta<\/a><\/strong>, scoprite l'elenco completo <strong><a class=\"underline\" href=\"https:\/\/vozolpuff.de\/it\/product-category\/waspe-vape\/\">Selezione WASPE VAPE<\/a><\/strong> o sfogliare tutti i <strong><a class=\"underline\" href=\"https:\/\/vozolpuff.de\/it\/product-category\/waspe-vape\/waspe-aiviou-60000\/\">WASPE AIVIOU 60000 opzioni di gusto<\/a><\/strong>.<\/p>","protected":false},"excerpt":{"rendered":"<div>\n<div class=\"grid-cols-1 grid gap-2.5 [&amp;_&gt;_*]:min-w-0 !gap-3.5\">\n<p class=\"whitespace-normal break-words\">Die WASPE AIVIOU 60000 Blueberry Ice\/Black Dragon Ice\/Fizzy Cherry Ice Einweg-Vape vereint drei k\u00fchle Geschmackserlebnisse in einem Ger\u00e4t. 60.000 Z\u00fcge, Dreifach-Mesh-Technologie, 54ml Tank, 0-5% Nikotin und 650mAh Akku f\u00fcr ultimative Erfrischung.<\/p>\n<\/div>\n<\/div>\n<div class=\"h-8\"><\/div>\n","protected":false},"featured_media":4262,"comment_status":"open","ping_status":"closed","template":"","meta":{"_acf_changed":false},"product_brand":[],"product_cat":[53],"product_tag":[],"class_list":{"0":"post-4260","1":"product","2":"type-product","3":"status-publish","4":"has-post-thumbnail","6":"product_cat-waspe-aiviou-60000","8":"first","9":"instock","10":"shipping-taxable","11":"purchasable","12":"product-type-variable"},"acf":[],"_links":{"self":[{"href":"https:\/\/vozolpuff.de\/it\/wp-json\/wp\/v2\/product\/4260","targetHints":{"allow":["GET"]}}],"collection":[{"href":"https:\/\/vozolpuff.de\/it\/wp-json\/wp\/v2\/product"}],"about":[{"href":"https:\/\/vozolpuff.de\/it\/wp-json\/wp\/v2\/types\/product"}],"replies":[{"embeddable":true,"href":"https:\/\/vozolpuff.de\/it\/wp-json\/wp\/v2\/comments?post=4260"}],"wp:featuredmedia":[{"embeddable":true,"href":"https:\/\/vozolpuff.de\/it\/wp-json\/wp\/v2\/media\/4262"}],"wp:attachment":[{"href":"https:\/\/vozolpuff.de\/it\/wp-json\/wp\/v2\/media?parent=4260"}],"wp:term":[{"taxonomy":"product_brand","embeddable":true,"href":"https:\/\/vozolpuff.de\/it\/wp-json\/wp\/v2\/product_brand?post=4260"},{"taxonomy":"product_cat","embeddable":true,"href":"https:\/\/vozolpuff.de\/it\/wp-json\/wp\/v2\/product_cat?post=4260"},{"taxonomy":"product_tag","embeddable":true,"href":"https:\/\/vozolpuff.de\/it\/wp-json\/wp\/v2\/product_tag?post=4260"}],"curies":[{"name":"wp","href":"https:\/\/api.w.org\/{rel}","templated":true}]}}