{"id":4276,"date":"2025-09-12T04:22:10","date_gmt":"2025-09-12T02:22:10","guid":{"rendered":"https:\/\/vozolpuff.de\/?post_type=product&#038;p=4276"},"modified":"2025-09-29T12:52:02","modified_gmt":"2025-09-29T10:52:02","slug":"waspe-aiviou-60000-peach-ice-pineapple-mango-peach-cranberry-lemon","status":"publish","type":"product","link":"https:\/\/vozolpuff.de\/it\/prodotto\/waspe-aiviou-60000-peach-ice-pineapple-mango-peach-cranberry-lemon\/","title":{"rendered":"WASPE AIVIOU 60000 Ghiaccio alla pesca\/Ananas Mango Pesca\/Mirtillo Limone"},"content":{"rendered":"<h2 class=\"text-xl font-bold text-text-100 mt-1 -mb-0.5\">WASPE AIVIOU 60000 Pesca Ghiaccio\/Ananas Mango Pesca\/Mirtillo Limone Vape Usa e Getta<\/h2>\n<p class=\"whitespace-normal break-words\">WASPE AIVIOU 60000 con Peach Ice, Pineapple Mango Peach e Cranberry Lemon combina tre composizioni di frutta esotica per il piacere del vaping tropicale. Con un'impressionante capacit\u00e0 di 60.000 puff, tre modalit\u00e0 di aroma flessibili e livelli di nicotina regolabili da 0% a 5%, questa sigaretta monouso di qualit\u00e0 superiore stabilisce nuovi standard. Il generoso serbatoio di e-liquid da 54 ml e l'intelligente display di stato garantiscono un'esperienza di svapo ininterrotta.<\/p>\n<h3 class=\"text-lg font-bold text-text-100 mt-1 -mb-1.5\">Viaggio nel gusto tropicale<\/h3>\n<p class=\"whitespace-normal break-words\">Questa innovativa sigaretta elettronica usa e getta consente di passare senza problemi da un mondo tropicale all'altro: pesche succose con un effetto rinfrescante, una tripla fusione esotica di ananas, mango e pesca e la combinazione fresca e piccante di mirtillo rosso e limone. Ogni sapore \u00e8 riprodotto in modo autentico grazie alla tecnologia specializzata delle maglie da 0,9\u03a9.<\/p>\n<p class=\"whitespace-normal break-words\">La potente batteria da 650 mAh con funzione di ricarica rapida Type-C garantisce prestazioni costanti per tutti i gusti tropicali. Il display digitale monitora costantemente la durata della batteria e il livello di riempimento dei tre serbatoi di aromi.<\/p>\n<h3 class=\"text-lg font-bold text-text-100 mt-1 -mb-1.5\">Scopri di pi\u00f9 WASPE VAPE su vozolpuff<\/h3>\n<p class=\"whitespace-normal break-words\">Visitate il nostro <strong><a class=\"underline\" href=\"https:\/\/vozolpuff.de\/it\/\">Rivenditore di vape<\/a><\/strong> per altri prodotti di alta qualit\u00e0, esplorate il nostro <strong><a class=\"underline\" href=\"https:\/\/vozolpuff.de\/it\/product-category\/waspe-vape\/\">Linea di prodotti WASPE VAPE<\/a><\/strong> o scoprire tutti <strong><a class=\"underline\" href=\"https:\/\/vozolpuff.de\/it\/product-category\/waspe-vape\/waspe-aiviou-60000\/\">WASPE AIVIOU 60000 combinazioni di sapori<\/a><\/strong>.<\/p>","protected":false},"excerpt":{"rendered":"<div>\n<div class=\"grid-cols-1 grid gap-2.5 [&amp;_&gt;_*]:min-w-0 !gap-3.5\">\n<p class=\"whitespace-normal break-words\">Die WASPE AIVIOU 60000 Peach Ice\/Pineapple Mango Peach\/Cranberry Lemon Einweg-Vape kombiniert drei exotische Fruchtkompositionen. 60.000 Z\u00fcge, Mesh-Technologie, 54ml Tank, 0-5% Nikotin und 650mAh Akku f\u00fcr tropisches Dampfvergn\u00fcgen.<\/p>\n<\/div>\n<\/div>\n<div class=\"h-8\"><\/div>\n","protected":false},"featured_media":4278,"comment_status":"open","ping_status":"closed","template":"","meta":{"_acf_changed":false},"product_brand":[],"product_cat":[53],"product_tag":[],"class_list":{"0":"post-4276","1":"product","2":"type-product","3":"status-publish","4":"has-post-thumbnail","6":"product_cat-waspe-aiviou-60000","8":"first","9":"instock","10":"shipping-taxable","11":"purchasable","12":"product-type-variable"},"acf":[],"_links":{"self":[{"href":"https:\/\/vozolpuff.de\/it\/wp-json\/wp\/v2\/product\/4276","targetHints":{"allow":["GET"]}}],"collection":[{"href":"https:\/\/vozolpuff.de\/it\/wp-json\/wp\/v2\/product"}],"about":[{"href":"https:\/\/vozolpuff.de\/it\/wp-json\/wp\/v2\/types\/product"}],"replies":[{"embeddable":true,"href":"https:\/\/vozolpuff.de\/it\/wp-json\/wp\/v2\/comments?post=4276"}],"wp:featuredmedia":[{"embeddable":true,"href":"https:\/\/vozolpuff.de\/it\/wp-json\/wp\/v2\/media\/4278"}],"wp:attachment":[{"href":"https:\/\/vozolpuff.de\/it\/wp-json\/wp\/v2\/media?parent=4276"}],"wp:term":[{"taxonomy":"product_brand","embeddable":true,"href":"https:\/\/vozolpuff.de\/it\/wp-json\/wp\/v2\/product_brand?post=4276"},{"taxonomy":"product_cat","embeddable":true,"href":"https:\/\/vozolpuff.de\/it\/wp-json\/wp\/v2\/product_cat?post=4276"},{"taxonomy":"product_tag","embeddable":true,"href":"https:\/\/vozolpuff.de\/it\/wp-json\/wp\/v2\/product_tag?post=4276"}],"curies":[{"name":"wp","href":"https:\/\/api.w.org\/{rel}","templated":true}]}}