{"id":4292,"date":"2025-09-12T04:28:01","date_gmt":"2025-09-12T02:28:01","guid":{"rendered":"https:\/\/vozolpuff.de\/?post_type=product&#038;p=4292"},"modified":"2025-09-29T12:51:41","modified_gmt":"2025-09-29T10:51:41","slug":"waspe-aiviou-60000-mixed-berries-gummy-bear-mixed-fruit","status":"publish","type":"product","link":"https:\/\/vozolpuff.de\/it\/prodotto\/waspe-aiviou-60000-mixed-berries-gummy-bear-mixed-fruit\/","title":{"rendered":"WASPE AIVIOU 60000 Bacche miste\/Orso gommoso\/Frutta mista"},"content":{"rendered":"<h2 class=\"text-xl font-bold text-text-100 mt-1 -mb-0.5\">WASPE AIVIOU 60000 Frutti misti\/Orsetti gommosi\/Frutta mista Vape usa e getta<\/h2>\n<p class=\"whitespace-normal break-words\">WASPE AIVIOU 60000 con Mixed Berries, Gummy Bear e Mixed Fruit offre tre diversi mondi di gusto in un dispositivo innovativo. Con una capacit\u00e0 di 60.000 tiri e tre modalit\u00e0 aromatiche commutabili, questa sigaretta usa e getta premium combina variet\u00e0 e prestazioni eccellenti con concentrazioni di nicotina da 0% a 5%. Il generoso serbatoio di e-liquid da 54 ml e il display digitale intelligente garantiscono un piacere di svapo continuo.<\/p>\n<h3 class=\"text-lg font-bold text-text-100 mt-1 -mb-1.5\">Dolce variet\u00e0 di sapori<\/h3>\n<p class=\"whitespace-normal break-words\">Questa sigaretta elettronica usa e getta all'avanguardia consente di passare liberamente tra tre deliziosi profili: un armonioso mix di bacche di diverse variet\u00e0, un autentico aroma di orsetti gommosi e una complessa composizione multifrutta. Ogni gusto viene riprodotto con precisione grazie agli atomizzatori mesh ottimizzati da 0,9 \u03a9, che offrono un'esperienza aromatica intensa.<\/p>\n<p class=\"whitespace-normal break-words\">La robusta batteria da 650 mAh con tecnologia di ricarica rapida Type-C garantisce prestazioni affidabili per tutte e tre le varianti di gusto. Il display intelligente offre il monitoraggio in tempo reale della durata della batteria e del livello di riempimento di ciascun serbatoio di gusto.<\/p>\n<h3 class=\"text-lg font-bold text-text-100 mt-1 -mb-1.5\">Scopri di pi\u00f9 WASPE VAPE su vozolpuff<\/h3>\n<p class=\"whitespace-normal break-words\">Trova altri vaporizzatori premium nel nostro <strong><a class=\"underline\" href=\"https:\/\/vozolpuff.de\/it\/\">Negozio online di sigarette elettroniche<\/a><\/strong>, scoprite la versione completa <strong><a class=\"underline\" href=\"https:\/\/vozolpuff.de\/it\/product-category\/waspe-vape\/\">Gamma di prodotti WASPE VAPE<\/a><\/strong> o sfogliare tutti i <strong><a class=\"underline\" href=\"https:\/\/vozolpuff.de\/it\/product-category\/waspe-vape\/waspe-aiviou-60000\/\">WASPE AIVIOU 60000 opzioni di gusto<\/a><\/strong>.<\/p>","protected":false},"excerpt":{"rendered":"<div>\n<div class=\"grid-cols-1 grid gap-2.5 [&amp;_&gt;_*]:min-w-0 !gap-3.5\">\n<p class=\"whitespace-normal break-words\">Die WASPE AIVIOU 60000 Mixed Berries\/Gummy Bear\/Mixed Fruit Einweg-Vape bietet drei vielf\u00e4ltige Geschmackswelten. 60.000 Z\u00fcge, umschaltbare Aromamodi, 54ml Tank, 0-5% Nikotin und 650mAh Akku f\u00fcr kontinuierlichen Dampfgenuss.<\/p>\n<\/div>\n<\/div>\n<div class=\"h-8\"><\/div>\n","protected":false},"featured_media":4294,"comment_status":"open","ping_status":"closed","template":"","meta":{"_acf_changed":false},"product_brand":[],"product_cat":[53],"product_tag":[],"class_list":{"0":"post-4292","1":"product","2":"type-product","3":"status-publish","4":"has-post-thumbnail","6":"product_cat-waspe-aiviou-60000","8":"first","9":"instock","10":"shipping-taxable","11":"purchasable","12":"product-type-variable"},"acf":[],"_links":{"self":[{"href":"https:\/\/vozolpuff.de\/it\/wp-json\/wp\/v2\/product\/4292","targetHints":{"allow":["GET"]}}],"collection":[{"href":"https:\/\/vozolpuff.de\/it\/wp-json\/wp\/v2\/product"}],"about":[{"href":"https:\/\/vozolpuff.de\/it\/wp-json\/wp\/v2\/types\/product"}],"replies":[{"embeddable":true,"href":"https:\/\/vozolpuff.de\/it\/wp-json\/wp\/v2\/comments?post=4292"}],"wp:featuredmedia":[{"embeddable":true,"href":"https:\/\/vozolpuff.de\/it\/wp-json\/wp\/v2\/media\/4294"}],"wp:attachment":[{"href":"https:\/\/vozolpuff.de\/it\/wp-json\/wp\/v2\/media?parent=4292"}],"wp:term":[{"taxonomy":"product_brand","embeddable":true,"href":"https:\/\/vozolpuff.de\/it\/wp-json\/wp\/v2\/product_brand?post=4292"},{"taxonomy":"product_cat","embeddable":true,"href":"https:\/\/vozolpuff.de\/it\/wp-json\/wp\/v2\/product_cat?post=4292"},{"taxonomy":"product_tag","embeddable":true,"href":"https:\/\/vozolpuff.de\/it\/wp-json\/wp\/v2\/product_tag?post=4292"}],"curies":[{"name":"wp","href":"https:\/\/api.w.org\/{rel}","templated":true}]}}