{"id":4300,"date":"2025-09-12T04:30:52","date_gmt":"2025-09-12T02:30:52","guid":{"rendered":"https:\/\/vozolpuff.de\/?post_type=product&#038;p=4300"},"modified":"2025-09-29T12:51:31","modified_gmt":"2025-09-29T10:51:31","slug":"waspe-aiviou-60000-triple-melon-ice-rainbow-candy-blueberry-candy","status":"publish","type":"product","link":"https:\/\/vozolpuff.de\/it\/prodotto\/waspe-aiviou-60000-triple-melon-ice-rainbow-candy-blueberry-candy\/","title":{"rendered":"WASPE AIVIOU 60000 Triplo Melone Ghiacciato\/Caramella Arcobaleno\/Caramella Mirtillo"},"content":{"rendered":"<h2 class=\"text-xl font-bold text-text-100 mt-1 -mb-0.5\">WASPE AIVIOU 60000 Triple Melon Ice\/Rainbow Candy\/Blueberry Candy Vape usa e getta<\/h2>\n<p class=\"whitespace-normal break-words\">Provate tre straordinarie composizioni di gusto con WASPE AIVIOU 60000 nelle varianti Triple Melon Ice, Rainbow Candy e Blueberry Candy. Questa straordinaria sigaretta elettronica usa e getta offre 60.000 boccate dal gusto intenso grazie alla pi\u00f9 recente innovazione a tripla bobina e alle concentrazioni di nicotina flessibili da 0% a 5%. La generosa riserva di liquido da 54 ml e il sistema LED di facile utilizzo consentono un piacere di svapo personalizzato.<\/p>\n<h3 class=\"text-lg font-bold text-text-100 mt-1 -mb-1.5\">Combinazioni aromatiche creative<\/h3>\n<p class=\"whitespace-normal break-words\">La rivoluzionaria tecnologia a triplo gusto presenta una rinfrescante triade di melone con effetto rinfrescante, un colorato aroma di caramelle arcobaleno e un autentico gusto di caramelle al mirtillo. Ogni profilo \u00e8 perfettamente bilanciato da bobine mesh specializzate da 0,9 \u03a9 e offre caratteristiche di vapore uniche.<\/p>\n<p class=\"whitespace-normal break-words\">Con una capacit\u00e0 della batteria di 650 mAh e ricarica rapida di tipo C, questo dispositivo offre la massima affidabilit\u00e0 per tutti i gusti creativi. Il sistema di monitoraggio intelligente fornisce informazioni continue sullo stato e sul livello di riempimento di ciascun serbatoio aromatico.<\/p>\n<h3 class=\"text-lg font-bold text-text-100 mt-1 -mb-1.5\">Scopri di pi\u00f9 WASPE VAPE su vozolpuff<\/h3>\n<p class=\"whitespace-normal break-words\">Visitate il nostro <strong><a class=\"underline\" href=\"https:\/\/vozolpuff.de\/it\/\">Negozio specializzato in sigarette elettroniche<\/a><\/strong> Per altri prodotti esclusivi, sfoglia il nostro <strong><a class=\"underline\" href=\"https:\/\/vozolpuff.de\/it\/product-category\/waspe-vape\/\">Serie WASPE VAPE<\/a><\/strong> o scoprire l'intero <strong><a class=\"underline\" href=\"https:\/\/vozolpuff.de\/it\/product-category\/waspe-vape\/waspe-aiviou-60000\/\">WASPE AIVIOU 60000 Selezione aromi<\/a><\/strong>.<\/p>","protected":false},"excerpt":{"rendered":"<div>\n<div class=\"grid-cols-1 grid gap-2.5 [&amp;_&gt;_*]:min-w-0 !gap-3.5\">\n<p class=\"whitespace-normal break-words\">Die WASPE AIVIOU 60000 Triple Melon Ice\/Rainbow Candy\/Blueberry Candy Einweg-Vape bietet drei au\u00dfergew\u00f6hnliche Geschmackskompositionen. 60.000 Z\u00fcge, Dreifach-Coil-Innovation, 54ml Tank, 0-5% Nikotin f\u00fcr personalisierten Genuss.<\/p>\n<\/div>\n<\/div>\n<div class=\"h-8\"><\/div>\n","protected":false},"featured_media":4302,"comment_status":"open","ping_status":"closed","template":"","meta":{"_acf_changed":false},"product_brand":[],"product_cat":[53],"product_tag":[],"class_list":{"0":"post-4300","1":"product","2":"type-product","3":"status-publish","4":"has-post-thumbnail","6":"product_cat-waspe-aiviou-60000","8":"first","9":"instock","10":"shipping-taxable","11":"purchasable","12":"product-type-variable"},"acf":[],"_links":{"self":[{"href":"https:\/\/vozolpuff.de\/it\/wp-json\/wp\/v2\/product\/4300","targetHints":{"allow":["GET"]}}],"collection":[{"href":"https:\/\/vozolpuff.de\/it\/wp-json\/wp\/v2\/product"}],"about":[{"href":"https:\/\/vozolpuff.de\/it\/wp-json\/wp\/v2\/types\/product"}],"replies":[{"embeddable":true,"href":"https:\/\/vozolpuff.de\/it\/wp-json\/wp\/v2\/comments?post=4300"}],"wp:featuredmedia":[{"embeddable":true,"href":"https:\/\/vozolpuff.de\/it\/wp-json\/wp\/v2\/media\/4302"}],"wp:attachment":[{"href":"https:\/\/vozolpuff.de\/it\/wp-json\/wp\/v2\/media?parent=4300"}],"wp:term":[{"taxonomy":"product_brand","embeddable":true,"href":"https:\/\/vozolpuff.de\/it\/wp-json\/wp\/v2\/product_brand?post=4300"},{"taxonomy":"product_cat","embeddable":true,"href":"https:\/\/vozolpuff.de\/it\/wp-json\/wp\/v2\/product_cat?post=4300"},{"taxonomy":"product_tag","embeddable":true,"href":"https:\/\/vozolpuff.de\/it\/wp-json\/wp\/v2\/product_tag?post=4300"}],"curies":[{"name":"wp","href":"https:\/\/api.w.org\/{rel}","templated":true}]}}