{"id":5350,"date":"2025-09-29T13:28:05","date_gmt":"2025-09-29T11:28:05","guid":{"rendered":"https:\/\/vozolpuff.de\/?post_type=product&#038;p=5350"},"modified":"2025-09-29T13:28:26","modified_gmt":"2025-09-29T11:28:26","slug":"bang-leader-85000-grape-ice-strawberry-kiwi-passion-fruit-guava","status":"publish","type":"product","link":"https:\/\/vozolpuff.de\/it\/prodotto\/bang-leader-85000-grape-ice-strawberry-kiwi-passion-fruit-guava\/","title":{"rendered":"Bang Leader 85000 Ghiaccio d'uva\/Birra Kiwi\/Frutto della passione Guava"},"content":{"rendered":"<h2 class=\"text-xl font-bold text-text-100 mt-1 -mb-0.5\">Bang Leader 85000 sigaretta elettronica monouso Grape Ice\/Strawberry Kiwi\/Passion Fruit Guava<\/h2>\n<p class=\"whitespace-normal break-words\">Il Bang Leader 85000 stabilisce nuovi standard nel campo dei vapes usa e getta e colpisce per il suo innovativo concetto di triplo gusto. Questo dispositivo offre tre gusti indipendenti in un unico dispositivo: l'uva ghiacciata (Grape Ice), la combinazione fruttata di fragola e kiwi (Strawberry Kiwi) e l'esotico frutto della passione (Passion Fruit Guava). Ogni gusto \u00e8 contenuto in una cialda separata e pu\u00f2 essere attivato con la semplice pressione di un pulsante. Con un'impressionante capacit\u00e0 fino a 85.000 boccate e una potente batteria da 850 mAh con funzione di ricarica rapida Type-C, questo dispositivo garantisce un piacere di svapo di lunga durata. Il display a LED integrato vi tiene costantemente informati sullo stato della batteria e sulle statistiche di utilizzo, mentre le tre bobine a mesh da 1,0\u03a9 di alta qualit\u00e0 garantiscono sapori sempre intensi.<\/p>\n<h3 class=\"text-lg font-bold text-text-100 mt-1 -mb-1.5\">Vantaggi del prodotto:<\/h3>\n<p class=\"whitespace-normal break-words\"><strong>Eccezionale capacit\u00e0 del treno<\/strong> - Fino a 85.000 boccate rendono questa svapata la scelta perfetta per gli utenti pi\u00f9 esigenti.<\/p>\n<p class=\"whitespace-normal break-words\"><strong>Tre gusti indipendenti<\/strong> - Alternare a piacere tra uva fresca, fragola-kiwi dolce e frutto della passione tropicale-guava.<\/p>\n<p class=\"whitespace-normal break-words\"><strong>Gi\u00e0 riempito e pronto all'uso<\/strong> - 56 ml di e-liquid di qualit\u00e0 superiore distribuiti in tre cialde garantiscono un piacere immediato senza bisogno di ricaricare.<\/p>\n<p class=\"whitespace-normal break-words\"><strong>Tecnologia della bobina a rete di prima classe<\/strong> - Tre bobine a rete da 1,0\u03a9 garantiscono un vapore denso e un'esperienza di sapore autentica.<\/p>\n<p class=\"whitespace-normal break-words\"><strong>Display intelligente e chiaro<\/strong> - Tenere sempre sotto controllo il livello della batteria, il contatore dei treni e la modalit\u00e0 di funzionamento.<\/p>\n<p class=\"whitespace-normal break-words\"><strong>Moderna tecnologia di ricarica<\/strong> - La batteria da 850 mAh si ricarica in modo rapido ed efficiente tramite la porta Type-C.<\/p>\n<p class=\"whitespace-normal break-words\"><strong>Potenze di nicotina flessibili<\/strong> - Scegliete tra 0%, 2%, 3% e 5% di nicotina in base alle vostre preferenze personali.<\/p>\n<h3 class=\"text-lg font-bold text-text-100 mt-1 -mb-1.5\">Specifiche tecniche:<\/h3>\n<p class=\"whitespace-normal break-words\"><strong>Volume del liquido:<\/strong> 56ml<br \/>\n<strong>Muoversi al massimo:<\/strong> 85.000 Bign\u00e8<br \/>\n<strong>Capacit\u00e0 della batteria:<\/strong> 850 mAh<br \/>\n<strong>Contenuto di nicotina:<\/strong> 0% \/ 2% \/ 3% \/ 5%<br \/>\n<strong>Vaporizzatore:<\/strong> 1,0 Ohm \u00d7 3<br \/>\n<strong>Caratteristica speciale:<\/strong> Sistema a triplo aroma<br \/>\n<strong>Porta di ricarica:<\/strong> Tipo-C<\/p>\n<h3 class=\"text-lg font-bold text-text-100 mt-1 -mb-1.5\">Scopri di pi\u00f9 BANG VAPE su vozolpuff<\/h3>\n<p class=\"whitespace-normal break-words\">Sfogliate il nostro vasto assortimento nel <strong><a class=\"underline\" href=\"https:\/\/vozolpuff.de\/it\/\">Negozio online di sigarette elettroniche<\/a><\/strong>, scoprire l'intero <strong><a class=\"underline\" href=\"https:\/\/vozolpuff.de\/it\/product-category\/bang-vape\/\">Gamma di prodotti BANG VAPE<\/a><\/strong> oppure date un'occhiata a tutti i prodotti disponibili <strong><a class=\"underline\" href=\"https:\/\/vozolpuff.de\/it\/product-category\/bang-vape\/bang-leader-85000\/\">Bang Leader 85000 varianti di gusto<\/a><\/strong> a.<\/p>","protected":false},"excerpt":{"rendered":"<p class=\"whitespace-normal break-words\">Bang Leader 85000 Grape Ice\/Strawberry Kiwi\/Passion Fruit Guava stabilisce nuovi standard con il suo innovativo sistema a tre gusti. Provate il ghiacciato Grape Ice, il fruttato Strawberry Kiwi e l'esotico Passion Fruit Guava - tutto in un unico dispositivo di qualit\u00e0. Gli impressionanti 85.000 puff, il moderno display a LED, la ricarica rapida Type-C e le tre potenti bobine a rete garantiscono il massimo piacere del vapore per gli utenti pi\u00f9 esigenti.<\/p>\n<p class=\"whitespace-normal break-words\">","protected":false},"featured_media":5353,"comment_status":"open","ping_status":"closed","template":"","meta":{"_acf_changed":false},"product_brand":[],"product_cat":[66],"product_tag":[],"class_list":{"0":"post-5350","1":"product","2":"type-product","3":"status-publish","4":"has-post-thumbnail","6":"product_cat-bang-leader-85000","8":"first","9":"instock","10":"shipping-taxable","11":"purchasable","12":"product-type-variable"},"acf":[],"_links":{"self":[{"href":"https:\/\/vozolpuff.de\/it\/wp-json\/wp\/v2\/product\/5350","targetHints":{"allow":["GET"]}}],"collection":[{"href":"https:\/\/vozolpuff.de\/it\/wp-json\/wp\/v2\/product"}],"about":[{"href":"https:\/\/vozolpuff.de\/it\/wp-json\/wp\/v2\/types\/product"}],"replies":[{"embeddable":true,"href":"https:\/\/vozolpuff.de\/it\/wp-json\/wp\/v2\/comments?post=5350"}],"wp:featuredmedia":[{"embeddable":true,"href":"https:\/\/vozolpuff.de\/it\/wp-json\/wp\/v2\/media\/5353"}],"wp:attachment":[{"href":"https:\/\/vozolpuff.de\/it\/wp-json\/wp\/v2\/media?parent=5350"}],"wp:term":[{"taxonomy":"product_brand","embeddable":true,"href":"https:\/\/vozolpuff.de\/it\/wp-json\/wp\/v2\/product_brand?post=5350"},{"taxonomy":"product_cat","embeddable":true,"href":"https:\/\/vozolpuff.de\/it\/wp-json\/wp\/v2\/product_cat?post=5350"},{"taxonomy":"product_tag","embeddable":true,"href":"https:\/\/vozolpuff.de\/it\/wp-json\/wp\/v2\/product_tag?post=5350"}],"curies":[{"name":"wp","href":"https:\/\/api.w.org\/{rel}","templated":true}]}}