{"id":5366,"date":"2025-09-29T13:33:31","date_gmt":"2025-09-29T11:33:31","guid":{"rendered":"https:\/\/vozolpuff.de\/?post_type=product&#038;p=5366"},"modified":"2025-09-29T13:33:31","modified_gmt":"2025-09-29T11:33:31","slug":"bang-leader-85000-watermelon-ice-mango-peach-orange-soda","status":"publish","type":"product","link":"https:\/\/vozolpuff.de\/it\/prodotto\/bang-leader-85000-watermelon-ice-mango-peach-orange-soda\/","title":{"rendered":"Bang Leader 85000 Ghiaccio all'anguria\/ Pesca mango\/ Arancia Soda"},"content":{"rendered":"<h2 class=\"text-xl font-bold text-text-100 mt-1 -mb-0.5\">Bang Leader 85000 sigaretta elettronica monouso Watermelon Ice\/Mango Peach\/Orange Soda<\/h2>\n<p class=\"whitespace-normal break-words\">Bang Leader 85000 ridefinisce la versatilit\u00e0 nel settore dei vape usa e getta e offre tre profili di aroma controllabili separatamente. Provate l'anguria ghiacciata (Watermelon Ice), il mango e la pesca succosi (Mango Peach) o l'aranciata frizzante (Orange Soda) in un unico, elegante dispositivo. Ogni aroma \u00e8 contenuto nella propria capsula e pu\u00f2 essere attivato con un semplice interruttore. La notevole capacit\u00e0 di 85.000 boccate rende questo vape un corridore di lungo corso tra i dispositivi usa e getta. Una batteria ricaricabile da 850 mAh con connessione di ricarica Type-C assicura una disponibilit\u00e0 permanente all'uso. Il display a LED illuminato fornisce tutte le informazioni di utilizzo a colpo d'occhio, mentre le tre bobine a maglia da 1,0\u03a9, accuratamente sintonizzate, trasformano ogni boccata in un'esperienza di sapore.<\/p>\n<h3 class=\"text-lg font-bold text-text-100 mt-1 -mb-1.5\">Vantaggi del prodotto:<\/h3>\n<p class=\"whitespace-normal break-words\"><strong>Numero di pouff da record<\/strong> - 85.000 treni offrono settimane di divertimento a vapore senza bisogno di sostituzioni.<\/p>\n<p class=\"whitespace-normal break-words\"><strong>Tre profili aromatici indipendenti<\/strong> - Scegliete liberamente tra la fresca anguria, la pesca tropicale al mango e la limonata all'arancia.<\/p>\n<p class=\"whitespace-normal break-words\"><strong>Pronto per l'uso immediato<\/strong> - 56 ml di liquido premium pre-riempito in tre camere separate garantiscono la massima praticit\u00e0.<\/p>\n<p class=\"whitespace-normal break-words\"><strong>Tecnologia avanzata delle bobine<\/strong> - Tre bobine a rete da 1,0\u03a9 assicurano uno sviluppo uniforme del vapore e sapori autentici.<\/p>\n<p class=\"whitespace-normal break-words\"><strong>Sistema di visualizzazione informativo<\/strong> - Tenete d'occhio il livello della batteria, il numero di treni e lo stato del dispositivo sul chiaro schermo intelligente.<\/p>\n<p class=\"whitespace-normal break-words\"><strong>Connessione di ricarica a prova di futuro<\/strong> - La porta Type-C assicura una ricarica rapida e comoda della batteria da 850 mAh.<\/p>\n<p class=\"whitespace-normal break-words\"><strong>Ampia gamma di opzioni di nicotina<\/strong> - Disponibile nelle versioni 0%, 2%, 3% e 5% per soddisfare tutti i gusti.<\/p>\n<h3 class=\"text-lg font-bold text-text-100 mt-1 -mb-1.5\">Specifiche tecniche:<\/h3>\n<p class=\"whitespace-normal break-words\"><strong>Volume del liquido:<\/strong> 56ml<br \/>\n<strong>Muoversi al massimo:<\/strong> 85.000 Bign\u00e8<br \/>\n<strong>Capacit\u00e0 della batteria:<\/strong> 850 mAh<br \/>\n<strong>Contenuto di nicotina:<\/strong> 0% \/ 2% \/ 3% \/ 5%<br \/>\n<strong>Vaporizzatore:<\/strong> 1,0 Ohm \u00d7 3<br \/>\n<strong>Caratteristica speciale:<\/strong> Sistema a triplo aroma<br \/>\n<strong>Porta di ricarica:<\/strong> Tipo-C<\/p>\n<h3 class=\"text-lg font-bold text-text-100 mt-1 -mb-1.5\">Scopri di pi\u00f9 BANG VAPE su vozolpuff<\/h3>\n<p class=\"whitespace-normal break-words\">Esplorate altri prodotti per il vaping di prima classe nel nostro sito <strong><a class=\"underline\" href=\"https:\/\/vozolpuff.de\/it\/\">Negozio online di sigarette elettroniche<\/a><\/strong>, date un'occhiata all'elenco completo <strong><a class=\"underline\" href=\"https:\/\/vozolpuff.de\/it\/product-category\/bang-vape\/\">Selezione BANG VAPE<\/a><\/strong> o scoprire tutti <strong><a class=\"underline\" href=\"https:\/\/vozolpuff.de\/it\/product-category\/bang-vape\/bang-leader-85000\/\">Bang Leader 85000 combinazioni di sapori<\/a><\/strong>.<\/p>","protected":false},"excerpt":{"rendered":"<p class=\"whitespace-normal break-words\">Il Bang Leader 85000 Watermelon Ice\/Mango Peach\/Orange Soda convince con tre gusti squisiti in un unico dispositivo premium. Godetevi il rinfrescante Watermelon Ice, il tropicale Mango Peach e la saporita Orange Soda a vostro piacimento. Con un'eccezionale capacit\u00e0 di 85.000 puff, un display LED intelligente, una potente batteria da 850 mAh e tre bobine a rete di alta qualit\u00e0 per un piacere di svapo senza precedenti.<\/p>","protected":false},"featured_media":5369,"comment_status":"open","ping_status":"closed","template":"","meta":{"_acf_changed":false},"product_brand":[],"product_cat":[66],"product_tag":[],"class_list":{"0":"post-5366","1":"product","2":"type-product","3":"status-publish","4":"has-post-thumbnail","6":"product_cat-bang-leader-85000","8":"first","9":"instock","10":"shipping-taxable","11":"purchasable","12":"product-type-variable"},"acf":[],"_links":{"self":[{"href":"https:\/\/vozolpuff.de\/it\/wp-json\/wp\/v2\/product\/5366","targetHints":{"allow":["GET"]}}],"collection":[{"href":"https:\/\/vozolpuff.de\/it\/wp-json\/wp\/v2\/product"}],"about":[{"href":"https:\/\/vozolpuff.de\/it\/wp-json\/wp\/v2\/types\/product"}],"replies":[{"embeddable":true,"href":"https:\/\/vozolpuff.de\/it\/wp-json\/wp\/v2\/comments?post=5366"}],"wp:featuredmedia":[{"embeddable":true,"href":"https:\/\/vozolpuff.de\/it\/wp-json\/wp\/v2\/media\/5369"}],"wp:attachment":[{"href":"https:\/\/vozolpuff.de\/it\/wp-json\/wp\/v2\/media?parent=5366"}],"wp:term":[{"taxonomy":"product_brand","embeddable":true,"href":"https:\/\/vozolpuff.de\/it\/wp-json\/wp\/v2\/product_brand?post=5366"},{"taxonomy":"product_cat","embeddable":true,"href":"https:\/\/vozolpuff.de\/it\/wp-json\/wp\/v2\/product_cat?post=5366"},{"taxonomy":"product_tag","embeddable":true,"href":"https:\/\/vozolpuff.de\/it\/wp-json\/wp\/v2\/product_tag?post=5366"}],"curies":[{"name":"wp","href":"https:\/\/api.w.org\/{rel}","templated":true}]}}