{"id":5398,"date":"2025-09-29T13:43:20","date_gmt":"2025-09-29T11:43:20","guid":{"rendered":"https:\/\/vozolpuff.de\/?post_type=product&#038;p=5398"},"modified":"2025-09-29T13:43:20","modified_gmt":"2025-09-29T11:43:20","slug":"bang-leader-85000-banana-ice-strawberry-watermelon-bear-gummy","status":"publish","type":"product","link":"https:\/\/vozolpuff.de\/it\/prodotto\/bang-leader-85000-banana-ice-strawberry-watermelon-bear-gummy\/","title":{"rendered":"Bang Leader 85000 Banana Ghiacciata\/Anguria al Fragola\/Orso Gommoso"},"content":{"rendered":"<h2 class=\"text-xl font-bold text-text-100 mt-1 -mb-0.5\">Bang Leader 85000 Banana Ice\/Anguria fragola\/Orso Gommoso sigaretta elettronica monouso<\/h2>\n<p class=\"whitespace-normal break-words\">Bang Leader 85000 stabilisce nuovi standard come vape usa e getta premium con il suo sofisticato concetto di tre gusti. Scegliete tra la banana ghiacciata (Banana Ice), la classica combinazione di fragola e anguria (Strawberry Watermelon) o il dolce sapore di orso gommoso (Bear Gummy). Ogni gusto viene fornito nella propria cialda pre-riempita e pu\u00f2 essere selezionato individualmente. Con ben 85.000 boccate possibili e una robusta batteria da 850 mAh che pu\u00f2 essere ricaricata rapidamente tramite la connessione Type-C, questo dispositivo offre una longevit\u00e0 eccezionale. Il display a LED integrato mostra tutti i dati rilevanti, mentre le tre bobine a maglia da 1,0\u03a9, accuratamente sintonizzate, garantiscono una qualit\u00e0 del vapore sempre eccellente.<\/p>\n<h3 class=\"text-lg font-bold text-text-100 mt-1 -mb-1.5\">Vantaggi del prodotto:<\/h3>\n<p class=\"whitespace-normal break-words\"><strong>Gamma eccezionale<\/strong> - 85.000 treni rendono superflui nuovi acquisti frequenti.<\/p>\n<p class=\"whitespace-normal break-words\"><strong>Tre mondi di sapori separati<\/strong> - Passate senza fatica dalla banana ghiacciata al melone fruttato e agli orsetti gommosi.<\/p>\n<p class=\"whitespace-normal break-words\"><strong>Pronto all'uso<\/strong> - 56 ml di e-liquid di prima qualit\u00e0 in tre serbatoi garantiscono un avvio immediato senza necessit\u00e0 di configurazione.<\/p>\n<p class=\"whitespace-normal break-words\"><strong>Vaporizzatore a rete ad alte prestazioni<\/strong> - Tre bobine a maglia da 1,0\u03a9 offrono un vapore voluminoso e una chiara definizione del sapore.<\/p>\n<p class=\"whitespace-normal break-words\"><strong>Display digitale chiaro<\/strong> - Tutte le informazioni pi\u00f9 importanti, come lo stato della batteria e il conteggio dei consumi, sono visualizzate sul display intelligente.<\/p>\n<p class=\"whitespace-normal break-words\"><strong>Moderna tecnologia di ricarica<\/strong> - La batteria da 850 mAh si ricarica rapidamente e comodamente tramite la porta Type-C.<\/p>\n<p class=\"whitespace-normal break-words\"><strong>Dose di nicotina personalizzabile<\/strong> - Disponibile in 0%, 2%, 3% e 5% per le esigenze individuali.<\/p>\n<h3 class=\"text-lg font-bold text-text-100 mt-1 -mb-1.5\">Specifiche tecniche:<\/h3>\n<p class=\"whitespace-normal break-words\"><strong>Volume del liquido:<\/strong> 56ml<br \/>\n<strong>Muoversi al massimo:<\/strong> 85.000 Bign\u00e8<br \/>\n<strong>Capacit\u00e0 della batteria:<\/strong> 850 mAh<br \/>\n<strong>Contenuto di nicotina:<\/strong> 0% \/ 2% \/ 3% \/ 5%<br \/>\n<strong>Vaporizzatore:<\/strong> 1,0 Ohm \u00d7 3<br \/>\n<strong>Caratteristica speciale:<\/strong> Sistema a triplo aroma<br \/>\n<strong>Porta di ricarica:<\/strong> Tipo-C<\/p>\n<h3 class=\"text-lg font-bold text-text-100 mt-1 -mb-1.5\">Scopri di pi\u00f9 BANG VAPE su vozolpuff<\/h3>\n<p class=\"whitespace-normal break-words\">Scoprite altri prodotti premium nel nostro <strong><a class=\"underline\" href=\"https:\/\/vozolpuff.de\/it\/\">Negozio online di sigarette elettroniche<\/a><\/strong>sfogliare l'elenco completo <strong><a class=\"underline\" href=\"https:\/\/vozolpuff.de\/it\/product-category\/bang-vape\/\">Paletta BANG VAPE<\/a><\/strong> o trovare i vostri preferiti tra i <strong><a class=\"underline\" href=\"https:\/\/vozolpuff.de\/it\/product-category\/bang-vape\/bang-leader-85000\/\">Bang Leader 85000 gusti<\/a><\/strong>.<\/p>","protected":false},"excerpt":{"rendered":"<p class=\"whitespace-normal break-words\">Il Bang Leader 85000 Banana Ice\/Strawberry Watermelon\/Bear Gummy delizia con tre gusti squisiti in un unico dispositivo di qualit\u00e0. Godetevi la banana ghiacciata, l'anguria fruttata e il dolce orso gommoso. Con un'eccezionale capacit\u00e0 di 85.000 puff, un display LED intelligente, una potente batteria da 850 mAh e tre bobine a rete di alta qualit\u00e0 per un intenso piacere del vapore.<\/p>","protected":false},"featured_media":5401,"comment_status":"open","ping_status":"closed","template":"","meta":{"_acf_changed":false},"product_brand":[],"product_cat":[66],"product_tag":[],"class_list":{"0":"post-5398","1":"product","2":"type-product","3":"status-publish","4":"has-post-thumbnail","6":"product_cat-bang-leader-85000","8":"first","9":"instock","10":"shipping-taxable","11":"purchasable","12":"product-type-variable"},"acf":[],"_links":{"self":[{"href":"https:\/\/vozolpuff.de\/it\/wp-json\/wp\/v2\/product\/5398","targetHints":{"allow":["GET"]}}],"collection":[{"href":"https:\/\/vozolpuff.de\/it\/wp-json\/wp\/v2\/product"}],"about":[{"href":"https:\/\/vozolpuff.de\/it\/wp-json\/wp\/v2\/types\/product"}],"replies":[{"embeddable":true,"href":"https:\/\/vozolpuff.de\/it\/wp-json\/wp\/v2\/comments?post=5398"}],"wp:featuredmedia":[{"embeddable":true,"href":"https:\/\/vozolpuff.de\/it\/wp-json\/wp\/v2\/media\/5401"}],"wp:attachment":[{"href":"https:\/\/vozolpuff.de\/it\/wp-json\/wp\/v2\/media?parent=5398"}],"wp:term":[{"taxonomy":"product_brand","embeddable":true,"href":"https:\/\/vozolpuff.de\/it\/wp-json\/wp\/v2\/product_brand?post=5398"},{"taxonomy":"product_cat","embeddable":true,"href":"https:\/\/vozolpuff.de\/it\/wp-json\/wp\/v2\/product_cat?post=5398"},{"taxonomy":"product_tag","embeddable":true,"href":"https:\/\/vozolpuff.de\/it\/wp-json\/wp\/v2\/product_tag?post=5398"}],"curies":[{"name":"wp","href":"https:\/\/api.w.org\/{rel}","templated":true}]}}