{"id":5430,"date":"2025-09-29T13:54:30","date_gmt":"2025-09-29T11:54:30","guid":{"rendered":"https:\/\/vozolpuff.de\/?post_type=product&#038;p=5430"},"modified":"2025-09-29T13:54:30","modified_gmt":"2025-09-29T11:54:30","slug":"bang-leader-85000-strawberry-raspberry-black-currant-strawberry-banana","status":"publish","type":"product","link":"https:\/\/vozolpuff.de\/it\/prodotto\/bang-leader-85000-strawberry-raspberry-black-currant-strawberry-banana\/","title":{"rendered":"Bang Leader 85000 Lampone fragola\/ ribes nero\/Banana fragola"},"content":{"rendered":"<h2 class=\"text-xl font-bold text-text-100 mt-1 -mb-0.5\">Bang Leader 85000 Fragola lampone \/ ribes nero \/ fragola banana sigaretta elettronica usa e getta<\/h2>\n<p class=\"whitespace-normal break-words\">Bang Leader 85000 definisce gli standard nel segmento dei vape usa e getta premium con il suo sofisticato sistema a triplo aroma. Godetevi la combinazione di fragola e lampone (Strawberry Raspberry), l'intenso ribes nero (Black Currant) o il classico fragola e banana (Strawberry Banana): tre gusti indipendenti in un unico dispositivo compatto. Ogni gusto \u00e8 contenuto in una cialda separata e precaricata e pu\u00f2 essere selezionato con la semplice pressione di un pulsante. Con un'eccezionale capacit\u00e0 di 85.000 boccate e una potente batteria da 850 mAh con porta di ricarica Type-C, questo dispositivo garantisce prestazioni di lunga durata. Il display LED illuminato vi tiene aggiornati sullo stato della batteria e sulle statistiche di utilizzo, mentre le tre bobine a mesh da 1,0\u03a9 di alta qualit\u00e0 offrono esperienze di aroma sempre intense.<\/p>\n<h3 class=\"text-lg font-bold text-text-100 mt-1 -mb-1.5\">Vantaggi del prodotto:<\/h3>\n<p class=\"whitespace-normal break-words\"><strong>Capacit\u00e0 massima di soffio<\/strong> - 85.000 treni per una durata eccezionalmente lunga senza acquisti aggiuntivi.<\/p>\n<p class=\"whitespace-normal break-words\"><strong>Tre gusti indipendenti<\/strong> - Scegliete liberamente tra un mix di frutti di bosco, fragola e lampone, ribes nero e crema di fragola e banana.<\/p>\n<p class=\"whitespace-normal break-words\"><strong>Pronti a partire immediatamente<\/strong> - 56 ml di e-liquid di alta qualit\u00e0 in tre camere separate per il godimento diretto del vapore.<\/p>\n<p class=\"whitespace-normal break-words\"><strong>Vaporizzatore a rete premium<\/strong> - Le tre bobine da 1,0\u03a9 producono un vapore denso con un profilo aromatico senza fronzoli.<\/p>\n<p class=\"whitespace-normal break-words\"><strong>Display intelligente e chiaro<\/strong> - Tenete sotto controllo il livello della batteria, il conteggio delle boccate e lo stato del dispositivo sul display informativo.<\/p>\n<p class=\"whitespace-normal break-words\"><strong>Moderna tecnologia di ricarica<\/strong> - La porta Type-C consente una ricarica rapida ed efficiente della batteria da 850 mAh.<\/p>\n<p class=\"whitespace-normal break-words\"><strong>Dosaggio variabile della nicotina<\/strong> - Disponibile in 0%, 2%, 3% e 5% per esigenze personalizzate.<\/p>\n<h3 class=\"text-lg font-bold text-text-100 mt-1 -mb-1.5\">Specifiche tecniche:<\/h3>\n<p class=\"whitespace-normal break-words\"><strong>Volume del liquido:<\/strong> 56ml<br \/>\n<strong>Muoversi al massimo:<\/strong> 85.000 Bign\u00e8<br \/>\n<strong>Capacit\u00e0 della batteria:<\/strong> 850 mAh<br \/>\n<strong>Contenuto di nicotina:<\/strong> 0% \/ 2% \/ 3% \/ 5%<br \/>\n<strong>Vaporizzatore:<\/strong> 1,0 Ohm \u00d7 3<br \/>\n<strong>Caratteristica speciale:<\/strong> Sistema a triplo aroma<br \/>\n<strong>Porta di ricarica:<\/strong> Tipo-C<\/p>\n<h3 class=\"text-lg font-bold text-text-100 mt-1 -mb-1.5\">Scopri di pi\u00f9 BANG VAPE su vozolpuff<\/h3>\n<p class=\"whitespace-normal break-words\">Visitate il nostro <strong><a class=\"underline\" href=\"https:\/\/vozolpuff.de\/it\/\">Negozio online di sigarette elettroniche<\/a><\/strong> per altri prodotti di punta, sfogliate l'intero <strong><a class=\"underline\" href=\"https:\/\/vozolpuff.de\/it\/product-category\/bang-vape\/\">Gamma di prodotti BANG VAPE<\/a><\/strong> o trovare la vostra variet\u00e0 preferita tra le <strong><a class=\"underline\" href=\"https:\/\/vozolpuff.de\/it\/product-category\/bang-vape\/bang-leader-85000\/\">Bang Leader 85000 gusti<\/a><\/strong>.<\/p>","protected":false},"excerpt":{"rendered":"<p class=\"whitespace-normal break-words\">Bang Leader 85000 Strawberry Raspberry\/Black Currant\/Strawberry Banana delizia con tre sapori squisiti in un unico dispositivo di qualit\u00e0. Assaporate il gusto fruttato del lampone, l'intenso ribes nero e la cremosa banana alla fragola. Con ben 85.000 boccate, display LED intelligente, batteria da 850 mAh e tre bobine a rete di alta qualit\u00e0 per il massimo piacere del vapore.<\/p>","protected":false},"featured_media":5433,"comment_status":"open","ping_status":"closed","template":"","meta":{"_acf_changed":false},"product_brand":[],"product_cat":[66],"product_tag":[],"class_list":{"0":"post-5430","1":"product","2":"type-product","3":"status-publish","4":"has-post-thumbnail","6":"product_cat-bang-leader-85000","8":"first","9":"instock","10":"shipping-taxable","11":"purchasable","12":"product-type-variable"},"acf":[],"_links":{"self":[{"href":"https:\/\/vozolpuff.de\/it\/wp-json\/wp\/v2\/product\/5430","targetHints":{"allow":["GET"]}}],"collection":[{"href":"https:\/\/vozolpuff.de\/it\/wp-json\/wp\/v2\/product"}],"about":[{"href":"https:\/\/vozolpuff.de\/it\/wp-json\/wp\/v2\/types\/product"}],"replies":[{"embeddable":true,"href":"https:\/\/vozolpuff.de\/it\/wp-json\/wp\/v2\/comments?post=5430"}],"wp:featuredmedia":[{"embeddable":true,"href":"https:\/\/vozolpuff.de\/it\/wp-json\/wp\/v2\/media\/5433"}],"wp:attachment":[{"href":"https:\/\/vozolpuff.de\/it\/wp-json\/wp\/v2\/media?parent=5430"}],"wp:term":[{"taxonomy":"product_brand","embeddable":true,"href":"https:\/\/vozolpuff.de\/it\/wp-json\/wp\/v2\/product_brand?post=5430"},{"taxonomy":"product_cat","embeddable":true,"href":"https:\/\/vozolpuff.de\/it\/wp-json\/wp\/v2\/product_cat?post=5430"},{"taxonomy":"product_tag","embeddable":true,"href":"https:\/\/vozolpuff.de\/it\/wp-json\/wp\/v2\/product_tag?post=5430"}],"curies":[{"name":"wp","href":"https:\/\/api.w.org\/{rel}","templated":true}]}}