{"id":5446,"date":"2025-09-29T14:00:35","date_gmt":"2025-09-29T12:00:35","guid":{"rendered":"https:\/\/vozolpuff.de\/?post_type=product&#038;p=5446"},"modified":"2025-09-29T14:00:35","modified_gmt":"2025-09-29T12:00:35","slug":"bang-leader-85000-red-apple-ice-raspberry-watermelon-aloe-grape","status":"publish","type":"product","link":"https:\/\/vozolpuff.de\/it\/prodotto\/bang-leader-85000-red-apple-ice-raspberry-watermelon-aloe-grape\/","title":{"rendered":"Bang Leader 85000 Mela rossa ghiacciata\/Anguria lampone\/Aloe uva"},"content":{"rendered":"<h2 class=\"text-xl font-bold text-text-100 mt-1 -mb-0.5\">Bang Leader 85000 sigaretta elettronica monouso Red Apple Ice\/Raspberry Watermelon\/Aloe Grape<\/h2>\n<p class=\"whitespace-normal break-words\">Bang Leader 85000 ridefinisce la versatilit\u00e0 nel settore dei vape usa e getta con tre gusti selezionabili individualmente. Provate la mela rossa ghiacciata (Red Apple Ice), il gusto fruttato di lampone e anguria (Raspberry Watermelon) o la rinfrescante combinazione di aloe e uva (Aloe Grape). Ogni gusto \u00e8 contenuto in una cialda separata e pre-riempita e pu\u00f2 essere attivato a seconda delle esigenze. La notevole capacit\u00e0 di 85.000 boccate, unita alla batteria ricaricabile da 850 mAh e alla ricarica rapida Type-C, garantisce una durata eccezionale. Un display a LED di facile lettura informa continuamente sullo stato del dispositivo e sui dati di utilizzo, mentre le tre coil a mesh da 1,0\u03a9 ottimizzate garantiscono sapori sempre intensi.<\/p>\n<h3 class=\"text-lg font-bold text-text-100 mt-1 -mb-1.5\">Vantaggi del prodotto:<\/h3>\n<p class=\"whitespace-normal break-words\"><strong>Prestazioni eccezionali<\/strong> - 85.000 soffi offrono la massima durata per i vaporizzatori pi\u00f9 esigenti.<\/p>\n<p class=\"whitespace-normal break-words\"><strong>Tre gusti indipendenti<\/strong> - Passate a piacere dalla mela fresca al melone ai frutti di bosco e all'uva rinfrescante all'aloe.<\/p>\n<p class=\"whitespace-normal break-words\"><strong>Preparato e pronto per l'uso<\/strong> - 56 ml di e-liquid di prima qualit\u00e0 distribuiti in tre cialde per un avvio immediato senza necessit\u00e0 di configurazione.<\/p>\n<p class=\"whitespace-normal break-words\"><strong>Tecnologia a rete professionale<\/strong> - Tre bobine da 1,0\u03a9 garantiscono una ricca produzione di vapore e sapori autentici.<\/p>\n<p class=\"whitespace-normal break-words\"><strong>Sistema di visualizzazione moderno<\/strong> - Tenere sempre sotto controllo la capacit\u00e0 della batteria, il contatore dei treni e la modalit\u00e0 di funzionamento.<\/p>\n<p class=\"whitespace-normal break-words\"><strong>Porta di ricarica rapida Type-C<\/strong> - La batteria da 850 mAh pu\u00f2 essere ricaricata rapidamente e comodamente.<\/p>\n<p class=\"whitespace-normal break-words\"><strong>Varie opzioni di nicotina<\/strong> - Disponibile in 0%, 2%, 3% e 5% per le esigenze individuali.<\/p>\n<h3 class=\"text-lg font-bold text-text-100 mt-1 -mb-1.5\">Specifiche tecniche:<\/h3>\n<p class=\"whitespace-normal break-words\"><strong>Volume del liquido:<\/strong> 56ml<br \/>\n<strong>Muoversi al massimo:<\/strong> 85.000 Bign\u00e8<br \/>\n<strong>Capacit\u00e0 della batteria:<\/strong> 850 mAh<br \/>\n<strong>Contenuto di nicotina:<\/strong> 0% \/ 2% \/ 3% \/ 5%<br \/>\n<strong>Vaporizzatore:<\/strong> 1,0 Ohm \u00d7 3<br \/>\n<strong>Caratteristica speciale:<\/strong> Sistema a triplo aroma<br \/>\n<strong>Porta di ricarica:<\/strong> Tipo-C<\/p>\n<h3 class=\"text-lg font-bold text-text-100 mt-1 -mb-1.5\">Scopri di pi\u00f9 BANG VAPE su vozolpuff<\/h3>\n<p class=\"whitespace-normal break-words\">Sfogliate la nostra vasta gamma di <strong><a class=\"underline\" href=\"https:\/\/vozolpuff.de\/it\/\">Negozio online di sigarette elettroniche<\/a><\/strong>, date un'occhiata all'elenco completo <strong><a class=\"underline\" href=\"https:\/\/vozolpuff.de\/it\/product-category\/bang-vape\/\">Serie BANG VAPE<\/a><\/strong> o scoprire tutti <strong><a class=\"underline\" href=\"https:\/\/vozolpuff.de\/it\/product-category\/bang-vape\/bang-leader-85000\/\">Bang Leader 85000 combinazioni di sapori<\/a><\/strong>.<\/p>","protected":false},"excerpt":{"rendered":"<p class=\"whitespace-normal break-words\">Bang Leader 85000 Red Apple Ice\/Raspberry Watermelon\/Aloe Grape ispira con tre gusti straordinari in un unico dispositivo premium. Godetevi la mela ghiacciata Red Apple Ice, il fruttato Raspberry Watermelon e la rinfrescante Aloe Grape. Con ben 85.000 boccate, un display LED intelligente, una batteria da 850 mAh e tre bobine a rete di alta qualit\u00e0 per un piacere di svapo senza precedenti.<\/p>","protected":false},"featured_media":5449,"comment_status":"open","ping_status":"closed","template":"","meta":{"_acf_changed":false},"product_brand":[],"product_cat":[66],"product_tag":[],"class_list":{"0":"post-5446","1":"product","2":"type-product","3":"status-publish","4":"has-post-thumbnail","6":"product_cat-bang-leader-85000","8":"first","9":"instock","10":"shipping-taxable","11":"purchasable","12":"product-type-variable"},"acf":[],"_links":{"self":[{"href":"https:\/\/vozolpuff.de\/it\/wp-json\/wp\/v2\/product\/5446","targetHints":{"allow":["GET"]}}],"collection":[{"href":"https:\/\/vozolpuff.de\/it\/wp-json\/wp\/v2\/product"}],"about":[{"href":"https:\/\/vozolpuff.de\/it\/wp-json\/wp\/v2\/types\/product"}],"replies":[{"embeddable":true,"href":"https:\/\/vozolpuff.de\/it\/wp-json\/wp\/v2\/comments?post=5446"}],"wp:featuredmedia":[{"embeddable":true,"href":"https:\/\/vozolpuff.de\/it\/wp-json\/wp\/v2\/media\/5449"}],"wp:attachment":[{"href":"https:\/\/vozolpuff.de\/it\/wp-json\/wp\/v2\/media?parent=5446"}],"wp:term":[{"taxonomy":"product_brand","embeddable":true,"href":"https:\/\/vozolpuff.de\/it\/wp-json\/wp\/v2\/product_brand?post=5446"},{"taxonomy":"product_cat","embeddable":true,"href":"https:\/\/vozolpuff.de\/it\/wp-json\/wp\/v2\/product_cat?post=5446"},{"taxonomy":"product_tag","embeddable":true,"href":"https:\/\/vozolpuff.de\/it\/wp-json\/wp\/v2\/product_tag?post=5446"}],"curies":[{"name":"wp","href":"https:\/\/api.w.org\/{rel}","templated":true}]}}