{"id":5462,"date":"2025-09-29T14:06:27","date_gmt":"2025-09-29T12:06:27","guid":{"rendered":"https:\/\/vozolpuff.de\/?post_type=product&#038;p=5462"},"modified":"2025-09-29T14:06:27","modified_gmt":"2025-09-29T12:06:27","slug":"bang-leader-85000-love-666-blueberry-raspberry-vimto","status":"publish","type":"product","link":"https:\/\/vozolpuff.de\/it\/prodotto\/bang-leader-85000-love-666-blueberry-raspberry-vimto\/","title":{"rendered":"Bang Leader 85000 Amore 666\/Blueberry Raspberry\/Vimto"},"content":{"rendered":"<h2 class=\"text-xl font-bold text-text-100 mt-1 -mb-0.5\">Bang Leader 85000 Love 666\/Blueberry Raspberry\/Vimto sigaretta elettronica usa e getta<\/h2>\n<p class=\"whitespace-normal break-words\">Bang Leader 85000 \u00e8 un innovativo svapo usa e getta con un esclusivo sistema a tre aromi e sapori eccezionali. Provate il misterioso Love 666, la classica combinazione di mirtillo e lampone (Blueberry Raspberry) o il popolare gusto Vimto: tre gusti indipendenti in un unico elegante dispositivo. Ogni aroma \u00e8 contenuto in una cialda separata e pre-riempita e pu\u00f2 essere selezionato individualmente. L'eccezionale capacit\u00e0 di 85.000 puff \u00e8 resa possibile da una robusta batteria da 850 mAh, che pu\u00f2 essere ricaricata rapidamente grazie alla tecnologia Type-C. Il moderno display a LED mostra continuamente tutte le informazioni importanti del dispositivo, mentre le tre bobine a maglia da 1,0\u03a9 appositamente sviluppate garantiscono esperienze di aroma sempre intense.<\/p>\n<h3 class=\"text-lg font-bold text-text-100 mt-1 -mb-1.5\">Vantaggi del prodotto:<\/h3>\n<p class=\"whitespace-normal break-words\"><strong>Estrema capacit\u00e0 di trazione<\/strong> - Con 85.000 boccate, \u00e8 perfetto per chi usa spesso il prodotto e si aspetta la massima resistenza.<\/p>\n<p class=\"whitespace-normal break-words\"><strong>Tre profili di gusto esclusivi<\/strong> - Scegliete tra l'esclusivo Love 666, il fruttato mirtillo e lampone e il classico Vimto.<\/p>\n<p class=\"whitespace-normal break-words\"><strong>Pronto per l'uso immediato<\/strong> - 56 ml di e-liquid premium in tre cialde garantiscono un avvio diretto del vapore senza tempi di attesa.<\/p>\n<p class=\"whitespace-normal break-words\"><strong>Vaporizzatore a rete ad alte prestazioni<\/strong> - Tre bobine a rete da 1,0 \u03a9 forniscono un vapore voluminoso e sfumature di sapore chiare.<\/p>\n<p class=\"whitespace-normal break-words\"><strong>Tecnologia di visualizzazione intelligente<\/strong> - Il livello della batteria, il numero di treni e lo stato di funzionamento sono visualizzati sul chiaro schermo intelligente.<\/p>\n<p class=\"whitespace-normal break-words\"><strong>Funzione di ricarica rapida<\/strong> - La batteria da 850 mAh si ricarica in modo rapido ed efficiente tramite la porta Type-C.<\/p>\n<p class=\"whitespace-normal break-words\"><strong>Potenze di nicotina flessibili<\/strong> - Disponibile in 0%, 2%, 3% e 5% a seconda delle esigenze individuali.<\/p>\n<h3 class=\"text-lg font-bold text-text-100 mt-1 -mb-1.5\">Specifiche tecniche:<\/h3>\n<p class=\"whitespace-normal break-words\"><strong>Volume del liquido:<\/strong> 56ml<br \/>\n<strong>Muoversi al massimo:<\/strong> 85.000 Bign\u00e8<br \/>\n<strong>Capacit\u00e0 della batteria:<\/strong> 850 mAh<br \/>\n<strong>Contenuto di nicotina:<\/strong> 0% \/ 2% \/ 3% \/ 5%<br \/>\n<strong>Vaporizzatore:<\/strong> 1,0 Ohm \u00d7 3<br \/>\n<strong>Caratteristica speciale:<\/strong> Sistema a triplo aroma<br \/>\n<strong>Porta di ricarica:<\/strong> Tipo-C<\/p>\n<h3 class=\"text-lg font-bold text-text-100 mt-1 -mb-1.5\">Scopri di pi\u00f9 BANG VAPE su vozolpuff<\/h3>\n<p class=\"whitespace-normal break-words\">Esplorate altri prodotti di punta nella nostra <strong><a class=\"underline\" href=\"https:\/\/vozolpuff.de\/it\/\">Negozio online di sigarette elettroniche<\/a><\/strong>, scoprite l'elenco completo <strong><a class=\"underline\" href=\"https:\/\/vozolpuff.de\/it\/product-category\/bang-vape\/\">Linea di prodotti BANG VAPE<\/a><\/strong> oppure date un'occhiata a tutti <strong><a class=\"underline\" href=\"https:\/\/vozolpuff.de\/it\/product-category\/bang-vape\/bang-leader-85000\/\">Bang Leader 85000 varianti di gusto<\/a><\/strong> a.<\/p>","protected":false},"excerpt":{"rendered":"<p class=\"whitespace-normal break-words\">Il Bang Leader 85000 Love 666\/Blueberry Raspberry\/Vimto ispira con tre gusti unici in un unico dispositivo premium. Provate il mistico Love 666, il fruttato Blueberry Raspberry e il classico Vimto. Con ben 85.000 boccate, display LED intelligente, batteria da 850 mAh e tre potenti bobine a rete per un piacere di vapore ai massimi livelli.<\/p>","protected":false},"featured_media":5465,"comment_status":"open","ping_status":"closed","template":"","meta":{"_acf_changed":false},"product_brand":[],"product_cat":[66],"product_tag":[],"class_list":{"0":"post-5462","1":"product","2":"type-product","3":"status-publish","4":"has-post-thumbnail","6":"product_cat-bang-leader-85000","8":"first","9":"instock","10":"shipping-taxable","11":"purchasable","12":"product-type-variable"},"acf":[],"_links":{"self":[{"href":"https:\/\/vozolpuff.de\/it\/wp-json\/wp\/v2\/product\/5462","targetHints":{"allow":["GET"]}}],"collection":[{"href":"https:\/\/vozolpuff.de\/it\/wp-json\/wp\/v2\/product"}],"about":[{"href":"https:\/\/vozolpuff.de\/it\/wp-json\/wp\/v2\/types\/product"}],"replies":[{"embeddable":true,"href":"https:\/\/vozolpuff.de\/it\/wp-json\/wp\/v2\/comments?post=5462"}],"wp:featuredmedia":[{"embeddable":true,"href":"https:\/\/vozolpuff.de\/it\/wp-json\/wp\/v2\/media\/5465"}],"wp:attachment":[{"href":"https:\/\/vozolpuff.de\/it\/wp-json\/wp\/v2\/media?parent=5462"}],"wp:term":[{"taxonomy":"product_brand","embeddable":true,"href":"https:\/\/vozolpuff.de\/it\/wp-json\/wp\/v2\/product_brand?post=5462"},{"taxonomy":"product_cat","embeddable":true,"href":"https:\/\/vozolpuff.de\/it\/wp-json\/wp\/v2\/product_cat?post=5462"},{"taxonomy":"product_tag","embeddable":true,"href":"https:\/\/vozolpuff.de\/it\/wp-json\/wp\/v2\/product_tag?post=5462"}],"curies":[{"name":"wp","href":"https:\/\/api.w.org\/{rel}","templated":true}]}}