{"id":579,"date":"2025-08-23T12:04:50","date_gmt":"2025-08-23T10:04:50","guid":{"rendered":"https:\/\/vozolpuff.de\/?post_type=product&#038;p=579"},"modified":"2026-01-15T12:00:21","modified_gmt":"2026-01-15T11:00:21","slug":"vozol-star-40000-strawberry-watermelon","status":"publish","type":"product","link":"https:\/\/vozolpuff.de\/it\/prodotto\/vozol-star-40000-strawberry-watermelon\/","title":{"rendered":"VOZOL STAR 40000 Fragola Anguria"},"content":{"rendered":"<h2 class=\"text-xl font-bold text-text-100 mt-1 -mb-0.5\">VOZOL STAR 40000 Fragola e anguria Vape usa e getta<\/h2>\n<p class=\"whitespace-normal break-words\">Scoprite la freschezza estiva con la <strong>VOZOL STAR 40000 Fragola Anguria<\/strong>. Questa sigaretta elettronica usa e getta di prima qualit\u00e0 combina fragole aromatiche con succosa anguria per un piacere rinfrescante con fino a <strong>40.000 treni<\/strong>.<\/p>\n<h3 class=\"text-xl font-bold text-text-100 mt-1 -mb-0.5\">Fusione di sapori estivi<\/h3>\n<p class=\"whitespace-normal break-words\"><strong>Sapore:<\/strong> Miscela fragola-anguria<br \/>\n<strong>Volume di trazione:<\/strong> Fino a 40.000 treni<br \/>\n<strong>Accumulo di energia:<\/strong> Batteria al litio da 1000 mAh<br \/>\n<strong>concentrazione di nicotina:<\/strong> 50mg\/ml<\/p>\n<p class=\"whitespace-normal break-words\">Le dolci fragole da giardino si fondono con il melone fresco e acquoso per creare un successo estivo. La potente batteria garantisce che questa sinfonia di sapori rimanga inalterata per tutta la durata del prodotto.<\/p>\n<h3 class=\"text-xl font-bold text-text-100 mt-1 -mb-0.5\">Composizione fruttata rinfrescante<\/h3>\n<p class=\"whitespace-normal break-words\">Questi <strong>Sigaretta elettronica usa e getta Strawberry Watermelon<\/strong> affascina con la sua dolcezza naturale senza un'intensit\u00e0 eccessiva. Perfetto per le giornate calde o come alternativa rinfrescante agli aromi pesanti.<\/p>\n<p class=\"whitespace-normal break-words\"><strong>Propriet\u00e0:<\/strong> Dolcezza equilibrata della frutta, profondit\u00e0 naturale del gusto, capacit\u00e0 da record, facilit\u00e0 d'uso e lavorazione VOZOL di prima classe.<\/p>\n<p class=\"whitespace-normal break-words\">Sfogliate il nostro <strong><a class=\"underline\" href=\"https:\/\/vozolpuff.de\/it\/\">Assortimento di sigari<\/a><\/strong>, esplorate il sito completo <strong><a class=\"underline\" href=\"https:\/\/vozolpuff.de\/it\/product-category\/vozol-vape\/\">Serie VOZOL VAPE<\/a><\/strong> o scegliere tra tutti <strong><a class=\"underline\" href=\"https:\/\/vozolpuff.de\/it\/product-category\/vozol-vape\/vozol-star-40000\/\">VOZOL Star 40000 Varianti<\/a><\/strong>.<\/p>","protected":false},"excerpt":{"rendered":"<p>VOZOL STAR 40000 Strawberry Watermelon Vape usa e getta combina fragole dolci con succosa anguria per una freschezza estiva. Questa sigaretta elettronica usa e getta di prima classe offre fino a 40.000 tiri, batteria da 1000 mAh e 50 mg\/ml di nicotina. La dolcezza naturale della frutta incontra il gusto rinfrescante.<\/p>","protected":false},"featured_media":581,"comment_status":"open","ping_status":"closed","template":"","meta":{"_acf_changed":false},"product_brand":[],"product_cat":[29],"product_tag":[],"class_list":{"0":"post-579","1":"product","2":"type-product","3":"status-publish","4":"has-post-thumbnail","6":"product_cat-vozol-star-40000","8":"first","9":"instock","10":"shipping-taxable","11":"purchasable","12":"product-type-variable"},"acf":[],"_links":{"self":[{"href":"https:\/\/vozolpuff.de\/it\/wp-json\/wp\/v2\/product\/579","targetHints":{"allow":["GET"]}}],"collection":[{"href":"https:\/\/vozolpuff.de\/it\/wp-json\/wp\/v2\/product"}],"about":[{"href":"https:\/\/vozolpuff.de\/it\/wp-json\/wp\/v2\/types\/product"}],"replies":[{"embeddable":true,"href":"https:\/\/vozolpuff.de\/it\/wp-json\/wp\/v2\/comments?post=579"}],"wp:featuredmedia":[{"embeddable":true,"href":"https:\/\/vozolpuff.de\/it\/wp-json\/wp\/v2\/media\/581"}],"wp:attachment":[{"href":"https:\/\/vozolpuff.de\/it\/wp-json\/wp\/v2\/media?parent=579"}],"wp:term":[{"taxonomy":"product_brand","embeddable":true,"href":"https:\/\/vozolpuff.de\/it\/wp-json\/wp\/v2\/product_brand?post=579"},{"taxonomy":"product_cat","embeddable":true,"href":"https:\/\/vozolpuff.de\/it\/wp-json\/wp\/v2\/product_cat?post=579"},{"taxonomy":"product_tag","embeddable":true,"href":"https:\/\/vozolpuff.de\/it\/wp-json\/wp\/v2\/product_tag?post=579"}],"curies":[{"name":"wp","href":"https:\/\/api.w.org\/{rel}","templated":true}]}}