{"id":585,"date":"2025-08-23T12:07:59","date_gmt":"2025-08-23T10:07:59","guid":{"rendered":"https:\/\/vozolpuff.de\/?post_type=product&#038;p=585"},"modified":"2026-01-15T12:00:09","modified_gmt":"2026-01-15T11:00:09","slug":"vozol-star-40000-strawmelon-peach","status":"publish","type":"product","link":"https:\/\/vozolpuff.de\/it\/prodotto\/vozol-star-40000-strawmelon-peach\/","title":{"rendered":"VOZOL STAR 40000 Fragola Pesca"},"content":{"rendered":"<h2 class=\"text-xl font-bold text-text-100 mt-1 -mb-0.5\">VOZOL STAR 40000 Strawmelon Peach Vape usa e getta<\/h2>\n<p class=\"whitespace-normal break-words\">Scoprite la tripla esplosione di frutta con il <strong>VOZOL STAR 40000 Fragola Pesca<\/strong>. Questa straordinaria sigaretta elettronica usa e getta combina fragole, anguria e pesca per creare un'armoniosa composizione di aromi con un massimo di <strong>40.000 treni<\/strong>.<\/p>\n<h3 class=\"text-lg font-bold text-text-100 mt-1 -mb-1.5\">Armonia a tre frutti<\/h3>\n<p class=\"whitespace-normal break-words\"><strong>Note di gusto:<\/strong> Fragola, anguria, pesca<br \/>\n<strong>Treni:<\/strong> Fino a 40.000 soffi<br \/>\n<strong>Alimentazione a batteria:<\/strong> Batteria ad alta capacit\u00e0 da 1000 mAh<br \/>\n<strong>Nicotina:<\/strong> 50mg\/ml<\/p>\n<p class=\"whitespace-normal break-words\">Questa tripla combinazione unica offre una profondit\u00e0 di sapore ai massimi livelli. Le dolci fragole, la succosa anguria e la vellutata pesca si completano a vicenda per creare un'esperienza di vapore corposa che viene costantemente erogata dalla potente batteria.<\/p>\n<h3 class=\"text-lg font-bold text-text-100 mt-1 -mb-1.5\">Esperienza di gusto complessa<\/h3>\n<p class=\"whitespace-normal break-words\">Questi <strong>Sigaretta elettronica usa e getta alla pesca fragola<\/strong> si rivolge ai vapers pi\u00f9 esigenti che apprezzano una variet\u00e0 di sapori. La composizione aromatica multistrato si sviluppa ad ogni boccata.<\/p>\n<p class=\"whitespace-normal break-words\"><strong>Caratteristiche speciali:<\/strong> Miscela di frutta complessa, sviluppo del sapore su pi\u00f9 livelli, estrema longevit\u00e0, funzionamento senza sforzo e qualit\u00e0 costruttiva VOZOL di alto livello.<\/p>\n<p class=\"whitespace-normal break-words\">Scoprite il nostro <strong><a class=\"underline\" href=\"https:\/\/vozolpuff.de\/it\/\">Universo Vape<\/a><\/strong>immergetevi nella <strong><a class=\"underline\" href=\"https:\/\/vozolpuff.de\/it\/product-category\/vozol-vape\/\">Mondo VAPE VOZOL<\/a><\/strong> o esplorare di pi\u00f9 <strong><a class=\"underline\" href=\"https:\/\/vozolpuff.de\/it\/product-category\/vozol-vape\/vozol-star-40000\/\">Creazioni di gusto VOZOL Star 40000<\/a><\/strong>.<\/p>","protected":false},"excerpt":{"rendered":"<p>La sigaretta monouso VOZOL STAR 40000 Strawmelon Peach combina fragole, anguria e pesca per creare un'armoniosa tripla esplosione di frutta. Questa straordinaria sigaretta elettronica monouso offre fino a 40.000 boccate, una batteria da 1000 mAh e 50 mg\/ml di nicotina. Profondit\u00e0 di gusto complessa per i vapers pi\u00f9 esigenti.<\/p>","protected":false},"featured_media":587,"comment_status":"open","ping_status":"closed","template":"","meta":{"_acf_changed":false},"product_brand":[],"product_cat":[29],"product_tag":[],"class_list":{"0":"post-585","1":"product","2":"type-product","3":"status-publish","4":"has-post-thumbnail","6":"product_cat-vozol-star-40000","8":"first","9":"instock","10":"shipping-taxable","11":"purchasable","12":"product-type-variable"},"acf":[],"_links":{"self":[{"href":"https:\/\/vozolpuff.de\/it\/wp-json\/wp\/v2\/product\/585","targetHints":{"allow":["GET"]}}],"collection":[{"href":"https:\/\/vozolpuff.de\/it\/wp-json\/wp\/v2\/product"}],"about":[{"href":"https:\/\/vozolpuff.de\/it\/wp-json\/wp\/v2\/types\/product"}],"replies":[{"embeddable":true,"href":"https:\/\/vozolpuff.de\/it\/wp-json\/wp\/v2\/comments?post=585"}],"wp:featuredmedia":[{"embeddable":true,"href":"https:\/\/vozolpuff.de\/it\/wp-json\/wp\/v2\/media\/587"}],"wp:attachment":[{"href":"https:\/\/vozolpuff.de\/it\/wp-json\/wp\/v2\/media?parent=585"}],"wp:term":[{"taxonomy":"product_brand","embeddable":true,"href":"https:\/\/vozolpuff.de\/it\/wp-json\/wp\/v2\/product_brand?post=585"},{"taxonomy":"product_cat","embeddable":true,"href":"https:\/\/vozolpuff.de\/it\/wp-json\/wp\/v2\/product_cat?post=585"},{"taxonomy":"product_tag","embeddable":true,"href":"https:\/\/vozolpuff.de\/it\/wp-json\/wp\/v2\/product_tag?post=585"}],"curies":[{"name":"wp","href":"https:\/\/api.w.org\/{rel}","templated":true}]}}