{"id":598,"date":"2025-08-23T12:12:51","date_gmt":"2025-08-23T10:12:51","guid":{"rendered":"https:\/\/vozolpuff.de\/?post_type=product&#038;p=598"},"modified":"2026-01-15T11:59:43","modified_gmt":"2026-01-15T10:59:43","slug":"vozol-star-40000-watermelon-bubble-gum","status":"publish","type":"product","link":"https:\/\/vozolpuff.de\/it\/prodotto\/vozol-star-40000-watermelon-bubble-gum\/","title":{"rendered":"Gomma da masticare VOZOL STAR 40000 all'anguria"},"content":{"rendered":"<h2 class=\"text-xl font-bold text-text-100 mt-1 -mb-0.5\">VOZOL STAR 40000 Watermelon Bubble Gum Vape usa e getta<\/h2>\n<p class=\"whitespace-normal break-words\">Immergetevi nei ricordi nostalgici dell'infanzia con la <strong>Gomma da masticare VOZOL STAR 40000 all'anguria<\/strong>. Questa giocosa sigaretta elettronica usa e getta combina succosa anguria con dolce aroma di gomma da masticare per un massimo di <strong>40.000 treni nostalgici<\/strong>.<\/p>\n<h3 class=\"text-lg font-bold text-text-100 mt-1 -mb-1.5\">Un mondo di sapori nostalgici<\/h3>\n<p class=\"whitespace-normal break-words\"><strong>Sapore:<\/strong> Gomma da masticare al gusto di anguria Fusion<br \/>\n<strong>Capacit\u00e0:<\/strong> Fino a 40.000 treni<br \/>\n<strong>Batteria:<\/strong> 1000 mAh di potenza continua<br \/>\n<strong>Nicotina:<\/strong> 50mg\/ml<\/p>\n<p class=\"whitespace-normal break-words\">Il gusto fresco dell'anguria incontra la dolce nostalgia della gomma da masticare: una combinazione che entusiasma grandi e piccini. L'affidabilit\u00e0 delle batterie garantisce che questa esperienza di gusto unica rimanga disponibile a lungo.<\/p>\n<h3 class=\"text-lg font-bold text-text-100 mt-1 -mb-1.5\">Divertimento giocoso con il vapore<\/h3>\n<p class=\"whitespace-normal break-words\">Questi <strong>Sigaretta elettronica usa e getta Watermelon Bubble Gum<\/strong> risveglia ricordi positivi e porta divertimento nella routine quotidiana dello svapo. Perfetto per tutti coloro che amano combinazioni di sapori insolite e giocose.<\/p>\n<p class=\"whitespace-normal break-words\"><strong>Punti salienti:<\/strong> Fattore nostalgia unico, equilibrio perfetto tra dolcezza e intensit\u00e0, numero massimo di boccate, facilit\u00e0 d'uso e produzione VOZOL di alta qualit\u00e0 per un piacere duraturo.<\/p>\n<p class=\"whitespace-normal break-words\">Visitate il nostro <strong><a class=\"underline\" href=\"https:\/\/vozolpuff.de\/it\/\">Vape shop<\/a><\/strong>, sfogliate il <strong><a class=\"underline\" href=\"https:\/\/vozolpuff.de\/it\/product-category\/vozol-vape\/\">Assortimento VOZOL VAPE<\/a><\/strong> o scoprire tutti <strong><a class=\"underline\" href=\"https:\/\/vozolpuff.de\/it\/product-category\/vozol-vape\/vozol-star-40000\/\">VOZOL Star 40000 gusti<\/a><\/strong>.<\/p>","protected":false},"excerpt":{"rendered":"<p>VOZOL STAR 40000 Watermelon Bubble Gum Vape usa e getta combina succosa anguria con dolce aroma di gomma da masticare per nostalgici ricordi d'infanzia. Questa giocosa sigaretta elettronica usa e getta offre fino a 40.000 tiri, batteria da 1000 mAh e 50 mg\/ml di nicotina. Un fattore nostalgico unico incontra il divertimento giocoso dello svapo.<\/p>","protected":false},"featured_media":600,"comment_status":"open","ping_status":"closed","template":"","meta":{"_acf_changed":false},"product_brand":[],"product_cat":[29],"product_tag":[],"class_list":{"0":"post-598","1":"product","2":"type-product","3":"status-publish","4":"has-post-thumbnail","6":"product_cat-vozol-star-40000","8":"first","9":"instock","10":"shipping-taxable","11":"purchasable","12":"product-type-variable"},"acf":[],"_links":{"self":[{"href":"https:\/\/vozolpuff.de\/it\/wp-json\/wp\/v2\/product\/598","targetHints":{"allow":["GET"]}}],"collection":[{"href":"https:\/\/vozolpuff.de\/it\/wp-json\/wp\/v2\/product"}],"about":[{"href":"https:\/\/vozolpuff.de\/it\/wp-json\/wp\/v2\/types\/product"}],"replies":[{"embeddable":true,"href":"https:\/\/vozolpuff.de\/it\/wp-json\/wp\/v2\/comments?post=598"}],"wp:featuredmedia":[{"embeddable":true,"href":"https:\/\/vozolpuff.de\/it\/wp-json\/wp\/v2\/media\/600"}],"wp:attachment":[{"href":"https:\/\/vozolpuff.de\/it\/wp-json\/wp\/v2\/media?parent=598"}],"wp:term":[{"taxonomy":"product_brand","embeddable":true,"href":"https:\/\/vozolpuff.de\/it\/wp-json\/wp\/v2\/product_brand?post=598"},{"taxonomy":"product_cat","embeddable":true,"href":"https:\/\/vozolpuff.de\/it\/wp-json\/wp\/v2\/product_cat?post=598"},{"taxonomy":"product_tag","embeddable":true,"href":"https:\/\/vozolpuff.de\/it\/wp-json\/wp\/v2\/product_tag?post=598"}],"curies":[{"name":"wp","href":"https:\/\/api.w.org\/{rel}","templated":true}]}}