{"id":6178,"date":"2025-10-09T09:17:27","date_gmt":"2025-10-09T07:17:27","guid":{"rendered":"https:\/\/vozolpuff.de\/?post_type=product&#038;p=6178"},"modified":"2025-10-09T09:17:27","modified_gmt":"2025-10-09T07:17:27","slug":"bang-king-30000-blueberry-ice-black-dragon-ice","status":"publish","type":"product","link":"https:\/\/vozolpuff.de\/it\/prodotto\/bang-king-30000-blueberry-ice-black-dragon-ice\/","title":{"rendered":"Bang King 30000 Ghiaccio al mirtillo\/Ghiaccio al drago nero"},"content":{"rendered":"<h2 class=\"text-xl font-bold text-text-100 mt-1 -mb-0.5\">Bang King 30000 Blueberry Ice\/Black Dragon Ice Vape usa e getta<\/h2>\n<p class=\"whitespace-normal break-words\">La sigaretta elettronica usa e getta Bang King 30000 Puffs, disponibile nei due gusti intercambiabili Blueberry Ice e Black Dragon Ice, offre fino a 30.000 tiri da un generoso serbatoio di e-liquid pre-riempito da 36 ml. Scegli tra concentrazioni di nicotina da 0%, 2%, 3% o 5% per un'esperienza di svapo personalizzata. Alimentata da una batteria da 550 mAh con flusso d'aria regolabile e una resistenza mesh coil da 1,0 \u03a9, offre un gusto intenso e la massima flessibilit\u00e0 grazie a due aromi separati in un unico dispositivo.<\/p>\n<h3 class=\"text-lg font-bold text-text-100 mt-1 -mb-1.5\">Caratteristiche principali del prodotto Bang King 30000 Blueberry Ice\/Black Dragon Ice:<\/h3>\n<p class=\"whitespace-normal break-words\">Il Bang King 30000 Puffs con display LCD e tecnologia Dual Flavor offre un'esperienza di svapo eccezionale grazie alla sua impressionante capacit\u00e0 di 30.000 tiri. Dotato di una bobina mesh da 1,0 ohm e di una notevole capacit\u00e0 di 36 ml di e-liquid, questo dispositivo garantisce una produzione di vapore morbida e uniforme e un utilizzo prolungato senza ricariche frequenti. Gli utenti possono scegliere tra concentrazioni di nicotina 0%, 2%, 3% o 5%.<\/p>\n<p class=\"whitespace-normal break-words\">Alimentato da una batteria affidabile da 550 mAh con funzione di ricarica rapida di tipo C, Bang King 30000 garantisce prestazioni costanti e tempi di inattivit\u00e0 minimi. L'avanzato display LCD digitale mostra in modo pratico il livello della batteria e il livello di e-liquid. L'eccezionale funzione doppio tasto consente di passare da un gusto all'altro: il rinfrescante Blueberry Ice con un fresco retrogusto di mentolo o l'intenso Black Dragon Ice per un'esperienza di svapo mistica.<\/p>\n<p class=\"whitespace-normal break-words\">Progettato sia per i principianti che per i vapers esperti, il Bang King 30000 combina elevata capacit\u00e0, facilit\u00e0 d'uso e tecnologia avanzata. La possibilit\u00e0 di alternare due aromi completamente diversi rende questo modello la scelta ideale per chi ama la variet\u00e0.<\/p>\n<h3 class=\"text-lg font-bold text-text-100 mt-1 -mb-1.5\">Dati tecnici:<\/h3>\n<p class=\"whitespace-normal break-words\"><strong>Treni:<\/strong> Fino a 30.000 soffi<br \/>\n<strong>Capacit\u00e0 del liquido:<\/strong> 36 ml<br \/>\n<strong>Nicotina:<\/strong> 0%, 2%, 3%, 5%<br \/>\n<strong>Tipo:<\/strong> Monouso<br \/>\n<strong>Batteria:<\/strong> Batteria da 550 mAh<br \/>\n<strong>Flusso d'aria:<\/strong> Regolabile<br \/>\n<strong>Resistenza della bobina di riscaldamento:<\/strong> 1,0\u03a9 Bobina a maglie<\/p>\n<h3 class=\"text-lg font-bold text-text-100 mt-1 -mb-1.5\">Scopri di pi\u00f9 BANG VAPE su vozolpuff<\/h3>\n<p class=\"whitespace-normal break-words\">Scoprite altri prodotti premium nel nostro <strong><a class=\"underline\" href=\"https:\/\/vozolpuff.de\/it\/\">Negozio online di sigarette elettroniche<\/a><\/strong>esplorare l'intero <strong><a class=\"underline\" href=\"https:\/\/vozolpuff.de\/it\/product-category\/bang-vape\/\">Gamma di prodotti BANG VAPE<\/a><\/strong> o sfogliare tutti i <strong><a class=\"underline\" href=\"https:\/\/vozolpuff.de\/it\/product-category\/bang-vape\/bang-king-30000\/\">Bang King 30000 varianti di gusto<\/a><\/strong> per un'esperienza di svapo perfetta.<\/p>","protected":false},"excerpt":{"rendered":"<p class=\"whitespace-normal break-words\">Doppio gusto in un unico dispositivo con la sigaretta elettronica usa e getta Bang King 30000 Blueberry Ice\/Black Dragon Ice. Fino a 30.000 tiri da un serbatoio da 36 ml: passa dal rinfrescante Blueberry Ice all'intenso Black Dragon Ice con la semplice pressione di un pulsante. Batteria da 550 mAh con ricarica rapida di tipo C, display LCD per il livello della batteria e del liquido. La bobina mesh da 1,0 \u03a9 garantisce un gusto uniforme. Flusso d'aria regolabile e quattro livelli di nicotina disponibili.<\/p>\n<p class=\"whitespace-normal break-words\">","protected":false},"featured_media":6180,"comment_status":"open","ping_status":"closed","template":"","meta":{"_acf_changed":false},"product_brand":[],"product_cat":[74],"product_tag":[],"class_list":{"0":"post-6178","1":"product","2":"type-product","3":"status-publish","4":"has-post-thumbnail","6":"product_cat-bang-king-30000","8":"first","9":"instock","10":"shipping-taxable","11":"purchasable","12":"product-type-variable"},"acf":[],"_links":{"self":[{"href":"https:\/\/vozolpuff.de\/it\/wp-json\/wp\/v2\/product\/6178","targetHints":{"allow":["GET"]}}],"collection":[{"href":"https:\/\/vozolpuff.de\/it\/wp-json\/wp\/v2\/product"}],"about":[{"href":"https:\/\/vozolpuff.de\/it\/wp-json\/wp\/v2\/types\/product"}],"replies":[{"embeddable":true,"href":"https:\/\/vozolpuff.de\/it\/wp-json\/wp\/v2\/comments?post=6178"}],"wp:featuredmedia":[{"embeddable":true,"href":"https:\/\/vozolpuff.de\/it\/wp-json\/wp\/v2\/media\/6180"}],"wp:attachment":[{"href":"https:\/\/vozolpuff.de\/it\/wp-json\/wp\/v2\/media?parent=6178"}],"wp:term":[{"taxonomy":"product_brand","embeddable":true,"href":"https:\/\/vozolpuff.de\/it\/wp-json\/wp\/v2\/product_brand?post=6178"},{"taxonomy":"product_cat","embeddable":true,"href":"https:\/\/vozolpuff.de\/it\/wp-json\/wp\/v2\/product_cat?post=6178"},{"taxonomy":"product_tag","embeddable":true,"href":"https:\/\/vozolpuff.de\/it\/wp-json\/wp\/v2\/product_tag?post=6178"}],"curies":[{"name":"wp","href":"https:\/\/api.w.org\/{rel}","templated":true}]}}