{"id":6194,"date":"2025-10-09T09:22:25","date_gmt":"2025-10-09T07:22:25","guid":{"rendered":"https:\/\/vozolpuff.de\/?post_type=product&#038;p=6194"},"modified":"2025-10-09T09:22:25","modified_gmt":"2025-10-09T07:22:25","slug":"bang-king-30000-blueberry-raspberry-mixed-mouldy-fruit","status":"publish","type":"product","link":"https:\/\/vozolpuff.de\/it\/prodotto\/bang-king-30000-blueberry-raspberry-mixed-mouldy-fruit\/","title":{"rendered":"Bang King 30000 Mirtillo Lampone\/Frutta Mista"},"content":{"rendered":"<h2 class=\"text-xl font-bold text-text-100 mt-1 -mb-0.5\">Bang King 30000 Mirtillo Lampone\/Frutta Mista monouso vape<\/h2>\n<p class=\"whitespace-normal break-words\">Provate un'eccezionale combinazione di sapori con la svapata monouso Bang King 30000 Blueberry Raspberry\/Mixed Mouldy Fruit. Questo potente dispositivo eroga fino a 30.000 boccate da un serbatoio pre-riempito da 36 ml e offre opzioni di nicotina di 0%, 2%, 3% o 5%. La batteria da 550 mAh, in combinazione con il flusso d'aria regolabile e la bobina a maglia da 1,0 \u03a9, garantisce esperienze dal sapore intenso. Scegliete tra l'aspro Lampone Mirtillo e l'esotico Frutto Misto - due sapori indipendenti in un unico dispositivo di qualit\u00e0.<\/p>\n<h3 class=\"text-lg font-bold text-text-100 mt-1 -mb-1.5\">Caratteristiche salienti di Bang King 30000 Mirtillo Lampone\/Frutta Mista:<\/h3>\n<p class=\"whitespace-normal break-words\">Questo avanzato vape monouso con 30.000 puff e display LCD si distingue per l'innovativa tecnologia a doppio aroma. La bobina a rete da 1,0 ohm di alta qualit\u00e0 eroga ciascuno dei due aromi con una precisione impressionante, mentre la capacit\u00e0 di 36 ml assicura settimane di divertimento. \u00c8 possibile personalizzare l'intensit\u00e0 della nicotina a proprio piacimento, sia senza nicotina che con un massimo di 5%.<\/p>\n<p class=\"whitespace-normal break-words\">Grazie all'affidabile batteria da 550 mAh e alla porta di ricarica rapida Type-C, potrete godere di prestazioni continue senza interruzioni. L'intuitivo display LCD informa in modo trasparente sullo stato della batteria e sulla quantit\u00e0 di liquido rimanente. La speciale funzione a doppio pulsante consente di passare spontaneamente da un gusto all'altro: l'aspro Blueberry Raspberry per gli amanti dei frutti di bosco o l'esotico Mixed Mouldy Fruit per i pi\u00f9 avventurosi.<\/p>\n<p class=\"whitespace-normal break-words\">Questa Bang King 30000 si rivolge a tutti i vapers che cercano la massima qualit\u00e0, la massima capacit\u00e0 e una vera variet\u00e0 di sapori. Il design elegante e la tecnologia sofisticata ne fanno il compagno perfetto per tutta la giornata.<\/p>\n<h3 class=\"text-lg font-bold text-text-100 mt-1 -mb-1.5\">Dati tecnici:<\/h3>\n<p class=\"whitespace-normal break-words\"><strong>Treni:<\/strong> Fino a 30.000 soffi<br \/>\n<strong>Capacit\u00e0 del liquido:<\/strong> 36 ml<br \/>\n<strong>Nicotina:<\/strong> 0%, 2%, 3%, 5%<br \/>\n<strong>Tipo:<\/strong> Monouso<br \/>\n<strong>Batteria:<\/strong> Batteria da 550 mAh<br \/>\n<strong>Flusso d'aria:<\/strong> Regolabile<br \/>\n<strong>Resistenza della bobina di riscaldamento:<\/strong> 1,0\u03a9 Bobina a maglie<\/p>\n<h3 class=\"text-lg font-bold text-text-100 mt-1 -mb-1.5\">Scopri di pi\u00f9 BANG VAPE su vozolpuff<\/h3>\n<p class=\"whitespace-normal break-words\">Sfogliate il nostro <strong><a class=\"underline\" href=\"https:\/\/vozolpuff.de\/it\/\">Negozio online di sigarette elettroniche<\/a><\/strong> per ulteriori approfondimenti, esplorate l'intera gamma delle <strong><a class=\"underline\" href=\"https:\/\/vozolpuff.de\/it\/product-category\/bang-vape\/\">Serie BANG VAPE<\/a><\/strong> o trovare la vostra variet\u00e0 preferita tra tutte <strong><a class=\"underline\" href=\"https:\/\/vozolpuff.de\/it\/product-category\/bang-vape\/bang-king-30000\/\">Bang King 30000 gusti<\/a><\/strong>.<\/p>","protected":false},"excerpt":{"rendered":"<p class=\"whitespace-normal break-words\">Combinazione di sapori eccezionale con il vape usa e getta Bang King 30000 Blueberry Raspberry\/Mixed Mouldy Fruit. Fino a 30.000 boccate da un serbatoio da 36 ml - passa dall'aspro lampone Blueberry all'esotico Mixed Mouldy Fruit. Batteria da 550 mAh con ricarica rapida Type-C, il display LCD mostra tutti i dati importanti. La bobina a rete da 1,0\u03a9 diffonde con precisione entrambi i sapori. Flusso d'aria regolabile e quattro intensit\u00e0 di nicotina disponibili.<\/p>\n<p class=\"whitespace-normal break-words\">","protected":false},"featured_media":6196,"comment_status":"open","ping_status":"closed","template":"","meta":{"_acf_changed":false},"product_brand":[],"product_cat":[74],"product_tag":[],"class_list":{"0":"post-6194","1":"product","2":"type-product","3":"status-publish","4":"has-post-thumbnail","6":"product_cat-bang-king-30000","8":"first","9":"instock","10":"shipping-taxable","11":"purchasable","12":"product-type-variable"},"acf":[],"_links":{"self":[{"href":"https:\/\/vozolpuff.de\/it\/wp-json\/wp\/v2\/product\/6194","targetHints":{"allow":["GET"]}}],"collection":[{"href":"https:\/\/vozolpuff.de\/it\/wp-json\/wp\/v2\/product"}],"about":[{"href":"https:\/\/vozolpuff.de\/it\/wp-json\/wp\/v2\/types\/product"}],"replies":[{"embeddable":true,"href":"https:\/\/vozolpuff.de\/it\/wp-json\/wp\/v2\/comments?post=6194"}],"wp:featuredmedia":[{"embeddable":true,"href":"https:\/\/vozolpuff.de\/it\/wp-json\/wp\/v2\/media\/6196"}],"wp:attachment":[{"href":"https:\/\/vozolpuff.de\/it\/wp-json\/wp\/v2\/media?parent=6194"}],"wp:term":[{"taxonomy":"product_brand","embeddable":true,"href":"https:\/\/vozolpuff.de\/it\/wp-json\/wp\/v2\/product_brand?post=6194"},{"taxonomy":"product_cat","embeddable":true,"href":"https:\/\/vozolpuff.de\/it\/wp-json\/wp\/v2\/product_cat?post=6194"},{"taxonomy":"product_tag","embeddable":true,"href":"https:\/\/vozolpuff.de\/it\/wp-json\/wp\/v2\/product_tag?post=6194"}],"curies":[{"name":"wp","href":"https:\/\/api.w.org\/{rel}","templated":true}]}}