{"id":6202,"date":"2025-10-09T09:24:52","date_gmt":"2025-10-09T07:24:52","guid":{"rendered":"https:\/\/vozolpuff.de\/?post_type=product&#038;p=6202"},"modified":"2025-10-09T09:24:52","modified_gmt":"2025-10-09T07:24:52","slug":"bang-king-30000-blueberry-raspberry-peach-mango-watermelon","status":"publish","type":"product","link":"https:\/\/vozolpuff.de\/it\/prodotto\/bang-king-30000-blueberry-raspberry-peach-mango-watermelon\/","title":{"rendered":"Bang King 30000 Mirtillo Lampone\/Pesce Mango Anguria"},"content":{"rendered":"<h2 class=\"text-xl font-bold text-text-100 mt-1 -mb-0.5\">Bang King 30000 Blueberry Raspberry\/Peach Mango Watermelon Vape usa e getta<\/h2>\n<p class=\"whitespace-normal break-words\">La sigaretta elettronica usa e getta Bang King 30000 Blueberry Raspberry\/Peach Mango Watermelon unisce l'intensit\u00e0 fruttata alla perfezione tecnica. Goditi fino a 30.000 tiri dal generoso serbatoio di e-liquid da 36 ml con concentrazione di nicotina a scelta tra 0%, 2%, 3% o 5%. Dotato di una potente batteria da 550 mAh, flusso d'aria regolabile e precisa tecnologia mesh coil da 1,0 \u03a9, questo modello offre due profili di gusto completamente separati: Blueberry Raspberry, dal gusto fruttato e acidulo, e Peach Mango Watermelon, dal gusto tropicale.<\/p>\n<h3 class=\"text-lg font-bold text-text-100 mt-1 -mb-1.5\">Caratteristiche particolari della variante Blueberry Raspberry\/Peach Mango Watermelon:<\/h3>\n<p class=\"whitespace-normal break-words\">Questa sigaretta elettronica usa e getta premium con ben 30.000 tiri e un moderno display LCD rivoluziona l'esperienza di svapo grazie alla sua innovativa doppia aromatizzazione. La bobina mesh ottimizzata da 1,0 ohm garantisce un autentico sviluppo dell'aroma in entrambi i gusti, mentre il serbatoio da 36 ml consente mesi di piacere senza ricariche. Scegliete il vostro dosaggio personale di nicotina per un'esperienza su misura.<\/p>\n<p class=\"whitespace-normal break-words\">La robusta batteria da 550 mAh con moderna tecnologia di ricarica rapida Type-C garantisce prestazioni costanti e tempi di ricarica brevi. Il chiaro display LCD ti tiene sempre informato sullo stato di carica della batteria e sul livello del liquido. Il clou: la funzione doppio tasto consente di passare senza sforzo dal gusto aspro di mirtillo e lampone a quello estivo di pesca, mango e anguria: due aromi distinti per ogni stato d'animo.<\/p>\n<p class=\"whitespace-normal break-words\">Che tu sia un principiante o un professionista, Bang King 30000 offre una qualit\u00e0 eccellente, una capacit\u00e0 enorme e una variet\u00e0 di gusti senza pari. La lavorazione di alta qualit\u00e0 e la funzionalit\u00e0 ben studiata stabiliscono nuovi standard nel segmento delle sigarette elettroniche usa e getta.<\/p>\n<h3 class=\"text-lg font-bold text-text-100 mt-1 -mb-1.5\">Dati tecnici:<\/h3>\n<p class=\"whitespace-normal break-words\"><strong>Treni:<\/strong> Fino a 30.000 soffi<br \/>\n<strong>Capacit\u00e0 del liquido:<\/strong> 36 ml<br \/>\n<strong>Nicotina:<\/strong> 0%, 2%, 3%, 5%<br \/>\n<strong>Tipo:<\/strong> Monouso<br \/>\n<strong>Batteria:<\/strong> Batteria da 550 mAh<br \/>\n<strong>Flusso d'aria:<\/strong> Regolabile<br \/>\n<strong>Resistenza della bobina di riscaldamento:<\/strong> 1,0\u03a9 Bobina a maglie<\/p>\n<h3 class=\"text-lg font-bold text-text-100 mt-1 -mb-1.5\">Scopri di pi\u00f9 BANG VAPE su vozolpuff<\/h3>\n<p class=\"whitespace-normal break-words\">Scoprite altri prodotti premium nel nostro <strong><a class=\"underline\" href=\"https:\/\/vozolpuff.de\/it\/\">Negozio online di sigarette elettroniche<\/a><\/strong>esplorare l'intero <strong><a class=\"underline\" href=\"https:\/\/vozolpuff.de\/it\/product-category\/bang-vape\/\">Gamma di prodotti BANG VAPE<\/a><\/strong> o sfogliare tutti i <strong><a class=\"underline\" href=\"https:\/\/vozolpuff.de\/it\/product-category\/bang-vape\/bang-king-30000\/\">Bang King 30000 varianti di gusto<\/a><\/strong> per un'esperienza di svapo perfetta.<\/p>","protected":false},"excerpt":{"rendered":"<p class=\"whitespace-normal break-words\">Intensit\u00e0 fruttata con la sigaretta elettronica usa e getta Bang King 30000 Blueberry Raspberry\/Peach Mango Watermelon. Fino a 30.000 tiri da un serbatoio da 36 ml: passa dal gusto aspro di mirtillo e lampone a quello tropicale di pesca, mango e anguria. Batteria da 550 mAh con ricarica rapida di tipo C, display LCD che mostra il livello di carica della batteria e il livello del liquido. La bobina mesh da 1,0 \u03a9 offre aromi autentici. Flusso d'aria regolabile e quattro livelli di nicotina selezionabili.<\/p>\n<p class=\"whitespace-normal break-words\">","protected":false},"featured_media":6204,"comment_status":"open","ping_status":"closed","template":"","meta":{"_acf_changed":false},"product_brand":[],"product_cat":[74],"product_tag":[],"class_list":{"0":"post-6202","1":"product","2":"type-product","3":"status-publish","4":"has-post-thumbnail","6":"product_cat-bang-king-30000","8":"first","9":"instock","10":"shipping-taxable","11":"purchasable","12":"product-type-variable"},"acf":[],"_links":{"self":[{"href":"https:\/\/vozolpuff.de\/it\/wp-json\/wp\/v2\/product\/6202","targetHints":{"allow":["GET"]}}],"collection":[{"href":"https:\/\/vozolpuff.de\/it\/wp-json\/wp\/v2\/product"}],"about":[{"href":"https:\/\/vozolpuff.de\/it\/wp-json\/wp\/v2\/types\/product"}],"replies":[{"embeddable":true,"href":"https:\/\/vozolpuff.de\/it\/wp-json\/wp\/v2\/comments?post=6202"}],"wp:featuredmedia":[{"embeddable":true,"href":"https:\/\/vozolpuff.de\/it\/wp-json\/wp\/v2\/media\/6204"}],"wp:attachment":[{"href":"https:\/\/vozolpuff.de\/it\/wp-json\/wp\/v2\/media?parent=6202"}],"wp:term":[{"taxonomy":"product_brand","embeddable":true,"href":"https:\/\/vozolpuff.de\/it\/wp-json\/wp\/v2\/product_brand?post=6202"},{"taxonomy":"product_cat","embeddable":true,"href":"https:\/\/vozolpuff.de\/it\/wp-json\/wp\/v2\/product_cat?post=6202"},{"taxonomy":"product_tag","embeddable":true,"href":"https:\/\/vozolpuff.de\/it\/wp-json\/wp\/v2\/product_tag?post=6202"}],"curies":[{"name":"wp","href":"https:\/\/api.w.org\/{rel}","templated":true}]}}