{"id":6210,"date":"2025-10-09T09:27:07","date_gmt":"2025-10-09T07:27:07","guid":{"rendered":"https:\/\/vozolpuff.de\/?post_type=product&#038;p=6210"},"modified":"2025-10-09T09:27:07","modified_gmt":"2025-10-09T07:27:07","slug":"bang-king-30000-red-bull-blueberry-watermelon","status":"publish","type":"product","link":"https:\/\/vozolpuff.de\/it\/prodotto\/bang-king-30000-red-bull-blueberry-watermelon\/","title":{"rendered":"Bang King 30000 Red Bull\/Anguria al mirtillo"},"content":{"rendered":"<h2 class=\"text-xl font-bold text-text-100 mt-1 -mb-0.5\">Bang King 30000 Red Bull\/Blueberry Watermelon Vape usa e getta<\/h2>\n<p class=\"whitespace-normal break-words\">Prova l'energia incontra la frutta con la sigaretta elettronica usa e getta Bang King 30000 Red Bull\/Blueberry Watermelon. Questo dispositivo innovativo offre fino a 30.000 boccate da un serbatoio pre-riempito da 36 ml e ti permette di passare da due mondi di sapori completamente diversi. Con opzioni di nicotina da 0%, 2%, 3% o 5% e dotato di batteria da 550 mAh, flusso d'aria regolabile e mesh coil da 1,0 \u03a9, avrai la massima flessibilit\u00e0: il gusto energizzante della Red Bull o la combinazione fruttata e fresca di mirtillo e anguria.<\/p>\n<h3 class=\"text-lg font-bold text-text-100 mt-1 -mb-1.5\">Caratteristiche del prodotto Red Bull\/Blueberry Watermelon Edition:<\/h3>\n<p class=\"whitespace-normal break-words\">Il Bang King 30000 con display LCD e sistema Dual Flavor stabilisce nuovi standard nel settore delle sigarette elettroniche usa e getta. Con la sua enorme capacit\u00e0 di 30.000 tiri e la tecnologia all'avanguardia della bobina mesh da 1,0 ohm, offre aromi intensi e costanti. Il generoso volume di liquido da 36 ml garantisce un piacere duraturo, mentre \u00e8 possibile scegliere tra quattro livelli di nicotina.<\/p>\n<p class=\"whitespace-normal break-words\">La potente batteria da 550 mAh con funzione di ricarica rapida Type-C garantisce prestazioni affidabili senza lunghe pause. L'informativo display LCD mostra in ogni momento la capacit\u00e0 della batteria e il livello di carica. L'innovativa tecnologia Double Taste \u00e8 il cuore del prodotto: passa spontaneamente dall'iconico gusto Red Bull Energy alla rinfrescante nota di mirtillo e anguria: due aromi separati per momenti diversi.<\/p>\n<p class=\"whitespace-normal break-words\">Questo Bang King 30000 \u00e8 stato sviluppato per i vapers esigenti che apprezzano la versatilit\u00e0 e la qualit\u00e0 premium. La combinazione di elevata capacit\u00e0, tecnologia moderna e due gusti contrastanti lo rendono perfetto per essere svapato tutto il giorno.<\/p>\n<h3 class=\"text-lg font-bold text-text-100 mt-1 -mb-1.5\">Dati tecnici:<\/h3>\n<p class=\"whitespace-normal break-words\"><strong>Treni:<\/strong> Fino a 30.000 soffi<br \/>\n<strong>Capacit\u00e0 del liquido:<\/strong> 36 ml<br \/>\n<strong>Nicotina:<\/strong> 0%, 2%, 3%, 5%<br \/>\n<strong>Tipo:<\/strong> Monouso<br \/>\n<strong>Batteria:<\/strong> Batteria da 550 mAh<br \/>\n<strong>Flusso d'aria:<\/strong> Regolabile<br \/>\n<strong>Resistenza della bobina di riscaldamento:<\/strong> 1,0\u03a9 Bobina a maglie<\/p>\n<h3 class=\"text-lg font-bold text-text-100 mt-1 -mb-1.5\">Scopri di pi\u00f9 BANG VAPE su vozolpuff<\/h3>\n<p class=\"whitespace-normal break-words\">Visitate il nostro <strong><a class=\"underline\" href=\"https:\/\/vozolpuff.de\/it\/\">Negozio online di sigarette elettroniche<\/a><\/strong> per altri prodotti di alta qualit\u00e0, scoprite il sito completo <strong><a class=\"underline\" href=\"https:\/\/vozolpuff.de\/it\/product-category\/bang-vape\/\">Collezione BANG VAPE<\/a><\/strong> o sfogliare tutti i modelli disponibili <strong><a class=\"underline\" href=\"https:\/\/vozolpuff.de\/it\/product-category\/bang-vape\/bang-king-30000\/\">Bang King 30000 gusti<\/a><\/strong> per la vostra sessione di vapore perfetta.<\/p>","protected":false},"excerpt":{"rendered":"<p class=\"whitespace-normal break-words\">L'energia incontra la frutta con la sigaretta elettronica usa e getta Bang King 30000 Red Bull\/Blueberry Watermelon. Fino a 30.000 tiri da un serbatoio da 36 ml: passa dal gusto energizzante della Red Bull al rinfrescante Blueberry Watermelon. Batteria da 550 mAh con ricarica rapida di tipo C, display LCD che mostra la capacit\u00e0 della batteria e il livello di riempimento. La bobina mesh da 1,0 \u03a9 garantisce aromi intensi e costanti. Flusso d'aria regolabile e quattro livelli di nicotina disponibili.<\/p>\n<p class=\"whitespace-normal break-words\">","protected":false},"featured_media":6212,"comment_status":"open","ping_status":"closed","template":"","meta":{"_acf_changed":false},"product_brand":[],"product_cat":[74],"product_tag":[],"class_list":{"0":"post-6210","1":"product","2":"type-product","3":"status-publish","4":"has-post-thumbnail","6":"product_cat-bang-king-30000","8":"first","9":"instock","10":"shipping-taxable","11":"purchasable","12":"product-type-variable"},"acf":[],"_links":{"self":[{"href":"https:\/\/vozolpuff.de\/it\/wp-json\/wp\/v2\/product\/6210","targetHints":{"allow":["GET"]}}],"collection":[{"href":"https:\/\/vozolpuff.de\/it\/wp-json\/wp\/v2\/product"}],"about":[{"href":"https:\/\/vozolpuff.de\/it\/wp-json\/wp\/v2\/types\/product"}],"replies":[{"embeddable":true,"href":"https:\/\/vozolpuff.de\/it\/wp-json\/wp\/v2\/comments?post=6210"}],"wp:featuredmedia":[{"embeddable":true,"href":"https:\/\/vozolpuff.de\/it\/wp-json\/wp\/v2\/media\/6212"}],"wp:attachment":[{"href":"https:\/\/vozolpuff.de\/it\/wp-json\/wp\/v2\/media?parent=6210"}],"wp:term":[{"taxonomy":"product_brand","embeddable":true,"href":"https:\/\/vozolpuff.de\/it\/wp-json\/wp\/v2\/product_brand?post=6210"},{"taxonomy":"product_cat","embeddable":true,"href":"https:\/\/vozolpuff.de\/it\/wp-json\/wp\/v2\/product_cat?post=6210"},{"taxonomy":"product_tag","embeddable":true,"href":"https:\/\/vozolpuff.de\/it\/wp-json\/wp\/v2\/product_tag?post=6210"}],"curies":[{"name":"wp","href":"https:\/\/api.w.org\/{rel}","templated":true}]}}