{"id":6226,"date":"2025-10-09T09:31:48","date_gmt":"2025-10-09T07:31:48","guid":{"rendered":"https:\/\/vozolpuff.de\/?post_type=product&#038;p=6226"},"modified":"2025-10-09T09:31:48","modified_gmt":"2025-10-09T07:31:48","slug":"bang-king-30000-strawberry-and-watermelon-grape-ice","status":"publish","type":"product","link":"https:\/\/vozolpuff.de\/it\/prodotto\/bang-king-30000-strawberry-and-watermelon-grape-ice\/","title":{"rendered":"Bang King 30000 Fragola e anguria\/Ghiaccio d'uva"},"content":{"rendered":"<h2 class=\"text-xl font-bold text-text-100 mt-1 -mb-0.5\">Bang King 30000 Fragola e anguria\/uva ghiacciata Vape usa e getta<\/h2>\n<p class=\"whitespace-normal break-words\">La sigaretta elettronica usa e getta Bang King 30000 Strawberry And Watermelon\/Grape Ice unisce il gusto fruttato dell'estate alla freschezza rinfrescante. Goditi fino a 30.000 tiri dal generoso serbatoio di e-liquid da 36 ml con concentrazione di nicotina selezionabile individualmente tra 0%, 2%, 3% o 5%. Dotato di una potente batteria da 550 mAh, flusso d'aria regolabile e bobina mesh da 1,0 \u03a9 di alta qualit\u00e0, questo modello offre due esperienze di gusto separate: una dolce fusione di fragola e anguria e un gelato all'uva ghiacciato.<\/p>\n<h3 class=\"text-lg font-bold text-text-100 mt-1 -mb-1.5\">Caratteristiche speciali dell'edizione Strawberry And Watermelon\/Grape Ice:<\/h3>\n<p class=\"whitespace-normal break-words\">Questa sigaretta elettronica usa e getta di alta qualit\u00e0 con 30.000 tiri e display LCD integrato offre un'esperienza di svapo senza pari grazie alla sua innovativa doppia aromatizzazione. La tecnologia ottimizzata della bobina mesh da 1,0 ohm assicura un autentico sviluppo del gusto di entrambi gli aromi, mentre il serbatoio da 36 ml garantisce un piacere duraturo senza bisogno di ricariche. Regolate la concentrazione di nicotina in base alle vostre preferenze.<\/p>\n<p class=\"whitespace-normal break-words\">La robusta batteria da 550 mAh con moderna tecnologia di ricarica rapida Type-C garantisce prestazioni costanti e cicli di ricarica brevi. Il chiaro display LCD fornisce informazioni continue sullo stato della batteria e sulla quantit\u00e0 di liquido. La caratteristica speciale: la funzione doppio tasto consente di passare senza sforzo dalla combinazione estiva fragola-anguria al rinfrescante uva ghiacciata, due aromi completamente diversi per la massima variet\u00e0.<\/p>\n<p class=\"whitespace-normal break-words\">Questo Bang King 30000 \u00e8 stato progettato per i vapers che cercano qualit\u00e0 premium, grande capacit\u00e0 e una vera variet\u00e0 di gusti. Il design ben congegnato e la lavorazione di alta qualit\u00e0 lo rendono il compagno ideale.<\/p>\n<h3 class=\"text-lg font-bold text-text-100 mt-1 -mb-1.5\">Dati tecnici:<\/h3>\n<p class=\"whitespace-normal break-words\"><strong>Treni:<\/strong> Fino a 30.000 soffi<br \/>\n<strong>Capacit\u00e0 del liquido:<\/strong> 36 ml<br \/>\n<strong>Nicotina:<\/strong> 0%, 2%, 3%, 5%<br \/>\n<strong>Tipo:<\/strong> Monouso<br \/>\n<strong>Batteria:<\/strong> Batteria da 550 mAh<br \/>\n<strong>Flusso d'aria:<\/strong> Regolabile<br \/>\n<strong>Resistenza della bobina di riscaldamento:<\/strong> 1,0\u03a9 Bobina a maglie<\/p>\n<h3 class=\"text-lg font-bold text-text-100 mt-1 -mb-1.5\">Scopri di pi\u00f9 BANG VAPE su vozolpuff<\/h3>\n<p class=\"whitespace-normal break-words\">Scoprite altri prodotti premium nel nostro <strong><a class=\"underline\" href=\"https:\/\/vozolpuff.de\/it\/\">Negozio online di sigarette elettroniche<\/a><\/strong>esplorare l'intero <strong><a class=\"underline\" href=\"https:\/\/vozolpuff.de\/it\/product-category\/bang-vape\/\">Gamma di prodotti BANG VAPE<\/a><\/strong> o sfogliare tutti i <strong><a class=\"underline\" href=\"https:\/\/vozolpuff.de\/it\/product-category\/bang-vape\/bang-king-30000\/\">Bang King 30000 varianti di gusto<\/a><\/strong> per un'esperienza di svapo perfetta.<\/p>","protected":false},"excerpt":{"rendered":"<p class=\"whitespace-normal break-words\">Il gusto estivo della frutta incontra il fresco gelido con la sigaretta elettronica usa e getta Bang King 30000 Strawberry And Watermelon\/Grape Ice. Fino a 30.000 tiri da un serbatoio da 36 ml: passa dalla dolce fusione di fragola e anguria al rinfrescante Grape Ice. Batteria da 550 mAh con ricarica rapida di tipo C, display LCD che mostra il livello della batteria e la quantit\u00e0 di liquido. La bobina mesh da 1,0 \u03a9 sprigiona entrambi gli aromi in modo autentico. Flusso d'aria regolabile e quattro livelli di nicotina disponibili.<\/p>\n<p class=\"whitespace-normal break-words\">","protected":false},"featured_media":6228,"comment_status":"open","ping_status":"closed","template":"","meta":{"_acf_changed":false},"product_brand":[],"product_cat":[74],"product_tag":[],"class_list":{"0":"post-6226","1":"product","2":"type-product","3":"status-publish","4":"has-post-thumbnail","6":"product_cat-bang-king-30000","8":"first","9":"instock","10":"shipping-taxable","11":"purchasable","12":"product-type-variable"},"acf":[],"_links":{"self":[{"href":"https:\/\/vozolpuff.de\/it\/wp-json\/wp\/v2\/product\/6226","targetHints":{"allow":["GET"]}}],"collection":[{"href":"https:\/\/vozolpuff.de\/it\/wp-json\/wp\/v2\/product"}],"about":[{"href":"https:\/\/vozolpuff.de\/it\/wp-json\/wp\/v2\/types\/product"}],"replies":[{"embeddable":true,"href":"https:\/\/vozolpuff.de\/it\/wp-json\/wp\/v2\/comments?post=6226"}],"wp:featuredmedia":[{"embeddable":true,"href":"https:\/\/vozolpuff.de\/it\/wp-json\/wp\/v2\/media\/6228"}],"wp:attachment":[{"href":"https:\/\/vozolpuff.de\/it\/wp-json\/wp\/v2\/media?parent=6226"}],"wp:term":[{"taxonomy":"product_brand","embeddable":true,"href":"https:\/\/vozolpuff.de\/it\/wp-json\/wp\/v2\/product_brand?post=6226"},{"taxonomy":"product_cat","embeddable":true,"href":"https:\/\/vozolpuff.de\/it\/wp-json\/wp\/v2\/product_cat?post=6226"},{"taxonomy":"product_tag","embeddable":true,"href":"https:\/\/vozolpuff.de\/it\/wp-json\/wp\/v2\/product_tag?post=6226"}],"curies":[{"name":"wp","href":"https:\/\/api.w.org\/{rel}","templated":true}]}}