{"id":6234,"date":"2025-10-09T09:34:07","date_gmt":"2025-10-09T07:34:07","guid":{"rendered":"https:\/\/vozolpuff.de\/?post_type=product&#038;p=6234"},"modified":"2025-10-09T09:34:07","modified_gmt":"2025-10-09T07:34:07","slug":"bang-king-30000-strawberry-kiwi-peach-ice","status":"publish","type":"product","link":"https:\/\/vozolpuff.de\/it\/prodotto\/bang-king-30000-strawberry-kiwi-peach-ice\/","title":{"rendered":"Bang King 30000 Fragola Kiwi\/Pesce Ghiacciata"},"content":{"rendered":"<h2 class=\"text-xl font-bold text-text-100 mt-1 -mb-0.5\">Bang King 30000 Strawberry Kiwi\/Peach Ice Vape usa e getta<\/h2>\n<p class=\"whitespace-normal break-words\">Scoprite la variet\u00e0 di aromi tropicali con la sigaretta elettronica usa e getta Bang King 30000 Strawberry Kiwi\/Peach Ice. Questo potente dispositivo offre fino a 30.000 tiri da un serbatoio pre-riempito da 36 ml e consente di alternare due gusti indipendenti. Con opzioni di nicotina da 0%, 2%, 3% o 5%, una batteria da 550 mAh, flusso d'aria regolabile e mesh coil da 1,0 \u03a9, avrete la massima flessibilit\u00e0: esotico Strawberry Kiwi o rinfrescante Peach Ice.<\/p>\n<h3 class=\"text-lg font-bold text-text-100 mt-1 -mb-1.5\">Caratteristiche principali della variante Strawberry Kiwi\/Peach Ice:<\/h3>\n<p class=\"whitespace-normal break-words\">Il Bang King 30000 con display LCD e sistema Dual Flavor si distingue per la sua enorme capacit\u00e0 di 30.000 tiri e la sua tecnologia avanzata. La precisa bobina mesh da 1,0 ohm sprigiona entrambi gli aromi con impressionante autenticit\u00e0, mentre il generoso volume di liquido da 36 ml garantisce mesi di piacere. Scegliete il vostro livello di nicotina personale per un'esperienza di svapo personalizzata.<\/p>\n<p class=\"whitespace-normal break-words\">La potente batteria da 550 mAh con funzione di ricarica rapida Type-C garantisce prestazioni affidabili senza fastidiose interruzioni. L'intuitivo display LCD mostra sempre la capacit\u00e0 della batteria e il livello di carica. L'innovativa tecnologia Double Taste consente di passare istantaneamente dal gusto fruttato Strawberry Kiwi a quello ghiacciato Peach Ice: due mondi di sapori distinti per soddisfare gusti diversi.<\/p>\n<p class=\"whitespace-normal break-words\">Che tu sia un principiante o un esperto, Bang King 30000 ti conquister\u00e0 per la sua facilit\u00e0 d'uso, la lavorazione di prima classe e l'eccezionale qualit\u00e0 degli aromi. La combinazione di elevata capacit\u00e0 e doppio aroma lo rende la scelta perfetta per gli utenti pi\u00f9 esigenti.<\/p>\n<h3 class=\"text-lg font-bold text-text-100 mt-1 -mb-1.5\">Dati tecnici:<\/h3>\n<p class=\"whitespace-normal break-words\"><strong>Treni:<\/strong> Fino a 30.000 soffi<br \/>\n<strong>Capacit\u00e0 del liquido:<\/strong> 36 ml<br \/>\n<strong>Nicotina:<\/strong> 0%, 2%, 3%, 5%<br \/>\n<strong>Tipo:<\/strong> Monouso<br \/>\n<strong>Batteria:<\/strong> Batteria da 550 mAh<br \/>\n<strong>Flusso d'aria:<\/strong> Regolabile<br \/>\n<strong>Resistenza della bobina di riscaldamento:<\/strong> 1,0\u03a9 Bobina a maglie<\/p>\n<h3 class=\"text-lg font-bold text-text-100 mt-1 -mb-1.5\">Scopri di pi\u00f9 BANG VAPE su vozolpuff<\/h3>\n<p class=\"whitespace-normal break-words\">Visitate il nostro <strong><a class=\"underline\" href=\"https:\/\/vozolpuff.de\/it\/\">Negozio online di sigarette elettroniche<\/a><\/strong> per altri prodotti di alta qualit\u00e0, scoprite il sito completo <strong><a class=\"underline\" href=\"https:\/\/vozolpuff.de\/it\/product-category\/bang-vape\/\">Collezione BANG VAPE<\/a><\/strong> o sfogliare tutti i modelli disponibili <strong><a class=\"underline\" href=\"https:\/\/vozolpuff.de\/it\/product-category\/bang-vape\/bang-king-30000\/\">Bang King 30000 gusti<\/a><\/strong> per la vostra sessione di vapore perfetta.<\/p>","protected":false},"excerpt":{"rendered":"<p class=\"whitespace-normal break-words\">Variet\u00e0 di aromi tropicali con la sigaretta elettronica usa e getta Bang King 30000 Strawberry Kiwi\/Peach Ice. Fino a 30.000 tiri da un serbatoio da 36 ml: passa dall'esotico Strawberry Kiwi al rinfrescante Peach Ice. Batteria da 550 mAh con ricarica rapida di tipo C, display LCD che mostra la capacit\u00e0 della batteria e il livello di riempimento. La bobina mesh da 1,0 \u03a9 sprigiona entrambi gli aromi in modo autentico. Flusso d'aria regolabile e quattro livelli di nicotina selezionabili.<\/p>","protected":false},"featured_media":6236,"comment_status":"open","ping_status":"closed","template":"","meta":{"_acf_changed":false},"product_brand":[],"product_cat":[74],"product_tag":[],"class_list":{"0":"post-6234","1":"product","2":"type-product","3":"status-publish","4":"has-post-thumbnail","6":"product_cat-bang-king-30000","8":"first","9":"instock","10":"shipping-taxable","11":"purchasable","12":"product-type-variable"},"acf":[],"_links":{"self":[{"href":"https:\/\/vozolpuff.de\/it\/wp-json\/wp\/v2\/product\/6234","targetHints":{"allow":["GET"]}}],"collection":[{"href":"https:\/\/vozolpuff.de\/it\/wp-json\/wp\/v2\/product"}],"about":[{"href":"https:\/\/vozolpuff.de\/it\/wp-json\/wp\/v2\/types\/product"}],"replies":[{"embeddable":true,"href":"https:\/\/vozolpuff.de\/it\/wp-json\/wp\/v2\/comments?post=6234"}],"wp:featuredmedia":[{"embeddable":true,"href":"https:\/\/vozolpuff.de\/it\/wp-json\/wp\/v2\/media\/6236"}],"wp:attachment":[{"href":"https:\/\/vozolpuff.de\/it\/wp-json\/wp\/v2\/media?parent=6234"}],"wp:term":[{"taxonomy":"product_brand","embeddable":true,"href":"https:\/\/vozolpuff.de\/it\/wp-json\/wp\/v2\/product_brand?post=6234"},{"taxonomy":"product_cat","embeddable":true,"href":"https:\/\/vozolpuff.de\/it\/wp-json\/wp\/v2\/product_cat?post=6234"},{"taxonomy":"product_tag","embeddable":true,"href":"https:\/\/vozolpuff.de\/it\/wp-json\/wp\/v2\/product_tag?post=6234"}],"curies":[{"name":"wp","href":"https:\/\/api.w.org\/{rel}","templated":true}]}}