{"id":6242,"date":"2025-10-09T09:36:30","date_gmt":"2025-10-09T07:36:30","guid":{"rendered":"https:\/\/vozolpuff.de\/?post_type=product&#038;p=6242"},"modified":"2025-10-09T09:36:30","modified_gmt":"2025-10-09T07:36:30","slug":"bang-king-30000-strawberry-kiwi-sour-apple-raspberry","status":"publish","type":"product","link":"https:\/\/vozolpuff.de\/it\/prodotto\/bang-king-30000-strawberry-kiwi-sour-apple-raspberry\/","title":{"rendered":"Bang King 30000 Fragola Kiwi\/Mela Acida Lampone"},"content":{"rendered":"<h2 class=\"text-xl font-bold text-text-100 mt-1 -mb-0.5\">Bang King 30000 Fragola Kiwi\/Mela Acida Lampone vape monouso<\/h2>\n<p class=\"whitespace-normal break-words\">Il vape usa e getta Bang King 30000 Strawberry Kiwi\/Sour Apple Raspberry combina la dolcezza tropicale con l'acidit\u00e0 fruttata. Con un'impressionante capacit\u00e0 di 30.000 puff da un serbatoio pre-riempito da 36 ml, questo dispositivo premium offre un divertimento di lunga durata. Scegliete tra 0%, 2%, 3% o 5% di nicotina e approfittate della batteria da 550 mAh con flusso d'aria regolabile e bobina da 1,0\u03a9. La caratteristica speciale: Passare a piacimento tra l'esotico Kiwi alla fragola e il fresco lampone alla mela acida - due gusti completamente separati.<\/p>\n<h3 class=\"text-lg font-bold text-text-100 mt-1 -mb-1.5\">Caratteristiche speciali della Strawberry Kiwi\/Sour Apple Raspberry Edition:<\/h3>\n<p class=\"whitespace-normal break-words\">Questo avanzato vape monouso con 30.000 puff e display LCD rivoluziona l'esperienza del vaping con la sua tecnologia a doppio aroma. La bobina a rete da 1,0 ohm di alta qualit\u00e0 garantisce uno sviluppo ottimale del sapore di entrambi gli aromi, mentre la capacit\u00e0 di 36 ml consente di svapare per settimane senza bisogno di ricaricare. Regolate l'intensit\u00e0 della nicotina in base alle vostre esigenze.<\/p>\n<p class=\"whitespace-normal break-words\">L'affidabile batteria da 550 mAh con porta di ricarica rapida Type-C garantisce prestazioni continue e tempi di attesa minimi. Il moderno display LCD vi tiene informati in modo trasparente sulla carica della batteria e sul livello del liquido. L'eccezionale funzione a doppio pulsante consente di passare senza sforzo dal dolce Kiwi alla fragola e all'aspro lampone - due esperienze di gusto indipendenti per ogni stato d'animo.<\/p>\n<p class=\"whitespace-normal break-words\">Questa Bang King 30000 si rivolge a tutti i vapers che cercano la massima qualit\u00e0, la massima capacit\u00e0 e una vera variet\u00e0 di sapori. Il design elegante e la tecnologia sofisticata stabiliscono nuovi standard nel segmento dei vape usa e getta.<\/p>\n<h3 class=\"text-lg font-bold text-text-100 mt-1 -mb-1.5\">Dati tecnici:<\/h3>\n<p class=\"whitespace-normal break-words\"><strong>Treni:<\/strong> Fino a 30.000 soffi<br \/>\n<strong>Capacit\u00e0 del liquido:<\/strong> 36 ml<br \/>\n<strong>Nicotina:<\/strong> 0%, 2%, 3%, 5%<br \/>\n<strong>Tipo:<\/strong> Monouso<br \/>\n<strong>Batteria:<\/strong> Batteria da 550 mAh<br \/>\n<strong>Flusso d'aria:<\/strong> Regolabile<br \/>\n<strong>Resistenza della bobina di riscaldamento:<\/strong> 1,0\u03a9 Bobina a maglie<\/p>\n<h3 class=\"text-lg font-bold text-text-100 mt-1 -mb-1.5\">Scopri di pi\u00f9 BANG VAPE su vozolpuff<\/h3>\n<p class=\"whitespace-normal break-words\">Sfogliate il nostro <strong><a class=\"underline\" href=\"https:\/\/vozolpuff.de\/it\/\">Negozio online di sigarette elettroniche<\/a><\/strong> per ulteriori approfondimenti, esplorate l'intera gamma delle <strong><a class=\"underline\" href=\"https:\/\/vozolpuff.de\/it\/product-category\/bang-vape\/\">Serie BANG VAPE<\/a><\/strong> o trovare la vostra variet\u00e0 preferita tra tutte <strong><a class=\"underline\" href=\"https:\/\/vozolpuff.de\/it\/product-category\/bang-vape\/bang-king-30000\/\">Bang King 30000 gusti<\/a><\/strong>.<\/p>","protected":false},"excerpt":{"rendered":"<p class=\"whitespace-normal break-words\">La dolcezza tropicale incontra l'acidit\u00e0 fruttata con il vape usa e getta Bang King 30000 Strawberry Kiwi\/Sour Apple Raspberry. Fino a 30.000 boccate da un serbatoio da 36 ml: si pu\u00f2 scegliere tra l'esotico Kiwi alla fragola e il fresco lampone alla mela acida. Batteria da 550 mAh con ricarica rapida Type-C, il display LCD mostra la carica della batteria e il livello del liquido. La coil a rete da 1,0\u03a9 diffonde in modo ottimale entrambi i sapori. Flusso d'aria regolabile e quattro intensit\u00e0 di nicotina disponibili.<\/p>\n<p class=\"whitespace-normal break-words\">","protected":false},"featured_media":6244,"comment_status":"open","ping_status":"closed","template":"","meta":{"_acf_changed":false},"product_brand":[],"product_cat":[74],"product_tag":[],"class_list":{"0":"post-6242","1":"product","2":"type-product","3":"status-publish","4":"has-post-thumbnail","6":"product_cat-bang-king-30000","8":"first","9":"instock","10":"shipping-taxable","11":"purchasable","12":"product-type-variable"},"acf":[],"_links":{"self":[{"href":"https:\/\/vozolpuff.de\/it\/wp-json\/wp\/v2\/product\/6242","targetHints":{"allow":["GET"]}}],"collection":[{"href":"https:\/\/vozolpuff.de\/it\/wp-json\/wp\/v2\/product"}],"about":[{"href":"https:\/\/vozolpuff.de\/it\/wp-json\/wp\/v2\/types\/product"}],"replies":[{"embeddable":true,"href":"https:\/\/vozolpuff.de\/it\/wp-json\/wp\/v2\/comments?post=6242"}],"wp:featuredmedia":[{"embeddable":true,"href":"https:\/\/vozolpuff.de\/it\/wp-json\/wp\/v2\/media\/6244"}],"wp:attachment":[{"href":"https:\/\/vozolpuff.de\/it\/wp-json\/wp\/v2\/media?parent=6242"}],"wp:term":[{"taxonomy":"product_brand","embeddable":true,"href":"https:\/\/vozolpuff.de\/it\/wp-json\/wp\/v2\/product_brand?post=6242"},{"taxonomy":"product_cat","embeddable":true,"href":"https:\/\/vozolpuff.de\/it\/wp-json\/wp\/v2\/product_cat?post=6242"},{"taxonomy":"product_tag","embeddable":true,"href":"https:\/\/vozolpuff.de\/it\/wp-json\/wp\/v2\/product_tag?post=6242"}],"curies":[{"name":"wp","href":"https:\/\/api.w.org\/{rel}","templated":true}]}}