{"id":6250,"date":"2025-10-09T09:38:49","date_gmt":"2025-10-09T07:38:49","guid":{"rendered":"https:\/\/vozolpuff.de\/?post_type=product&#038;p=6250"},"modified":"2025-10-09T09:38:49","modified_gmt":"2025-10-09T07:38:49","slug":"bang-king-30000-strawberry-watermelon-kiwi-passion-fruit-guava","status":"publish","type":"product","link":"https:\/\/vozolpuff.de\/it\/prodotto\/bang-king-30000-strawberry-watermelon-kiwi-passion-fruit-guava\/","title":{"rendered":"Bang King 30000 Fragola Anguria\/Kiwi Frutto della passione Guava"},"content":{"rendered":"<h2 class=\"text-xl font-bold text-text-100 mt-1 -mb-0.5\">Bang King 30000 Fragola Anguria\/Kiwi Frutto della Passione Guava Vape usa e getta<\/h2>\n<p class=\"whitespace-normal break-words\">Immergetevi nei sapori tropicali con la svapata monouso Bang King 30000 Strawberry Watermelon\/Kiwi Passion Fruit Guava. Questo dispositivo premium eroga fino a 30.000 boccate da un generoso serbatoio di e-liquid da 36 ml e offre opzioni di nicotina di 0%, 2%, 3% o 5%. Dotato di una potente batteria da 550 mAh, di un flusso d'aria regolabile e di una precisa tecnologia di bobina a maglia da 1,0\u03a9, consente di passare da un sapore esotico all'altro: la fruttata Fragola Anguria e la miscela tropicale Kiwi Passion Fruit Guava.<\/p>\n<h3 class=\"text-lg font-bold text-text-100 mt-1 -mb-1.5\">Caratteristiche del prodotto della variante Fragola Anguria\/Kiwi Frutto della Passione Guava:<\/h3>\n<p class=\"whitespace-normal break-words\">Questa esclusiva sigaretta elettronica monouso con 30.000 puff e display LCD offre un'esperienza di svapo eccezionale grazie all'innovativa funzione dual flavour. La bobina a rete da 1,0 ohm ottimizzata eroga entrambi i sapori tropicali con una precisione eccezionale, mentre il volume del liquido da 36 ml assicura un piacere duraturo. Scegliete la concentrazione di nicotina che preferite per un'esperienza personalizzata.<\/p>\n<p class=\"whitespace-normal break-words\">La robusta batteria da 550 mAh con la moderna tecnologia di ricarica rapida Type-C garantisce prestazioni costanti e tempi di ricarica ridotti. Il chiaro display LCD mostra in ogni momento lo stato della batteria e il livello di carica. Il punto forte \u00e8 la tecnologia a doppio pulsante: si pu\u00f2 passare spontaneamente dall'estivo Fragola Anguria all'esotico Kiwi Frutto della Passione Guava - due gusti completamente separati per la massima variet\u00e0.<\/p>\n<p class=\"whitespace-normal break-words\">Che si tratti di un principiante o di un professionista, questo Bang King 30000 offre una qualit\u00e0 di prima classe, un'enorme capacit\u00e0 e un'incomparabile variet\u00e0 di sapori tropicali. La lavorazione di alta qualit\u00e0 e la funzionalit\u00e0 sofisticata ne fanno la scelta ideale per i vapers pi\u00f9 esigenti.<\/p>\n<h3 class=\"text-lg font-bold text-text-100 mt-1 -mb-1.5\">Dati tecnici:<\/h3>\n<p class=\"whitespace-normal break-words\"><strong>Treni:<\/strong> Fino a 30.000 soffi<br \/>\n<strong>Capacit\u00e0 del liquido:<\/strong> 36 ml<br \/>\n<strong>Nicotina:<\/strong> 0%, 2%, 3%, 5%<br \/>\n<strong>Tipo:<\/strong> Monouso<br \/>\n<strong>Batteria:<\/strong> Batteria da 550 mAh<br \/>\n<strong>Flusso d'aria:<\/strong> Regolabile<br \/>\n<strong>Resistenza della bobina di riscaldamento:<\/strong> 1,0\u03a9 Bobina a maglie<\/p>\n<h3 class=\"text-lg font-bold text-text-100 mt-1 -mb-1.5\">Scopri di pi\u00f9 BANG VAPE su vozolpuff<\/h3>\n<p class=\"whitespace-normal break-words\">Scoprite altri prodotti premium nel nostro <strong><a class=\"underline\" href=\"https:\/\/vozolpuff.de\/it\/\">Negozio online di sigarette elettroniche<\/a><\/strong>esplorare l'intero <strong><a class=\"underline\" href=\"https:\/\/vozolpuff.de\/it\/product-category\/bang-vape\/\">Gamma di prodotti BANG VAPE<\/a><\/strong> o sfogliare tutti i <strong><a class=\"underline\" href=\"https:\/\/vozolpuff.de\/it\/product-category\/bang-vape\/bang-king-30000\/\">Bang King 30000 varianti di gusto<\/a><\/strong> per un'esperienza di svapo perfetta.<\/p>","protected":false},"excerpt":{"rendered":"<p class=\"whitespace-normal break-words\">Mondi tropicali di sapori con il vape usa e getta Bang King 30000 Strawberry Watermelon\/Kiwi Passion Fruit Guava. Fino a 30.000 boccate da un serbatoio da 36 ml: \u00e8 possibile scegliere tra il fruttato Watermelon Strawberry e l'esotico Kiwi Passion Fruit Guava. Batteria da 550 mAh con ricarica rapida Type-C, il display LCD mostra il livello della batteria e la quantit\u00e0 di liquido da svapare. La bobina a rete da 1,0\u03a9 eroga con precisione entrambi i sapori. Flusso d'aria regolabile e quattro intensit\u00e0 di nicotina selezionabili.<\/p>\n<p class=\"whitespace-normal break-words\">","protected":false},"featured_media":6252,"comment_status":"open","ping_status":"closed","template":"","meta":{"_acf_changed":false},"product_brand":[],"product_cat":[74],"product_tag":[],"class_list":{"0":"post-6250","1":"product","2":"type-product","3":"status-publish","4":"has-post-thumbnail","6":"product_cat-bang-king-30000","8":"first","9":"instock","10":"shipping-taxable","11":"purchasable","12":"product-type-variable"},"acf":[],"_links":{"self":[{"href":"https:\/\/vozolpuff.de\/it\/wp-json\/wp\/v2\/product\/6250","targetHints":{"allow":["GET"]}}],"collection":[{"href":"https:\/\/vozolpuff.de\/it\/wp-json\/wp\/v2\/product"}],"about":[{"href":"https:\/\/vozolpuff.de\/it\/wp-json\/wp\/v2\/types\/product"}],"replies":[{"embeddable":true,"href":"https:\/\/vozolpuff.de\/it\/wp-json\/wp\/v2\/comments?post=6250"}],"wp:featuredmedia":[{"embeddable":true,"href":"https:\/\/vozolpuff.de\/it\/wp-json\/wp\/v2\/media\/6252"}],"wp:attachment":[{"href":"https:\/\/vozolpuff.de\/it\/wp-json\/wp\/v2\/media?parent=6250"}],"wp:term":[{"taxonomy":"product_brand","embeddable":true,"href":"https:\/\/vozolpuff.de\/it\/wp-json\/wp\/v2\/product_brand?post=6250"},{"taxonomy":"product_cat","embeddable":true,"href":"https:\/\/vozolpuff.de\/it\/wp-json\/wp\/v2\/product_cat?post=6250"},{"taxonomy":"product_tag","embeddable":true,"href":"https:\/\/vozolpuff.de\/it\/wp-json\/wp\/v2\/product_tag?post=6250"}],"curies":[{"name":"wp","href":"https:\/\/api.w.org\/{rel}","templated":true}]}}