{"id":7088,"date":"2025-10-22T15:43:20","date_gmt":"2025-10-22T13:43:20","guid":{"rendered":"https:\/\/vozolpuff.de\/?post_type=product&#038;p=7088"},"modified":"2025-10-22T15:43:20","modified_gmt":"2025-10-22T13:43:20","slug":"jnr-falcon-pro-28000-watermelon-bubblegum","status":"publish","type":"product","link":"https:\/\/vozolpuff.de\/it\/prodotto\/jnr-falcon-pro-28000-watermelon-bubblegum\/","title":{"rendered":"JNR Falcon Pro 28000 Anguria Bubblegum"},"content":{"rendered":"<h2 class=\"text-xl font-bold text-text-100 mt-1 -mb-0.5\">JNR Falcon Pro 28000 Watermelon Bubblegum Vape usa e getta<\/h2>\n<p class=\"whitespace-normal break-words\">JNR Falcon Pro 28000 Watermelon Bubblegum combina il nostalgico sapore di bubblegum con quello rinfrescante dell'anguria. Questo dispositivo monouso di alta qualit\u00e0 vanta un'impressionante capacit\u00e0 di 28.000 puff ed \u00e8 pre-riempito con 30 ml di e-liquid premium. La potente tecnologia a doppia bobina assicura un intenso sviluppo del sapore e una produzione di vapore liscia come la seta. Grazie alla funzione di estrazione istantanea, l'esperienza del vapore inizia non appena si tira. La batteria integrata da 950 mAh pu\u00f2 essere comodamente ricaricata e garantisce una disponibilit\u00e0 continua. Il moderno display intelligente fornisce informazioni chiare e in tempo reale.<\/p>\n<h3 class=\"text-lg font-bold text-text-100 mt-1 -mb-1.5\">Watermelon Bubblegum - La dolce nostalgia incontra la freschezza:<\/h3>\n<p class=\"whitespace-normal break-words\">Questo gusto speciale combina la freschezza estiva dell'anguria con la nota dolce e giocosa della classica gomma da masticare. Il sistema a doppia maglia preserva entrambi i sapori in modo autentico e offre un profilo di gusto equilibrato per tutti i 28.000 puff.<\/p>\n<p class=\"whitespace-normal break-words\">La batteria da 950 mAh con funzione di ricarica offre prestazioni continue senza lunghe interruzioni. Con un'intensit\u00e0 di nicotina di 2%, si ottiene un leggero e piacevole colpo in gola che piace sia ai principianti che ai vapers esperti.<\/p>\n<p class=\"whitespace-normal break-words\">Il display intelligente vi informa continuamente sullo stato della batteria e sul contatore di boccate, in modo da avere sempre il pieno controllo. Il design moderno e maneggevole con forma ergonomica rende l'uso quotidiano un puro piacere.<\/p>\n<h3 class=\"text-lg font-bold text-text-100 mt-1 -mb-1.5\">Caratteristiche del prodotto:<\/h3>\n<p class=\"whitespace-normal break-words\"><strong>Capacit\u00e0 del treno:<\/strong> Fino a 28.000 treni<br \/>\n<strong>Contenuto di nicotina:<\/strong> 2%<br \/>\n<strong>Volume del serbatoio:<\/strong> 30 ml<br \/>\n<strong>Capacit\u00e0 della batteria:<\/strong> 950 mAh ricaricabile<br \/>\n<strong>Testa del vaporizzatore:<\/strong> Bobina a doppia maglia<br \/>\n<strong>Display:<\/strong> Display digitale<\/p>\n<h3 class=\"text-lg font-bold text-text-100 mt-1 -mb-1.5\">Scopri di pi\u00f9 JNR VAPE su vozolpuff<\/h3>\n<p class=\"whitespace-normal break-words\">Provate la qualit\u00e0 premium su <strong><a class=\"underline\" href=\"https:\/\/vozolpuff.de\/it\/\">vozolpuff.de<\/a><\/strong> con un'ampia gamma di opzioni di prodotto. Il nostro <strong><a class=\"underline\" href=\"https:\/\/vozolpuff.de\/it\/product-category\/jnr-vape\/\">Categoria JNR VAPE<\/a><\/strong> ha a disposizione gli apparecchi pi\u00f9 recenti. Potete trovare tutti i gusti nella <strong><a class=\"underline\" href=\"https:\/\/vozolpuff.de\/it\/product-category\/jnr-vape\/jnr-falcon-pro-28000\/\">Collezione Falcon Pro 28000<\/a><\/strong>.<\/p>","protected":false},"excerpt":{"rendered":"<p class=\"whitespace-normal break-words\">JNR Falcon Pro 28000 Watermelon Bubblegum combina la rinfrescante anguria con un dolce sapore di bubblegum. Fino a 28.000 boccate, 30 ml di e-liquid e tecnologia dual mesh coil per sapori equilibrati. Batteria da 950 mAh, display intelligente e nicotina 2%: la dolcezza nostalgica incontra la freschezza estiva.<\/p>","protected":false},"featured_media":7091,"comment_status":"open","ping_status":"closed","template":"","meta":{"_acf_changed":false},"product_brand":[],"product_cat":[83],"product_tag":[],"class_list":{"0":"post-7088","1":"product","2":"type-product","3":"status-publish","4":"has-post-thumbnail","6":"product_cat-jnr-falcon-pro-28000","8":"first","9":"instock","10":"shipping-taxable","11":"purchasable","12":"product-type-variable"},"acf":[],"_links":{"self":[{"href":"https:\/\/vozolpuff.de\/it\/wp-json\/wp\/v2\/product\/7088","targetHints":{"allow":["GET"]}}],"collection":[{"href":"https:\/\/vozolpuff.de\/it\/wp-json\/wp\/v2\/product"}],"about":[{"href":"https:\/\/vozolpuff.de\/it\/wp-json\/wp\/v2\/types\/product"}],"replies":[{"embeddable":true,"href":"https:\/\/vozolpuff.de\/it\/wp-json\/wp\/v2\/comments?post=7088"}],"wp:featuredmedia":[{"embeddable":true,"href":"https:\/\/vozolpuff.de\/it\/wp-json\/wp\/v2\/media\/7091"}],"wp:attachment":[{"href":"https:\/\/vozolpuff.de\/it\/wp-json\/wp\/v2\/media?parent=7088"}],"wp:term":[{"taxonomy":"product_brand","embeddable":true,"href":"https:\/\/vozolpuff.de\/it\/wp-json\/wp\/v2\/product_brand?post=7088"},{"taxonomy":"product_cat","embeddable":true,"href":"https:\/\/vozolpuff.de\/it\/wp-json\/wp\/v2\/product_cat?post=7088"},{"taxonomy":"product_tag","embeddable":true,"href":"https:\/\/vozolpuff.de\/it\/wp-json\/wp\/v2\/product_tag?post=7088"}],"curies":[{"name":"wp","href":"https:\/\/api.w.org\/{rel}","templated":true}]}}