{"id":7355,"date":"2025-10-27T11:16:50","date_gmt":"2025-10-27T10:16:50","guid":{"rendered":"https:\/\/vozolpuff.de\/?post_type=product&#038;p=7355"},"modified":"2025-10-27T11:16:51","modified_gmt":"2025-10-27T10:16:51","slug":"jnr-alien-10000-blueberry-sour-raspberry","status":"publish","type":"product","link":"https:\/\/vozolpuff.de\/it\/prodotto\/jnr-alien-10000-blueberry-sour-raspberry\/","title":{"rendered":"JNR Alien 10000 Mirtillo Lampone Acido"},"content":{"rendered":"<h2 class=\"text-xl font-bold text-text-100 mt-1 -mb-0.5\">JNR Alien 10000 Blueberry Sour Raspberry Vape usa e getta<\/h2>\n<p class=\"whitespace-normal break-words\">Con JNR Alien 10000 Blueberry Sour Raspberry potrete godervi un'eccitante combinazione di mirtilli dolci e lamponi aciduli che incanter\u00e0 le vostre papille gustative. Questa sigaretta elettronica usa e getta di alta qualit\u00e0 convince con circa 10.000 boccate aromatiche grazie alla bobina da 1,2 \u03a9 realizzata con precisione. La potente batteria da 850 mAh e l'ampio volume di liquido da 20 ml lo rendono il compagno perfetto per i vapers pi\u00f9 esigenti. La tecnologia di ricarica di tipo C garantisce una ricarica rapida, cos\u00ec non dovrete pi\u00f9 sopportare lunghi tempi di attesa.<\/p>\n<h3 class=\"text-lg font-bold text-text-100 mt-1 -mb-1.5\">Blueberry Sour Raspberry Caratteristiche principali del prodotto:<\/h3>\n<p class=\"whitespace-normal break-words\"><strong>concentrazione di nicotina:<\/strong> 2% Nicotina per un'esperienza di svapo completamente soddisfacente senza effetti eccessivi.<\/p>\n<p class=\"whitespace-normal break-words\"><strong>Vita utile:<\/strong> Ben 10.000 tiri consentono settimane di piacere senza dover ricomprare il prodotto.<\/p>\n<p class=\"whitespace-normal break-words\"><strong>Volume di riempimento:<\/strong> 20 ml di liquido premium con un gusto intenso di mirtillo e lampone acido.<\/p>\n<p class=\"whitespace-normal break-words\"><strong>Illuminazione a LED:<\/strong> LED RGB dinamici con colori cangianti per un'estetica moderna.<\/p>\n<p class=\"whitespace-normal break-words\"><strong>Equipaggiamento della batteria:<\/strong> Batteria ad alta capacit\u00e0 da 850 mAh con ricarica rapida di tipo C per tempi di ricarica ridotti.<\/p>\n<p class=\"whitespace-normal break-words\"><strong>Qualit\u00e0 della bobina:<\/strong> La bobina mesh da 1,2 \u03a9 garantisce una distribuzione uniforme del calore e il massimo rilascio di aroma.<\/p>\n<p class=\"whitespace-normal break-words\"><strong>Concetto di design:<\/strong> Dimensioni compatte con pratica tracolla per un piacere sempre a portata di mano.<\/p>\n<p class=\"whitespace-normal break-words\"><strong>Contrasto agrodolce:<\/strong> L'armonia tra i mirtilli dolci e i lamponi aciduli offre una variet\u00e0 di sapori ad ogni boccata.<\/p>\n<h3 class=\"text-lg font-bold text-text-100 mt-1 -mb-1.5\">Caratteristiche tecniche:<\/h3>\n<p class=\"whitespace-normal break-words\">Movimenti: 10.000 movimenti<br \/>\nLiquido: 20 ml<br \/>\nContenuto di nicotina: 2%<br \/>\nBatteria: 1100 mAh<br \/>\nTestina dell'evaporatore: bobina mesh da 1,2 \u03a9<br \/>\nConnettore di ricarica: Tipo C<\/p>\n<h3 class=\"text-lg font-bold text-text-100 mt-1 -mb-1.5\">Scopri di pi\u00f9 JNR VAPE su vozolpuff<\/h3>\n<p class=\"whitespace-normal break-words\">Date un'occhiata al nostro <strong><a class=\"underline\" href=\"https:\/\/vozolpuff.de\/it\/\">Homepage<\/a><\/strong> per altre sigarette elettroniche di alta qualit\u00e0 e scopri la <strong><a class=\"underline\" href=\"https:\/\/vozolpuff.de\/it\/product-category\/jnr-vape\/\">Selezione JNR VAPE<\/a><\/strong> con sistemi monouso all'avanguardia. La gamma completa <strong><a class=\"underline\" href=\"https:\/\/vozolpuff.de\/it\/product-category\/jnr-vape\/jnr-alien-10000\/\">JNR Alien 10000 Linea gusto<\/a><\/strong> comprende 14 varianti aromatiche esclusive.<\/p>","protected":false},"excerpt":{"rendered":"<p class=\"whitespace-normal break-words\">JNR Alien 10000 Blueberry Sour Raspberry combina mirtilli dolci e lamponi aciduli per un'esperienza gustativa emozionante. Con 10.000 tiri, 20 ml di liquido premium e una bobina mesh da 1,2 \u03a9, potrete godervi un vapore intenso. La batteria da 850 mAh \u00e8 ricaricabile di tipo C, mentre i LED RGB aggiungono un tocco di colore. Dolce e aspro alla perfezione!<\/p>","protected":false},"featured_media":7357,"comment_status":"open","ping_status":"closed","template":"","meta":{"_acf_changed":false},"product_brand":[],"product_cat":[87],"product_tag":[],"class_list":{"0":"post-7355","1":"product","2":"type-product","3":"status-publish","4":"has-post-thumbnail","6":"product_cat-jnr-alien-10000","8":"first","9":"instock","10":"shipping-taxable","11":"purchasable","12":"product-type-variable"},"acf":[],"_links":{"self":[{"href":"https:\/\/vozolpuff.de\/it\/wp-json\/wp\/v2\/product\/7355","targetHints":{"allow":["GET"]}}],"collection":[{"href":"https:\/\/vozolpuff.de\/it\/wp-json\/wp\/v2\/product"}],"about":[{"href":"https:\/\/vozolpuff.de\/it\/wp-json\/wp\/v2\/types\/product"}],"replies":[{"embeddable":true,"href":"https:\/\/vozolpuff.de\/it\/wp-json\/wp\/v2\/comments?post=7355"}],"wp:featuredmedia":[{"embeddable":true,"href":"https:\/\/vozolpuff.de\/it\/wp-json\/wp\/v2\/media\/7357"}],"wp:attachment":[{"href":"https:\/\/vozolpuff.de\/it\/wp-json\/wp\/v2\/media?parent=7355"}],"wp:term":[{"taxonomy":"product_brand","embeddable":true,"href":"https:\/\/vozolpuff.de\/it\/wp-json\/wp\/v2\/product_brand?post=7355"},{"taxonomy":"product_cat","embeddable":true,"href":"https:\/\/vozolpuff.de\/it\/wp-json\/wp\/v2\/product_cat?post=7355"},{"taxonomy":"product_tag","embeddable":true,"href":"https:\/\/vozolpuff.de\/it\/wp-json\/wp\/v2\/product_tag?post=7355"}],"curies":[{"name":"wp","href":"https:\/\/api.w.org\/{rel}","templated":true}]}}