{"id":8300,"date":"2025-11-19T09:21:09","date_gmt":"2025-11-19T08:21:09","guid":{"rendered":"https:\/\/vozolpuff.de\/?post_type=product&#038;p=8300"},"modified":"2025-11-19T09:21:09","modified_gmt":"2025-11-19T08:21:09","slug":"bang-leader-120k-strawberry-cherry-kiwi-passion-fruit-guava","status":"publish","type":"product","link":"https:\/\/vozolpuff.de\/it\/prodotto\/bang-leader-120k-strawberry-cherry-kiwi-passion-fruit-guava\/","title":{"rendered":"Bang Leader 120K Fragola Ciliegia\/Kiwi Frutto della passione Guava"},"content":{"rendered":"<h2 class=\"font-claude-response-heading text-text-100 mt-1 -mb-0.5\">Bang Leader 120K Fragola Ciliegia\/Kiwi Frutto della passione Guava Sigaretta elettronica usa e getta<\/h2>\n<p class=\"font-claude-response-body whitespace-normal break-words\">Il Bang Leader 120K offre ben 120.000 tiri grazie al suo rivoluzionario design a doppia camera 2 in 1. Passa facilmente dal gusto fruttato Strawberry Cherry a quello esotico Kiwi Passion Fruit Guava grazie a sistemi a bobina separati che preservano i profili aromatici puri. Le bobine mesh all'avanguardia, la potente batteria ricaricabile e il design compatto ed ergonomico garantiscono prestazioni di vaporizzazione continue per tutta la durata prolungata. L'ingegneria di prima classe dei vaporizzatori usa e getta incontra la massima facilit\u00e0 d'uso e la variet\u00e0 di gusti in un dispositivo sofisticato.<\/p>\n<h3 class=\"font-claude-response-subheading text-text-100 mt-1 -mb-1.5\">Bang Leader 120K Fragola Ciliegia\/Kiwi Frutto della passione Guava Tiri \u2013 Caratteristiche principali:<\/h3>\n<p class=\"font-claude-response-body whitespace-normal break-words\">Questo Bang Vape rivoluziona la durata delle sigarette elettroniche usa e getta con la sua eccezionale capacit\u00e0 di 120.000 tiri. Queste prestazioni straordinarie garantiscono mesi di piacere costante senza perdita di qualit\u00e0 e offrono un eccezionale rapporto qualit\u00e0-prezzo per gli utenti che richiedono prestazioni prolungate e una qualit\u00e0 del gusto costante per tutta la durata del dispositivo.<\/p>\n<p class=\"font-claude-response-body whitespace-normal break-words\">La tecnologia 2-in-1 Vape si basa su un sofisticato design a doppia camera che garantisce una separazione impeccabile dei sapori. Questo sistema innovativo consente di passare rapidamente da un profilo aromatico all'altro mantenendo l'integrit\u00e0 assoluta del gusto. Ogni camera funziona in modo indipendente e offre un'esperienza di gusto autentica ad ogni tiro.<\/p>\n<p class=\"font-claude-response-body whitespace-normal break-words\">Dotato dell'avanzata tecnologia Dual Mesh Coil, il 120k Vape garantisce un gusto ottimale e una produzione di vapore costante. La batteria ad alta capacit\u00e0 con ricarica rapida di tipo C offre un'alimentazione affidabile, mentre la tecnologia chip intelligente mantiene un controllo perfetto della temperatura per entrambe le camere di gusto.<\/p>\n<p class=\"font-claude-response-body whitespace-normal break-words\">Il Bang Leader 120K convince grazie al suo design ergonomico con chiara visibilit\u00e0 dell'e-liquid e funzionamento intuitivo. Il sofisticato sistema di flusso d'aria consente una produzione di vapore personalizzata, mentre i molteplici meccanismi di sicurezza garantiscono un utilizzo senza preoccupazioni per tutta la durata prolungata del dispositivo.<\/p>\n<h3 class=\"font-claude-response-subheading text-text-100 mt-1 -mb-1.5\">Specifiche tecniche:<\/h3>\n<p class=\"font-claude-response-body whitespace-normal break-words\">\u2611 TRENI: 120.000 treni<br \/>\n\u2611 Batteria: 650 mAh<br \/>\n\u2611 Resistenza: 1,0 Ohm<br \/>\n\u2611 Connettore di ricarica Type-C<br \/>\n\u2611 Nicotina: 0% \/ 2% \/ 3% \/ 5%<\/p>\n<h3 class=\"font-claude-response-subheading text-text-100 mt-1 -mb-1.5\">Scopri di pi\u00f9 BANG VAPE su vozolpuff<\/h3>\n<p class=\"font-claude-response-body whitespace-normal break-words\">Visitate il nostro ampio <strong><a class=\"underline\" href=\"https:\/\/vozolpuff.de\/it\/\">Offerta Vape<\/a><\/strong>. Nella nostra <strong><a class=\"underline\" href=\"https:\/\/vozolpuff.de\/it\/product-category\/bang-vape\/\">Categoria BANG VAPE<\/a><\/strong> troverete altri modelli di punta oppure potrete sfogliare l'intera gamma. <strong><a class=\"underline\" href=\"https:\/\/vozolpuff.de\/it\/product-category\/bang-vape\/bang-leader-120k\/\">Bang Leader 120K Selezione di gusti<\/a><\/strong>.<\/p>","protected":false},"excerpt":{"rendered":"<p class=\"font-claude-response-body whitespace-normal break-words\">Il Bang Leader 120K Strawberry Cherry\/Kiwi Passion Fruit Guava rivoluziona il mondo delle sigarette elettroniche usa e getta con 120.000 tiri e un innovativo sistema a doppia camera. Passa senza sforzo dal gusto fruttato Strawberry Cherry a quello esotico Kiwi Passion Fruit Guava grazie alle bobine mesh separate. Batteria da 650 mAh con ricarica rapida di tipo C per mesi di piacere premium.<\/p>","protected":false},"featured_media":8302,"comment_status":"open","ping_status":"closed","template":"","meta":{"_acf_changed":false},"product_brand":[],"product_cat":[93],"product_tag":[],"class_list":{"0":"post-8300","1":"product","2":"type-product","3":"status-publish","4":"has-post-thumbnail","6":"product_cat-bang-leader-120k","8":"first","9":"instock","10":"shipping-taxable","11":"purchasable","12":"product-type-variable"},"acf":[],"_links":{"self":[{"href":"https:\/\/vozolpuff.de\/it\/wp-json\/wp\/v2\/product\/8300","targetHints":{"allow":["GET"]}}],"collection":[{"href":"https:\/\/vozolpuff.de\/it\/wp-json\/wp\/v2\/product"}],"about":[{"href":"https:\/\/vozolpuff.de\/it\/wp-json\/wp\/v2\/types\/product"}],"replies":[{"embeddable":true,"href":"https:\/\/vozolpuff.de\/it\/wp-json\/wp\/v2\/comments?post=8300"}],"wp:featuredmedia":[{"embeddable":true,"href":"https:\/\/vozolpuff.de\/it\/wp-json\/wp\/v2\/media\/8302"}],"wp:attachment":[{"href":"https:\/\/vozolpuff.de\/it\/wp-json\/wp\/v2\/media?parent=8300"}],"wp:term":[{"taxonomy":"product_brand","embeddable":true,"href":"https:\/\/vozolpuff.de\/it\/wp-json\/wp\/v2\/product_brand?post=8300"},{"taxonomy":"product_cat","embeddable":true,"href":"https:\/\/vozolpuff.de\/it\/wp-json\/wp\/v2\/product_cat?post=8300"},{"taxonomy":"product_tag","embeddable":true,"href":"https:\/\/vozolpuff.de\/it\/wp-json\/wp\/v2\/product_tag?post=8300"}],"curies":[{"name":"wp","href":"https:\/\/api.w.org\/{rel}","templated":true}]}}