{"id":8314,"date":"2025-11-19T09:30:03","date_gmt":"2025-11-19T08:30:03","guid":{"rendered":"https:\/\/vozolpuff.de\/?post_type=product&#038;p=8314"},"modified":"2025-11-19T09:30:03","modified_gmt":"2025-11-19T08:30:03","slug":"bang-leader-120k-strawberry-banana-cherry-fiesta","status":"publish","type":"product","link":"https:\/\/vozolpuff.de\/it\/prodotto\/bang-leader-120k-strawberry-banana-cherry-fiesta\/","title":{"rendered":"Bang Leader 120K Fragola Banana\/Ciliegia Fiesta"},"content":{"rendered":"<h2 class=\"font-claude-response-heading text-text-100 mt-1 -mb-0.5\">Bang Leader 120K Strawberry Banana\/Cherry Fiesta sigaretta elettronica monouso<\/h2>\n<p class=\"font-claude-response-body whitespace-normal break-words\">Bang Leader 120K combina un'eccezionale durata di 120.000 boccate con un rivoluzionario design a doppia camera 2-in-1. Godetevi il passaggio senza soluzione di continuit\u00e0 tra il cremoso Strawberry Banana e il vibrante Cherry Fiesta grazie a sistemi di bobine separate che preservano i profili di sapore puri. Le avanzate bobine a rete, la potente batteria ricaricabile e il design compatto ed ergonomico garantiscono una produzione di vapore costante per tutta la sua durata. La tecnologia di svapo monouso premium incontra la massima praticit\u00e0 e variet\u00e0 di sapori in un dispositivo elegante.<\/p>\n<h3 class=\"font-claude-response-subheading text-text-100 mt-1 -mb-1.5\">Bang Leader 120K treni Strawberry Banana\/Cherry Fiesta - I punti salienti:<\/h3>\n<p class=\"font-claude-response-body whitespace-normal break-words\">La sigaretta elettronica Bang Vape rivoluziona gli standard del vaping usa e getta con la sua impressionante capacit\u00e0 di 120.000 puff. Questa eccezionale durata assicura mesi di ininterrotto piacere di svapo senza perdita di qualit\u00e0 e offre un imbattibile rapporto qualit\u00e0-prezzo per i vapers che apprezzano la longevit\u00e0 e la qualit\u00e0 costante del sapore per tutta la durata del dispositivo.<\/p>\n<p class=\"font-claude-response-body whitespace-normal break-words\">La tecnologia di svapo 2 in 1 si basa su un sofisticato design a doppia camera che assicura una perfetta separazione dei sapori. Questo sistema innovativo consente di passare senza sforzo da un profilo aromatico all'altro, con una completa integrit\u00e0 del sapore. Ogni camera funziona in modo indipendente e offre esperienze di gusto autentiche a ogni boccata.<\/p>\n<p class=\"font-claude-response-body whitespace-normal break-words\">Dotata della pi\u00f9 recente tecnologia dual mesh coil, la 120k Vape assicura uno sviluppo del sapore di prima classe e una produzione di vapore costante. La batteria ad alta capacit\u00e0 con ricarica rapida Type-C fornisce un'alimentazione affidabile, mentre la tecnologia intelligente del chip mantiene un perfetto controllo della temperatura per entrambe le camere aromatiche.<\/p>\n<p class=\"font-claude-response-body whitespace-normal break-words\">Il Bang Leader 120K si distingue per il design ergonomico, la chiara visibilit\u00e0 dell'e-liquid e la facilit\u00e0 d'uso. Il sofisticato sistema di flusso d'aria consente una produzione di vapore personalizzata, mentre i meccanismi di sicurezza completi garantiscono un utilizzo senza preoccupazioni per tutta la durata prolungata del dispositivo.<\/p>\n<h3 class=\"font-claude-response-subheading text-text-100 mt-1 -mb-1.5\">Specifiche tecniche:<\/h3>\n<p class=\"font-claude-response-body whitespace-normal break-words\">\u2611 TRENI: 120.000 treni<br \/>\n\u2611 Batteria: 650 mAh<br \/>\n\u2611 Resistenza: 1,0 Ohm<br \/>\n\u2611 Connettore di ricarica Type-C<br \/>\n\u2611 Nicotina: 0% \/ 2% \/ 3% \/ 5%<\/p>\n<h3 class=\"font-claude-response-subheading text-text-100 mt-1 -mb-1.5\">Scopri di pi\u00f9 BANG VAPE su vozolpuff<\/h3>\n<p class=\"font-claude-response-body whitespace-normal break-words\">Altri prodotti per il vaping di prima classe vi aspettano nel nostro <strong><a class=\"underline\" href=\"https:\/\/vozolpuff.de\/it\/\">Negozio web<\/a><\/strong> vi aspetta. Esplorate i nostri diversi <strong><a class=\"underline\" href=\"https:\/\/vozolpuff.de\/it\/product-category\/bang-vape\/\">Selezione BANG VAPE<\/a><\/strong> oppure informatevi su tutti i <strong><a class=\"underline\" href=\"https:\/\/vozolpuff.de\/it\/product-category\/bang-vape\/bang-leader-120k\/\">Bang Leader 120K Varianti di gusto<\/a><\/strong>.<\/p>","protected":false},"excerpt":{"rendered":"<p class=\"font-claude-response-body whitespace-normal break-words\">Bang Leader 120K Strawberry Banana\/Cherry Fiesta rivoluziona i vapers usa e getta con 120.000 puff e un innovativo sistema a doppia camera. Passa senza sforzo dalla cremosa Strawberry Banana alla vivace Cherry Fiesta grazie alle bobine separate. Batteria da 650 mAh con ricarica rapida Type-C per mesi di piacere di svapo di alto livello.<\/p>","protected":false},"featured_media":8316,"comment_status":"open","ping_status":"closed","template":"","meta":{"_acf_changed":false},"product_brand":[],"product_cat":[93],"product_tag":[],"class_list":{"0":"post-8314","1":"product","2":"type-product","3":"status-publish","4":"has-post-thumbnail","6":"product_cat-bang-leader-120k","8":"first","9":"instock","10":"shipping-taxable","11":"purchasable","12":"product-type-variable"},"acf":[],"_links":{"self":[{"href":"https:\/\/vozolpuff.de\/it\/wp-json\/wp\/v2\/product\/8314","targetHints":{"allow":["GET"]}}],"collection":[{"href":"https:\/\/vozolpuff.de\/it\/wp-json\/wp\/v2\/product"}],"about":[{"href":"https:\/\/vozolpuff.de\/it\/wp-json\/wp\/v2\/types\/product"}],"replies":[{"embeddable":true,"href":"https:\/\/vozolpuff.de\/it\/wp-json\/wp\/v2\/comments?post=8314"}],"wp:featuredmedia":[{"embeddable":true,"href":"https:\/\/vozolpuff.de\/it\/wp-json\/wp\/v2\/media\/8316"}],"wp:attachment":[{"href":"https:\/\/vozolpuff.de\/it\/wp-json\/wp\/v2\/media?parent=8314"}],"wp:term":[{"taxonomy":"product_brand","embeddable":true,"href":"https:\/\/vozolpuff.de\/it\/wp-json\/wp\/v2\/product_brand?post=8314"},{"taxonomy":"product_cat","embeddable":true,"href":"https:\/\/vozolpuff.de\/it\/wp-json\/wp\/v2\/product_cat?post=8314"},{"taxonomy":"product_tag","embeddable":true,"href":"https:\/\/vozolpuff.de\/it\/wp-json\/wp\/v2\/product_tag?post=8314"}],"curies":[{"name":"wp","href":"https:\/\/api.w.org\/{rel}","templated":true}]}}