{"id":8341,"date":"2025-11-19T09:43:24","date_gmt":"2025-11-19T08:43:24","guid":{"rendered":"https:\/\/vozolpuff.de\/?post_type=product&#038;p=8341"},"modified":"2025-11-19T09:43:25","modified_gmt":"2025-11-19T08:43:25","slug":"bang-leader-120k-red-energy-ice-grape-ice","status":"publish","type":"product","link":"https:\/\/vozolpuff.de\/it\/prodotto\/bang-leader-120k-red-energy-ice-grape-ice\/","title":{"rendered":"Bang Leader 120K Red Energy Ice\/Grape Ice"},"content":{"rendered":"<h2 class=\"font-claude-response-heading text-text-100 mt-1 -mb-0.5\">Bang Leader 120K Red Energy Ice\/Grape Ice Sigaretta elettronica usa e getta<\/h2>\n<p class=\"font-claude-response-body whitespace-normal break-words\">Bang Leader 120K offre ben 120.000 boccate grazie al rivoluzionario design a doppia camera 2 in 1. Passa facilmente dalla stimolante Red Energy Ice alla rinfrescante Grape Ice grazie a sistemi a bobina separati che preservano i profili aromatici puri. Le bobine mesh avanzate, la potente batteria ricaricabile e il design ergonomico garantiscono una produzione di vapore costante per tutta la durata prolungata. La tecnologia premium dei vaporizzatori usa e getta incontra il massimo comfort e la variet\u00e0 di gusti in un dispositivo innovativo.<\/p>\n<h3 class=\"font-claude-response-subheading text-text-100 mt-1 -mb-1.5\">Bang Leader 120K Red Energy Ice\/Grape Ice Tiri \u2013 Caratteristiche principali:<\/h3>\n<p class=\"font-claude-response-body whitespace-normal break-words\">Questo Bang Vape definisce nuovi standard nel settore dello svapo usa e getta grazie alla sua eccezionale capacit\u00e0 di 120.000 tiri. Queste prestazioni spettacolari garantiscono mesi di svapo senza compromessi e senza perdita di qualit\u00e0, offrendo un ottimo rapporto qualit\u00e0-prezzo per gli utenti che apprezzano sia le prestazioni prolungate che la qualit\u00e0 del gusto costante per tutta la durata del dispositivo.<\/p>\n<p class=\"font-claude-response-body whitespace-normal break-words\">La tecnologia 2-in-1 Vape si basa su un sofisticato design a doppia camera che garantisce una perfetta separazione dei sapori. Questo sistema avanzato consente di passare senza sforzo da un profilo aromatico energico all'altro, mantenendo l'integrit\u00e0 assoluta del gusto. Ogni camera funziona in modo indipendente e offre un'esperienza di gusto autentica ad ogni tiro.<\/p>\n<p class=\"font-claude-response-body whitespace-normal break-words\">Grazie all'innovativa tecnologia Dual Mesh Coil, il 120k Vape garantisce un gusto ottimale e una produzione di vapore uniforme. La batteria ad alta capacit\u00e0 con ricarica rapida di tipo C offre un'alimentazione affidabile, mentre la tecnologia chip intelligente mantiene un controllo perfetto della temperatura per entrambe le camere di gusto.<\/p>\n<p class=\"font-claude-response-body whitespace-normal break-words\">Il Bang Leader 120K si distingue per il design ergonomico, la chiara visibilit\u00e0 dell'e-liquid e il funzionamento intuitivo. Il sofisticato sistema di flusso d'aria consente una produzione di vapore personalizzata, mentre i molteplici meccanismi di sicurezza garantiscono un utilizzo senza preoccupazioni per tutta la durata prolungata del dispositivo.<\/p>\n<h3 class=\"font-claude-response-subheading text-text-100 mt-1 -mb-1.5\">Specifiche tecniche:<\/h3>\n<p class=\"font-claude-response-body whitespace-normal break-words\">\u2611 TRENI: 120.000 treni<br \/>\n\u2611 Batteria: 650 mAh<br \/>\n\u2611 Resistenza: 1,0 Ohm<br \/>\n\u2611 Connettore di ricarica Type-C<br \/>\n\u2611 Nicotina: 0% \/ 2% \/ 3% \/ 5%<\/p>\n<h3 class=\"font-claude-response-subheading text-text-100 mt-1 -mb-1.5\">Scopri di pi\u00f9 BANG VAPE su vozolpuff<\/h3>\n<p class=\"font-claude-response-body whitespace-normal break-words\">Soluzioni di alta qualit\u00e0 per lo svapo sono disponibili nel nostro <strong><a class=\"underline\" href=\"https:\/\/vozolpuff.de\/it\/\">Negozio online<\/a><\/strong>. Scoprite la nostra ampia gamma <strong><a class=\"underline\" href=\"https:\/\/vozolpuff.de\/it\/product-category\/bang-vape\/\">Paletta BANG VAPE<\/a><\/strong> oppure date un'occhiata a tutti <strong><a class=\"underline\" href=\"https:\/\/vozolpuff.de\/it\/product-category\/bang-vape\/bang-leader-120k\/\">Bang Leader 120K Opzioni<\/a><\/strong> a.<\/p>","protected":false},"excerpt":{"rendered":"<p class=\"font-claude-response-body whitespace-normal break-words\">Il Bang Leader 120K Red Energy Ice\/Grape Ice rivoluziona le sigarette elettroniche usa e getta con 120.000 boccate e un innovativo sistema a doppia camera. Passa senza sforzo dall'energizzante Red Energy Ice al rinfrescante Grape Ice grazie alle bobine mesh separate. Batteria da 650 mAh con ricarica rapida di tipo C per mesi di svapo di alta qualit\u00e0.<\/p>","protected":false},"featured_media":8343,"comment_status":"open","ping_status":"closed","template":"","meta":{"_acf_changed":false},"product_brand":[],"product_cat":[93],"product_tag":[],"class_list":{"0":"post-8341","1":"product","2":"type-product","3":"status-publish","4":"has-post-thumbnail","6":"product_cat-bang-leader-120k","8":"first","9":"instock","10":"shipping-taxable","11":"purchasable","12":"product-type-variable"},"acf":[],"_links":{"self":[{"href":"https:\/\/vozolpuff.de\/it\/wp-json\/wp\/v2\/product\/8341","targetHints":{"allow":["GET"]}}],"collection":[{"href":"https:\/\/vozolpuff.de\/it\/wp-json\/wp\/v2\/product"}],"about":[{"href":"https:\/\/vozolpuff.de\/it\/wp-json\/wp\/v2\/types\/product"}],"replies":[{"embeddable":true,"href":"https:\/\/vozolpuff.de\/it\/wp-json\/wp\/v2\/comments?post=8341"}],"wp:featuredmedia":[{"embeddable":true,"href":"https:\/\/vozolpuff.de\/it\/wp-json\/wp\/v2\/media\/8343"}],"wp:attachment":[{"href":"https:\/\/vozolpuff.de\/it\/wp-json\/wp\/v2\/media?parent=8341"}],"wp:term":[{"taxonomy":"product_brand","embeddable":true,"href":"https:\/\/vozolpuff.de\/it\/wp-json\/wp\/v2\/product_brand?post=8341"},{"taxonomy":"product_cat","embeddable":true,"href":"https:\/\/vozolpuff.de\/it\/wp-json\/wp\/v2\/product_cat?post=8341"},{"taxonomy":"product_tag","embeddable":true,"href":"https:\/\/vozolpuff.de\/it\/wp-json\/wp\/v2\/product_tag?post=8341"}],"curies":[{"name":"wp","href":"https:\/\/api.w.org\/{rel}","templated":true}]}}