{"id":8365,"date":"2025-11-19T09:53:08","date_gmt":"2025-11-19T08:53:08","guid":{"rendered":"https:\/\/vozolpuff.de\/?post_type=product&#038;p=8365"},"modified":"2025-11-19T09:53:40","modified_gmt":"2025-11-19T08:53:40","slug":"bang-leader-120k-blueberry-ice-black-currant","status":"publish","type":"product","link":"https:\/\/vozolpuff.de\/it\/prodotto\/bang-leader-120k-blueberry-ice-black-currant\/","title":{"rendered":"Bang Leader 120K Mirtillo ghiacciato\/Black Currant"},"content":{"rendered":"<h2 class=\"font-claude-response-heading text-text-100 mt-1 -mb-0.5\">Bang Leader 120K Blueberry Ice\/Black Currant Sigaretta elettronica usa e getta<\/h2>\n<p class=\"font-claude-response-body whitespace-normal break-words\">Il Bang Leader 120K offre ben 120.000 boccate grazie al rivoluzionario design a doppia camera 2 in 1. Passa facilmente dal fresco Blueberry Ice all'intenso Black Currant grazie a sistemi a bobina separati che preservano i profili aromatici puri. Coil mesh altamente sofisticate, una potente batteria ricaricabile e un design ergonomico compatto garantiscono una produzione di vapore costante per tutta la durata prolungata. La tecnologia vape monouso premium incontra il massimo comfort e la variet\u00e0 di gusti in un dispositivo sofisticato.<\/p>\n<h3 class=\"font-claude-response-subheading text-text-100 mt-1 -mb-1.5\">Bang Leader 120K Blueberry Ice\/Black Currant Tiri \u2013 Caratteristiche principali:<\/h3>\n<p class=\"font-claude-response-body whitespace-normal break-words\">La sigaretta elettronica Bang Vape rivoluziona il mondo dello svapo usa e getta con la sua impressionante capacit\u00e0 di 120.000 boccate. Questa straordinaria resistenza garantisce mesi di svapo continuo senza perdita di qualit\u00e0 e offre un ottimo rapporto qualit\u00e0-prezzo per i vapers che desiderano sia la durata che una qualit\u00e0 aromatica costante per tutta la vita utile del dispositivo.<\/p>\n<p class=\"font-claude-response-body whitespace-normal break-words\">La tecnologia 2-in-1 Vape utilizza un design intelligente a doppia camera che garantisce una separazione impeccabile dei sapori. Questo sistema innovativo consente di passare senza sforzo da un profilo aromatico intenso all'altro, mantenendo la completa integrit\u00e0 del gusto. Ogni camera funziona in modo indipendente, offrendo un'esperienza di gusto autentica ad ogni tiro.<\/p>\n<p class=\"font-claude-response-body whitespace-normal break-words\">Grazie alla pi\u00f9 moderna tecnologia Dual Mesh Coil, il 120k Vape garantisce un eccellente sviluppo del gusto e una produzione costante di vapore. La batteria ad alta capacit\u00e0 con ricarica rapida di tipo C offre un'alimentazione affidabile, mentre la tecnologia chip intelligente mantiene un controllo perfetto della temperatura per entrambe le camere di gusto.<\/p>\n<p class=\"font-claude-response-body whitespace-normal break-words\">Il Bang Leader 120K colpisce per il suo design ergonomico con chiara visibilit\u00e0 dell'e-liquid e facilit\u00e0 d'uso. Il sofisticato sistema di flusso d'aria consente una produzione di vapore personalizzata, mentre i meccanismi di sicurezza completi garantiscono un utilizzo senza preoccupazioni per tutta la durata prolungata del dispositivo.<\/p>\n<h3 class=\"font-claude-response-subheading text-text-100 mt-1 -mb-1.5\">Specifiche tecniche:<\/h3>\n<p class=\"font-claude-response-body whitespace-normal break-words\">\u2611 TRENI: 120.000 treni<br \/>\n\u2611 Batteria: 650 mAh<br \/>\n\u2611 Resistenza: 1,0 Ohm<br \/>\n\u2611 Connettore di ricarica Type-C<br \/>\n\u2611 Nicotina: 0% \/ 2% \/ 3% \/ 5%<\/p>\n<h3 class=\"font-claude-response-subheading text-text-100 mt-1 -mb-1.5\">Scopri di pi\u00f9 BANG VAPE su vozolpuff<\/h3>\n<p class=\"font-claude-response-body whitespace-normal break-words\">Troverete altri prodotti premium sul nostro sito <strong><a class=\"underline\" href=\"https:\/\/vozolpuff.de\/it\/\">Homepage<\/a><\/strong>. Date un'occhiata alla nostra innovativa <strong><a class=\"underline\" href=\"https:\/\/vozolpuff.de\/it\/product-category\/bang-vape\/\">Collezione BANG VAPE<\/a><\/strong> oppure scoprite tutti i <strong><a class=\"underline\" href=\"https:\/\/vozolpuff.de\/it\/product-category\/bang-vape\/bang-leader-120k\/\">Bang Leader 120K Aromi<\/a><\/strong>.<\/p>","protected":false},"excerpt":{"rendered":"<p class=\"font-claude-response-body whitespace-normal break-words\">Il Bang Leader 120K Blueberry Ice\/Black Currant rivoluziona i vaporizzatori usa e getta con 120.000 boccate e un innovativo sistema a doppia camera. Passa senza sforzo dal fresco Blueberry Ice all'intenso Black Currant grazie alle bobine mesh separate. Batteria da 650 mAh con ricarica rapida di tipo C per mesi di svapo di alta qualit\u00e0.<\/p>","protected":false},"featured_media":8367,"comment_status":"open","ping_status":"closed","template":"","meta":{"_acf_changed":false},"product_brand":[],"product_cat":[93],"product_tag":[],"class_list":{"0":"post-8365","1":"product","2":"type-product","3":"status-publish","4":"has-post-thumbnail","6":"product_cat-bang-leader-120k","8":"first","9":"instock","10":"shipping-taxable","11":"purchasable","12":"product-type-variable"},"acf":[],"_links":{"self":[{"href":"https:\/\/vozolpuff.de\/it\/wp-json\/wp\/v2\/product\/8365","targetHints":{"allow":["GET"]}}],"collection":[{"href":"https:\/\/vozolpuff.de\/it\/wp-json\/wp\/v2\/product"}],"about":[{"href":"https:\/\/vozolpuff.de\/it\/wp-json\/wp\/v2\/types\/product"}],"replies":[{"embeddable":true,"href":"https:\/\/vozolpuff.de\/it\/wp-json\/wp\/v2\/comments?post=8365"}],"wp:featuredmedia":[{"embeddable":true,"href":"https:\/\/vozolpuff.de\/it\/wp-json\/wp\/v2\/media\/8367"}],"wp:attachment":[{"href":"https:\/\/vozolpuff.de\/it\/wp-json\/wp\/v2\/media?parent=8365"}],"wp:term":[{"taxonomy":"product_brand","embeddable":true,"href":"https:\/\/vozolpuff.de\/it\/wp-json\/wp\/v2\/product_brand?post=8365"},{"taxonomy":"product_cat","embeddable":true,"href":"https:\/\/vozolpuff.de\/it\/wp-json\/wp\/v2\/product_cat?post=8365"},{"taxonomy":"product_tag","embeddable":true,"href":"https:\/\/vozolpuff.de\/it\/wp-json\/wp\/v2\/product_tag?post=8365"}],"curies":[{"name":"wp","href":"https:\/\/api.w.org\/{rel}","templated":true}]}}