{"id":867,"date":"2025-08-24T10:43:10","date_gmt":"2025-08-24T08:43:10","guid":{"rendered":"https:\/\/vozolpuff.de\/?post_type=product&#038;p=867"},"modified":"2026-01-15T12:13:59","modified_gmt":"2026-01-15T11:13:59","slug":"vozol-vista-40000-watermelon-ice","status":"publish","type":"product","link":"https:\/\/vozolpuff.de\/it\/prodotto\/vozol-vista-40000-watermelon-ice\/","title":{"rendered":"Vozol Vista 40000 Ghiaccio all'anguria"},"content":{"rendered":"<h2 class=\"text-2xl font-bold mt-1 text-text-100\">Vozol Vista 40000 Watermelon Ice Vape usa e getta<\/h2>\n<p class=\"whitespace-normal break-words\">Il <strong>Vozol Vista 40000 Ghiaccio all'anguria<\/strong> offre la massima esperienza rinfrescante con un succoso gusto di anguria e una freschezza tonificante, perfetta per le giornate estive. Questa sigaretta elettronica ricaricabile monouso di alta qualit\u00e0 \u00e8 dotata di una potente batteria da 1000 mAh e funzione di ricarica rapida USB-C. Prova fino a <strong>40.000 bign\u00e8 rinfrescanti e fruttati<\/strong> grazie all'innovativa bobina Dual Mesh con tecnologia S.i.L.C, integrata da una regolazione della potenza a 4 livelli e una doppia regolazione del flusso d'aria.<\/p>\n<h3 class=\"text-xl font-bold text-text-100 mt-1 -mb-0.5\">Watermelon Ice Vista 40000 Caratteristiche:<\/h3>\n<p class=\"whitespace-normal break-words\"><strong>Sistema di batterie ad alte prestazioni da 1000 mAh:<\/strong> Potenza duratura con ricarica rapida Type-C per un piacere di svapo continuo<\/p>\n<p class=\"whitespace-normal break-words\"><strong>Resistenza all'estrazione a due livelli:<\/strong> Transizione flessibile tra boccate intense di MTL e inalazioni pi\u00f9 rilassate<\/p>\n<p class=\"whitespace-normal break-words\"><strong>Controllo Quattro-Watt:<\/strong> Intensit\u00e0 del vapore personalizzabile per un'esperienza gustativa perfetta con Watermelon Ice<\/p>\n<p class=\"whitespace-normal break-words\"><strong>Monitor LED con visione a 360\u00b0 a 270\u00b0:<\/strong> Informazioni complete su conta-treni, stato della batteria e modalit\u00e0 di funzionamento<\/p>\n<p class=\"whitespace-normal break-words\"><strong>Tecnologia S.i.L.C Dual-Mesh:<\/strong> Tecnologia all'avanguardia per un gusto Watermelon Ice sempre uniforme<\/p>\n<p class=\"whitespace-normal break-words\"><strong>Caratteristiche dell'illuminazione reattiva:<\/strong> Accattivanti display a LED attivati ad ogni utilizzo<\/p>\n<p class=\"whitespace-normal break-words\"><strong>Concentrazione standardizzata di nicotina 50 mg\/ml (5%):<\/strong> Apporto di nicotina soddisfacente per i fumatori abituali<\/p>\n<h3 class=\"text-xl font-bold text-text-100 mt-1 -mb-0.5\">Scopri altri VOZOL VAPE su vozolpuff<\/h3>\n<p class=\"whitespace-normal break-words\">Acquista Vozol Vista 40000 Watermelon Ice presso il negozio di sigarette elettroniche leader in Germania. Visita il nostro sito web <a class=\"underline\" href=\"https:\/\/vozolpuff.de\/it\/\"><strong>Homepage<\/strong><\/a> per altri prodotti premium, scoprite la gamma completa <a class=\"underline\" href=\"https:\/\/vozolpuff.de\/it\/product-category\/vozol-vape\/\"><strong>VAPORE VOZOL<\/strong><\/a> o sfogliare tutte le collezioni <a class=\"underline\" href=\"https:\/\/vozolpuff.de\/it\/product-category\/vozol-vape\/vozol-vista-40000\/\"><strong>Vozol Vista 40000<\/strong><\/a> Aromi.<\/p>","protected":false},"excerpt":{"rendered":"<p>Il <strong>Vozol Vista 40000 Watermelon Ice Vape usa e getta<\/strong> Offre un'esperienza rinfrescante senza pari con un succoso gusto di anguria e un effetto rinfrescante e tonificante per fino a 40.000 boccate fruttate e rinfrescanti. Con potente batteria da 1000 mAh, funzione di ricarica rapida USB-C e tecnologia Dual-Mesh S.i.L.C. Regolazione della potenza in 4 livelli, doppia regolazione del flusso d'aria e monitor LED a 270\u00b0. Concentrazione di nicotina: 50 mg\/ml (5%).<\/p>","protected":false},"featured_media":870,"comment_status":"open","ping_status":"closed","template":"","meta":{"_acf_changed":false},"product_brand":[],"product_cat":[31],"product_tag":[],"class_list":{"0":"post-867","1":"product","2":"type-product","3":"status-publish","4":"has-post-thumbnail","6":"product_cat-vozol-vista-40000","8":"first","9":"instock","10":"shipping-taxable","11":"purchasable","12":"product-type-variable"},"acf":[],"_links":{"self":[{"href":"https:\/\/vozolpuff.de\/it\/wp-json\/wp\/v2\/product\/867","targetHints":{"allow":["GET"]}}],"collection":[{"href":"https:\/\/vozolpuff.de\/it\/wp-json\/wp\/v2\/product"}],"about":[{"href":"https:\/\/vozolpuff.de\/it\/wp-json\/wp\/v2\/types\/product"}],"replies":[{"embeddable":true,"href":"https:\/\/vozolpuff.de\/it\/wp-json\/wp\/v2\/comments?post=867"}],"wp:featuredmedia":[{"embeddable":true,"href":"https:\/\/vozolpuff.de\/it\/wp-json\/wp\/v2\/media\/870"}],"wp:attachment":[{"href":"https:\/\/vozolpuff.de\/it\/wp-json\/wp\/v2\/media?parent=867"}],"wp:term":[{"taxonomy":"product_brand","embeddable":true,"href":"https:\/\/vozolpuff.de\/it\/wp-json\/wp\/v2\/product_brand?post=867"},{"taxonomy":"product_cat","embeddable":true,"href":"https:\/\/vozolpuff.de\/it\/wp-json\/wp\/v2\/product_cat?post=867"},{"taxonomy":"product_tag","embeddable":true,"href":"https:\/\/vozolpuff.de\/it\/wp-json\/wp\/v2\/product_tag?post=867"}],"curies":[{"name":"wp","href":"https:\/\/api.w.org\/{rel}","templated":true}]}}