{"id":328,"date":"2025-08-21T10:43:16","date_gmt":"2025-08-21T08:43:16","guid":{"rendered":"https:\/\/vozolpuff.de\/?page_id=328"},"modified":"2025-08-21T10:43:18","modified_gmt":"2025-08-21T08:43:18","slug":"rueckgaberichtlinie","status":"publish","type":"page","link":"https:\/\/vozolpuff.de\/nl\/rueckgaberichtlinie\/","title":{"rendered":"Retourbeleid"},"content":{"rendered":"<p><strong>Terugkeerperioden en algemene bepalingen<\/strong><\/p>\n\n\n\n<ul class=\"wp-block-list\">\n<li><strong>Tijdsbestek voor terugkeer<\/strong>: 3 dagen retourtijd vanaf de aankoopdatum<\/li>\n\n\n\n<li><strong>Levertijden<\/strong>3 dagen levertijd - controleer direct na aankomst of de goederen goed functioneren<\/li>\n\n\n\n<li><strong>Tijdsverloop<\/strong>: Na 3 dagen is geen terugbetaling of omruiling meer mogelijk, om welke reden dan ook.<\/li>\n\n\n\n<li><strong>Wijzigingen in de bestelling<\/strong>: Adreswijzigingen kunnen tot aan verzending per e-mail worden doorgegeven aan czhiwen97@gmail.com<\/li>\n\n\n\n<li><strong>Na verzending van goederen<\/strong>Annulering niet langer haalbaar<\/li>\n<\/ul>\n\n\n\n<p><strong>Kosten en lasten<\/strong><\/p>\n\n\n\n<ul class=\"wp-block-list\">\n<li><strong>Leveringen niet geaccepteerd<\/strong>30% Verwerkingskosten voor geweigerd pakket of onjuist adres met verzoek om terugbetaling<\/li>\n\n\n\n<li><strong>Verzendkosten<\/strong>Worden over het algemeen niet terugbetaald<\/li>\n\n\n\n<li><strong>Opslagkosten retourzending<\/strong>50% Vergoeding voor geretourneerde, foutloze, geopende goederen<\/li>\n<\/ul>\n\n\n\n<p><strong>Goederen geautoriseerd voor retourzending<\/strong><\/p>\n\n\n\n<ul class=\"wp-block-list\">\n<li><strong>Geaccepteerde retourzendingen<\/strong>Alleen defecte producten worden geaccepteerd voor retourzending<\/li>\n\n\n\n<li><strong>Standaard artikel<\/strong>: Geen restitutie voor reguliere producten<\/li>\n<\/ul>\n\n\n\n<p><strong>Niet-retourneerbare producten<\/strong> <strong>Hygi\u00ebnische en veiligheidsredenen:<\/strong><\/p>\n\n\n\n<ul class=\"wp-block-list\">\n<li>E-sigaretvloeistoffen\/e-liquids<\/li>\n\n\n\n<li>Mondstukken, patronen, vaporizer coils<\/li>\n\n\n\n<li>Open tank\/RDA\/RDTA systemen<\/li>\n\n\n\n<li>Verwarmingsspiralen, draden, watten<\/li>\n\n\n\n<li>Container, verdamperunits, verdamperkoppen<\/li>\n\n\n\n<li>Batterijen, laders<\/li>\n<\/ul>\n\n\n\n<p><strong>Verdere uitsluitingen:<\/strong><\/p>\n\n\n\n<ul class=\"wp-block-list\">\n<li>Gratis of promotiemonsters<\/li>\n\n\n\n<li>Individuele bestellingen via verkoopmedewerkers<\/li>\n\n\n\n<li>Bulkbestellingen<\/li>\n\n\n\n<li>Alle gepresenteerde of gewijzigde producten<\/li>\n\n\n\n<li>Items met fysieke schade, vochtschade of tekenen van knoeien<\/li>\n<\/ul>\n\n\n\n<p><strong>Retourprocedure<\/strong><\/p>\n\n\n\n<ul class=\"wp-block-list\">\n<li><strong>Noodzakelijke informatie<\/strong>Volledige naam, bestelnummer en -datum, productgegevens: Benaming, fabrikant, type, kleur<\/li>\n\n\n\n<li><strong>Type terugkeer<\/strong>Defect artikel, verkeerd product<\/li>\n\n\n\n<li><strong>Plaatjes<\/strong>Foto\/videobewijs van barcode, serienummer, QR-code<\/li>\n\n\n\n<li><strong>Type terugkeer<\/strong>Restitutie, shoptegoed of productruil<\/li>\n\n\n\n<li><strong>Retourzending<\/strong>Eigen verpakking en verzending op kosten van de klant<\/li>\n\n\n\n<li><strong>Verwerkingstijd<\/strong>1-3 werkdagen Inspectie na ontvangst van goederen<\/li>\n\n\n\n<li><strong>Contact mogelijkheid<\/strong>: czhiwen97@gmail.com<\/li>\n<\/ul>\n\n\n\n<p><strong>Vereisten voor defecte artikelen<\/strong><\/p>\n\n\n\n<ul class=\"wp-block-list\">\n<li><strong>Voorwaarden voor inruil\/krediet<\/strong>: Geen fysieke schade of diepe krassen<\/li>\n\n\n\n<li><strong>Geen teruggave<\/strong>Door kleine optische defecten<\/li>\n\n\n\n<li><strong>Volledigheid<\/strong>Alle extra onderdelen moeten ook worden verzonden<\/li>\n\n\n\n<li><strong>Verpakking<\/strong>Zorgvuldige verpakking noodzakelijk<\/li>\n\n\n\n<li><strong>Uitsluitingscriteria<\/strong>Artikelen mogen niet op de uitsluitingenlijst staan<\/li>\n<\/ul>\n\n\n\n<p><strong>Verwerking en afhandeling van terugbetalingen<\/strong><\/p>\n\n\n\n<ul class=\"wp-block-list\">\n<li><strong>Verwerkingstijd<\/strong>7-10 werkdagen voor retourzendingen per post<\/li>\n\n\n\n<li><strong>Verwerking van terugbetalingen<\/strong>3-7 werkdagen voor verwerking terugbetaling<\/li>\n\n\n\n<li><strong>Bankafhankelijke duur<\/strong>Tot 10 extra dagen afhankelijk van de bank<\/li>\n\n\n\n<li><strong>Normale prijzen<\/strong>: Terugbetaalbaar<\/li>\n\n\n\n<li><strong>Promotionele artikelen<\/strong>: Niet gemachtigd om terug te keren<\/li>\n\n\n\n<li><strong>Verkoopartikelen<\/strong>: Geen vervanging gegarandeerd, wordt niet nabesteld<\/li>\n<\/ul>\n\n\n\n<p><strong>Belangrijke opmerkingen<\/strong><\/p>\n\n\n\n<ul class=\"wp-block-list\">\n<li><strong>Verantwoordelijkheid<\/strong>Geen aansprakelijkheid voor zoekgeraakte, gestolen of beschadigde retourzendingen<\/li>\n\n\n\n<li><strong>Spijt van de koper<\/strong>Geen retourzending van geopende\/gebruikte artikelen zonder defecten<\/li>\n\n\n\n<li><strong>Lokale regelgeving<\/strong>Klanten moeten de lokale wetgeving controleren<\/li>\n\n\n\n<li><strong>Disclaimer<\/strong>: Geen juridisch advies door vozolpuff.de<\/li>\n\n\n\n<li><strong>Veiligheid van batterijen<\/strong>Geen verantwoordelijkheid voor schade veroorzaakt door onjuist batterijgebruik<\/li>\n\n\n\n<li><strong>Rembours<\/strong>: Niet langer beschikbaar als leveringsoptie<\/li>\n<\/ul>","protected":false},"excerpt":{"rendered":"<p>R\u00fcckgabefristen und Allgemeine Bestimmungen Kosten und Abgaben Zur R\u00fcckgabe berechtigte Waren Nicht r\u00fccksendbare Produkte Hygienische und sicherheitsrelevante Gr\u00fcnde: Weitere Ausschl\u00fcsse: Ablauf der R\u00fcckgabe Voraussetzungen f\u00fcr mangelhafte Artikel Erstattungsabwicklung und Bearbeitung Wesentliche Hinweise<\/p>","protected":false},"author":1,"featured_media":0,"parent":0,"menu_order":0,"comment_status":"closed","ping_status":"closed","template":"","meta":{"_acf_changed":false,"footnotes":""},"class_list":["post-328","page","type-page","status-publish","hentry"],"acf":[],"_links":{"self":[{"href":"https:\/\/vozolpuff.de\/nl\/wp-json\/wp\/v2\/pages\/328","targetHints":{"allow":["GET"]}}],"collection":[{"href":"https:\/\/vozolpuff.de\/nl\/wp-json\/wp\/v2\/pages"}],"about":[{"href":"https:\/\/vozolpuff.de\/nl\/wp-json\/wp\/v2\/types\/page"}],"author":[{"embeddable":true,"href":"https:\/\/vozolpuff.de\/nl\/wp-json\/wp\/v2\/users\/1"}],"replies":[{"embeddable":true,"href":"https:\/\/vozolpuff.de\/nl\/wp-json\/wp\/v2\/comments?post=328"}],"version-history":[{"count":1,"href":"https:\/\/vozolpuff.de\/nl\/wp-json\/wp\/v2\/pages\/328\/revisions"}],"predecessor-version":[{"id":330,"href":"https:\/\/vozolpuff.de\/nl\/wp-json\/wp\/v2\/pages\/328\/revisions\/330"}],"wp:attachment":[{"href":"https:\/\/vozolpuff.de\/nl\/wp-json\/wp\/v2\/media?parent=328"}],"curies":[{"name":"wp","href":"https:\/\/api.w.org\/{rel}","templated":true}]}}