{"id":331,"date":"2025-08-21T10:45:50","date_gmt":"2025-08-21T08:45:50","guid":{"rendered":"https:\/\/vozolpuff.de\/?page_id=331"},"modified":"2025-08-21T10:45:52","modified_gmt":"2025-08-21T08:45:52","slug":"versand-und-lieferung","status":"publish","type":"page","link":"https:\/\/vozolpuff.de\/nl\/versand-und-lieferung\/","title":{"rendered":"Verzending en levering"},"content":{"rendered":"<h2 class=\"wp-block-heading\"><strong>Orderverwerking en verzending<\/strong><\/h2>\n\n\n\n<ul class=\"wp-block-list\">\n<li><strong>Verwerkingstijd<\/strong>Bestellingen worden binnen 1-5 werkdagen verwerkt en verzonden<\/li>\n\n\n\n<li><strong>Standaard levertijd<\/strong>De gebruikelijke levertijd is 10-15 werkdagen<\/li>\n\n\n\n<li><strong>Verzendpauze<\/strong>: Goederen worden niet verzonden in het weekend en op feestdagen<\/li>\n<\/ul>\n\n\n\n<h2 class=\"wp-block-heading\"><strong>Pakket volgen<\/strong><\/h2>\n\n\n\n<ul class=\"wp-block-list\">\n<li><strong>Traceermelding<\/strong>Na verzending ontvangen klanten een e-mail met het trackingnummer voor controle van de verzending.<\/li>\n\n\n\n<li><strong>De trackinggegevens bijwerken<\/strong>Traceerinformatie wordt pas 3-7 dagen na verzending bijgewerkt<\/li>\n<\/ul>\n\n\n\n<h2 class=\"wp-block-heading\"><strong>Wijzigingen en annuleringen van bestellingen<\/strong><\/h2>\n\n\n\n<ul class=\"wp-block-list\">\n<li><strong>Voor verzending<\/strong>Bestellingen kunnen voor verzending worden geannuleerd of het afleveradres kan worden gewijzigd<\/li>\n\n\n\n<li><strong>Na verzending<\/strong>: Na verzending is geen restitutie of adreswijziging meer mogelijk.<\/li>\n<\/ul>\n\n\n\n<h2 class=\"wp-block-heading\"><strong>Inklaring en douaneafhandeling<\/strong><\/h2>\n\n\n\n<ul class=\"wp-block-list\">\n<li><strong>DDP-levering (Delivery Duty Paid)<\/strong>Wordt aangeboden aan de volgende landen\/regio's, waarbij geen douaneafhandeling of douanekosten worden gemaakt:\n<ul class=\"wp-block-list\">\n<li>VS (via UPS, behalve Alaska en Hawa\u00ef)<\/li>\n\n\n\n<li>Australi\u00eb (via Australia Post)<\/li>\n\n\n\n<li>Verenigd Koninkrijk (via DPD Express)<\/li>\n\n\n\n<li>Europa (via DHL Express \/ DPD Express)<\/li>\n<\/ul>\n<\/li>\n<\/ul>\n\n\n\n<h2 class=\"wp-block-heading\"><strong>Servicebeperkingen<\/strong><\/h2>\n\n\n\n<ul class=\"wp-block-list\">\n<li><strong>Landen niet beschikbaar<\/strong>De service is niet beschikbaar in sommige landen met strenge douaneregels: Denemarken, Australi\u00eb, Noorwegen en Zwitserland.<\/li>\n<\/ul>\n\n\n\n<h2 class=\"wp-block-heading\"><strong>Aanvullende informatie<\/strong><\/h2>\n\n\n\n<ul class=\"wp-block-list\">\n<li><strong>Afgelegen gebieden<\/strong>: Voor moeilijk bereikbare gebieden kunnen extra kosten en langere levertijden gelden.<\/li>\n\n\n\n<li><strong>Klantenondersteuning<\/strong>Als je vragen hebt, kun je contact opnemen met de klantenservice op czhiwen97@gmail.com.<\/li>\n<\/ul>","protected":false},"excerpt":{"rendered":"<p>Auftragsabwicklung und Versendung Paketverfolgung \u00c4nderungen und Stornierungen von Bestellungen Zollabwicklung und Verzollung Servicebeschr\u00e4nkungen Erg\u00e4nzende Informationen<\/p>","protected":false},"author":1,"featured_media":0,"parent":0,"menu_order":0,"comment_status":"closed","ping_status":"closed","template":"","meta":{"_acf_changed":false,"footnotes":""},"class_list":["post-331","page","type-page","status-publish","hentry"],"acf":[],"_links":{"self":[{"href":"https:\/\/vozolpuff.de\/nl\/wp-json\/wp\/v2\/pages\/331","targetHints":{"allow":["GET"]}}],"collection":[{"href":"https:\/\/vozolpuff.de\/nl\/wp-json\/wp\/v2\/pages"}],"about":[{"href":"https:\/\/vozolpuff.de\/nl\/wp-json\/wp\/v2\/types\/page"}],"author":[{"embeddable":true,"href":"https:\/\/vozolpuff.de\/nl\/wp-json\/wp\/v2\/users\/1"}],"replies":[{"embeddable":true,"href":"https:\/\/vozolpuff.de\/nl\/wp-json\/wp\/v2\/comments?post=331"}],"version-history":[{"count":2,"href":"https:\/\/vozolpuff.de\/nl\/wp-json\/wp\/v2\/pages\/331\/revisions"}],"predecessor-version":[{"id":2549,"href":"https:\/\/vozolpuff.de\/nl\/wp-json\/wp\/v2\/pages\/331\/revisions\/2549"}],"wp:attachment":[{"href":"https:\/\/vozolpuff.de\/nl\/wp-json\/wp\/v2\/media?parent=331"}],"curies":[{"name":"wp","href":"https:\/\/api.w.org\/{rel}","templated":true}]}}