{"id":1234,"date":"2025-08-25T15:01:33","date_gmt":"2025-08-25T13:01:33","guid":{"rendered":"https:\/\/vozolpuff.de\/?post_type=product&#038;p=1234"},"modified":"2026-03-31T16:13:15","modified_gmt":"2026-03-31T14:13:15","slug":"vozol-gear-shisha-25000-grape-ice","status":"publish","type":"product","link":"https:\/\/vozolpuff.de\/nl\/product\/vozol-gear-shisha-25000-grape-ice\/","title":{"rendered":"Vozol Gear Shisha 25000 Druifijs"},"content":{"rendered":"<h2 class=\"text-xl font-bold text-text-100 mt-1 -mb-0.5\">Vozol Gear Shisha 25000 Grape Ice Wegwerpbare e-sigaret<\/h2>\n<p class=\"whitespace-normal break-words\">Dompel jezelf onder in de wereld van <strong>Vozol Gear Shisha 25000 Druifijs<\/strong>, waar zoete druivenaroma's samenkomen met verkwikkende frisheid. Dit eersteklas wegwerpapparaat maakt indruk met maar liefst 25.000 trekjes in de energiezuinige Eco-modus voor eindeloos genot. De krachtige Power-modus cre\u00ebert intensievere smaakdimensies door middel van ultramoderne Dual-Mesh-verdampers. Het stromingsdynamisch geperfectioneerde Airway-ontwerp is speciaal ontworpen voor DTL-specialisten en garandeert moeiteloze, zijdezachte dampafname. Uitgerust met een betrouwbare 1000 mAh-batterij, een volumineus e-liquidreservoir van 24 ml en een informatief 2,1-inch megascherm combineert dit apparaat duurzaamheid, functionaliteit en comfort in optimale harmonie.<\/p>\n<h3 class=\"text-lg font-bold text-text-100 mt-1 -mb-1.5\">Kenmerken van de Vozol Gear Shisha 25000 Grape Ice:<\/h3>\n<p class=\"whitespace-normal break-words\"><strong>Accutechnologie:<\/strong> 1000mAh batterij met hoge prestaties<br \/>\n<strong>Effici\u00ebntiemodus:<\/strong> Tot 25.000 druiventreinen<br \/>\n<strong>Intensieve modus:<\/strong> Tot 18.000 krachtige trekbewegingen<br \/>\n<strong>Nicotinegehalte:<\/strong> 5mg\/ml voor bevredigende dampsessies<br \/>\n<strong>Damptechnologie:<\/strong> DTL (Direct To Lung) voor volumineuze wolkenproductie<br \/>\n<strong>Spoelinnovatie:<\/strong> Dubbele gaastechnologie voor maximale smaak en dampvolume<br \/>\n<strong>Extra functies:<\/strong> Audio-interactie voor een eigentijdse gebruikerservaring<br \/>\n<strong>Weergavesysteem:<\/strong> 2,1-inch kleurenmonitor voor intu\u00eftieve bediening<br \/>\n<strong>Ventilatieregeling:<\/strong> Variabele luchtstroomaanpassing voor persoonlijke dampvoorkeuren<\/p>\n<h3 class=\"text-lg font-bold text-text-100 mt-1 -mb-1.5\">Ontdek meer VOZOL VAPE bij vozolpuff<\/h3>\n<p class=\"whitespace-normal break-words\">Ontdek meer eersteklas dampproducten in onze <strong><a class=\"underline\" href=\"https:\/\/vozolpuff.de\/nl\/\">Hoofdassortiment<\/a><\/strong>blader door ons complete aanbod van <strong><a class=\"underline\" href=\"https:\/\/vozolpuff.de\/nl\/product-category\/vozol-vape\/\">VOZOL VAPE Collectie<\/a><\/strong> of verken alle beschikbare <strong><a class=\"underline\" href=\"https:\/\/vozolpuff.de\/nl\/product-category\/vozol-vape\/vozol-gear-shisha-25000\/\">Vozol Gear Shisha 25000 smaken<\/a><\/strong>.<\/p>","protected":false},"excerpt":{"rendered":"<div>\n<div class=\"grid-cols-1 grid gap-2.5 [&amp;_&gt;_*]:min-w-0\">\n<p class=\"whitespace-normal break-words\">Vozol Gear Shisha 25000 Grape Ice Einweg-Vape mit s\u00fc\u00dfen Traubennoten und belebender Frische. Dual-Mesh-Technologie, 18.000-25.000 Z\u00fcge, 1000mAh Akku, 24ml E-Liquid und 2,1-Zoll-Farbdisplay f\u00fcr DTL-Dampfgenuss.<\/p>\n<\/div>\n<\/div>\n<div class=\"flex flex-col gap-2 py-2\"><\/div>\n","protected":false},"featured_media":1237,"comment_status":"open","ping_status":"closed","template":"","meta":{"_acf_changed":false},"product_brand":[],"product_cat":[34],"product_tag":[],"class_list":{"0":"post-1234","1":"product","2":"type-product","3":"status-publish","4":"has-post-thumbnail","6":"product_cat-vozol-gear-shisha-25000","8":"first","9":"instock","10":"shipping-taxable","11":"purchasable","12":"product-type-variable"},"acf":[],"_links":{"self":[{"href":"https:\/\/vozolpuff.de\/nl\/wp-json\/wp\/v2\/product\/1234","targetHints":{"allow":["GET"]}}],"collection":[{"href":"https:\/\/vozolpuff.de\/nl\/wp-json\/wp\/v2\/product"}],"about":[{"href":"https:\/\/vozolpuff.de\/nl\/wp-json\/wp\/v2\/types\/product"}],"replies":[{"embeddable":true,"href":"https:\/\/vozolpuff.de\/nl\/wp-json\/wp\/v2\/comments?post=1234"}],"wp:featuredmedia":[{"embeddable":true,"href":"https:\/\/vozolpuff.de\/nl\/wp-json\/wp\/v2\/media\/1237"}],"wp:attachment":[{"href":"https:\/\/vozolpuff.de\/nl\/wp-json\/wp\/v2\/media?parent=1234"}],"wp:term":[{"taxonomy":"product_brand","embeddable":true,"href":"https:\/\/vozolpuff.de\/nl\/wp-json\/wp\/v2\/product_brand?post=1234"},{"taxonomy":"product_cat","embeddable":true,"href":"https:\/\/vozolpuff.de\/nl\/wp-json\/wp\/v2\/product_cat?post=1234"},{"taxonomy":"product_tag","embeddable":true,"href":"https:\/\/vozolpuff.de\/nl\/wp-json\/wp\/v2\/product_tag?post=1234"}],"curies":[{"name":"wp","href":"https:\/\/api.w.org\/{rel}","templated":true}]}}