{"id":2217,"date":"2025-08-28T17:22:02","date_gmt":"2025-08-28T15:22:02","guid":{"rendered":"https:\/\/vozolpuff.de\/?post_type=product&#038;p=2217"},"modified":"2025-08-28T17:22:02","modified_gmt":"2025-08-28T15:22:02","slug":"randm-tornado-15000-ice-pop","status":"publish","type":"product","link":"https:\/\/vozolpuff.de\/nl\/product\/randm-tornado-15000-ice-pop\/","title":{"rendered":"RandM Tornado 15000 IJspop"},"content":{"rendered":"<h2 class=\"text-xl font-bold text-text-100 mt-1 -mb-0.5\">RandM Tornado 15000 Ice Pop wegwerp-vape<\/h2>\n<p class=\"whitespace-normal break-words\">Haal nostalgische herinneringen op met de RandM Tornado 15000 Ice Pop \u2013 een ijskoud genot dat doet denken aan zomerse momenten met een ijsje op een stokje. Met 15.000 trekjes en een tank met een inhoud van 25 ml biedt deze wegwerpbare e-sigaret ijskoude verfrissing. Verkrijgbaar in 0%, 2%, 3% en 5% nicotinesterktes voor individueel genot.<\/p>\n<h3 class=\"text-lg font-bold text-text-100 mt-1 -mb-1.5\">Ice Pop Functiekenmerken:<\/h3>\n<p class=\"whitespace-normal break-words\"><strong>Energiezuinige 850 mAh-accu:<\/strong> Krachtige batterijtechnologie garandeert continu vriesprestaties en een stabiele energievoorziening voor een optimaal koeleffect.<\/p>\n<p class=\"whitespace-normal break-words\"><strong>Capaciteitssterke 25 ml-container:<\/strong> Het ruime e-liquidvolume zorgt voor lange Ice Pop-sessies zonder dat u steeds hoeft bij te vullen.<\/p>\n<p class=\"whitespace-normal break-words\"><strong>Vorstoptimaliserende 0,90 \u03a9 mesh-coil:<\/strong> Op maat gemaakte verwarmingstechnologie maximaliseert het koeleffect en brengt de authentieke smaken van ijslolly's perfect tot hun recht.<\/p>\n<p class=\"whitespace-normal break-words\"><strong>Express Type-C-oplaadpoort:<\/strong> De ultramoderne oplaadinterface minimaliseert de oplaadtijd van de batterij en maximaliseert ijskoude damppartijen.<\/p>\n<p class=\"whitespace-normal break-words\"><strong>Gigantische treincapaciteit van 15.000:<\/strong> Fenomenale houdbaarheid voor langdurige koeling zonder verlies van aroma of intensiteit.<\/p>\n<p class=\"whitespace-normal break-words\"><strong>Spectrale RGB-verlichting:<\/strong> Fascinerende kleurveranderingen cre\u00ebren een winterse sfeer en dienen als nauwkeurige bedrijfsindicatie.<\/p>\n<h3 class=\"text-lg font-bold text-text-100 mt-1 -mb-1.5\">Ontdek meer FUMOT VAPE bij vozolpuff<\/h3>\n<p class=\"whitespace-normal break-words\">Ontdek meer eersteklas dampproducten in onze <strong><a class=\"underline\" href=\"https:\/\/vozolpuff.de\/nl\/\">Hoofdassortiment<\/a><\/strong>Ontdek de volledige <strong><a class=\"underline\" href=\"https:\/\/vozolpuff.de\/nl\/product-category\/fumot-vape\/\">FUMOT VAPE Collectie<\/a><\/strong> of blader door alle beschikbare <strong><a class=\"underline\" href=\"https:\/\/vozolpuff.de\/nl\/product-category\/fumot-vape\/randm-tornado-15000\/\">RandM Tornado 15000 smaken<\/a><\/strong> voor jouw perfecte dampervaring.<\/p>","protected":false},"excerpt":{"rendered":"<div>\n<div class=\"grid-cols-1 grid gap-2.5 [&amp;_&gt;_*]:min-w-0 !gap-3.5\">\n<p class=\"whitespace-normal break-words\">Die RandM Tornado 15000 Ice Pop Einweg-Vape bietet nostalgischen Eis-am-Stiel-Geschmack mit eisiger Erfrischung. Mit 15.000 Z\u00fcgen, 25ml Tank, 850mAh Akku und RGB-Beleuchtung sorgt sie f\u00fcr sommerliches Dampfvergn\u00fcgen. Erh\u00e4ltlich in 0%, 2%, 3% und 5% Nikotin.<\/p>\n<\/div>\n<\/div>\n<div class=\"h-8\"><\/div>\n","protected":false},"featured_media":2220,"comment_status":"open","ping_status":"closed","template":"","meta":{"_acf_changed":false},"product_brand":[],"product_cat":[44],"product_tag":[],"class_list":{"0":"post-2217","1":"product","2":"type-product","3":"status-publish","4":"has-post-thumbnail","6":"product_cat-randm-tornado-15000","8":"first","9":"instock","10":"shipping-taxable","11":"purchasable","12":"product-type-variable"},"acf":[],"_links":{"self":[{"href":"https:\/\/vozolpuff.de\/nl\/wp-json\/wp\/v2\/product\/2217","targetHints":{"allow":["GET"]}}],"collection":[{"href":"https:\/\/vozolpuff.de\/nl\/wp-json\/wp\/v2\/product"}],"about":[{"href":"https:\/\/vozolpuff.de\/nl\/wp-json\/wp\/v2\/types\/product"}],"replies":[{"embeddable":true,"href":"https:\/\/vozolpuff.de\/nl\/wp-json\/wp\/v2\/comments?post=2217"}],"wp:featuredmedia":[{"embeddable":true,"href":"https:\/\/vozolpuff.de\/nl\/wp-json\/wp\/v2\/media\/2220"}],"wp:attachment":[{"href":"https:\/\/vozolpuff.de\/nl\/wp-json\/wp\/v2\/media?parent=2217"}],"wp:term":[{"taxonomy":"product_brand","embeddable":true,"href":"https:\/\/vozolpuff.de\/nl\/wp-json\/wp\/v2\/product_brand?post=2217"},{"taxonomy":"product_cat","embeddable":true,"href":"https:\/\/vozolpuff.de\/nl\/wp-json\/wp\/v2\/product_cat?post=2217"},{"taxonomy":"product_tag","embeddable":true,"href":"https:\/\/vozolpuff.de\/nl\/wp-json\/wp\/v2\/product_tag?post=2217"}],"curies":[{"name":"wp","href":"https:\/\/api.w.org\/{rel}","templated":true}]}}