{"id":2237,"date":"2025-08-28T17:28:29","date_gmt":"2025-08-28T15:28:29","guid":{"rendered":"https:\/\/vozolpuff.de\/?post_type=product&#038;p=2237"},"modified":"2025-08-28T17:28:29","modified_gmt":"2025-08-28T15:28:29","slug":"randm-tornado-15000-kiwi-passion-fruit-guava","status":"publish","type":"product","link":"https:\/\/vozolpuff.de\/nl\/product\/randm-tornado-15000-kiwi-passion-fruit-guava\/","title":{"rendered":"RandM Tornado 15000 Kiwi Passievrucht Guave"},"content":{"rendered":"<h2 class=\"text-xl font-bold text-text-100 mt-1 -mb-0.5\">RandM Tornado 15000 Kiwi Passievrucht Guave Wegwerpvape<\/h2>\n<p class=\"whitespace-normal break-words\">Ga op een tropische smaakreis met de RandM Tornado 15000 Kiwi Passion Fruit Guava. Deze exotische drievoudige fruitmix combineert wrange kiwi, aromatische passievrucht en zoete guave tot een paradijselijke dampervaring. 15.000 trekjes en 25 ml inhoud in de nicotinesterktes 0%, 2%, 3% en 5%.<\/p>\n<h3 class=\"text-lg font-bold text-text-100 mt-1 -mb-1.5\">Kiwi Passievrucht Guave Speciale kenmerken:<\/h3>\n<p class=\"whitespace-normal break-words\"><strong>850mAh batterij met hoge capaciteit:<\/strong> Premium energietechnologie zorgt voor stabiele smaken van tropisch fruit en levert consistente prestaties voor de complete exotische ervaring.<\/p>\n<p class=\"whitespace-normal break-words\"><strong>Volumineus 25 ML e-liquid systeem:<\/strong> De grotere tankinhoud maakt intensieve tropische reizen mogelijk zonder de paradijselijke smaakervaring te onderbreken.<\/p>\n<p class=\"whitespace-normal break-words\"><strong>Voor tropisch fruit geoptimaliseerde spoel met 0,90\u03a9 mazen:<\/strong> De speciaal ontwikkelde verdampingstechnologie extraheert de complexe aromatische tonen van alle drie de vruchten en cre\u00ebert een perfecte smaakharmonie.<\/p>\n<p class=\"whitespace-normal break-words\"><strong>Lightning Type-C oplader:<\/strong> De ultrasnelle oplaadtechnologie minimaliseert wachttijden en maximaliseert de tijd voor exotische vaping-avonturen.<\/p>\n<p class=\"whitespace-normal break-words\"><strong>Monumentaal uithoudingsvermogen van 15.000 bewegingen:<\/strong> Indrukwekkende houdbaarheid voor wekenlang tropisch dromen zonder zijn karakteristieke fruitcomplexiteit te verliezen.<\/p>\n<p class=\"whitespace-normal break-words\"><strong>Tropische RGB-lichtshow:<\/strong> Kleurrijke verlichting roept paradijselijke sferen op en fungeert als een betrouwbare functionele indicator.<\/p>\n<h3 class=\"text-lg font-bold text-text-100 mt-1 -mb-1.5\">Ontdek meer FUMOT VAPE bij vozolpuff<\/h3>\n<p class=\"whitespace-normal break-words\">Ontdek meer eersteklas dampproducten in onze <strong><a class=\"underline\" href=\"https:\/\/vozolpuff.de\/nl\/\">Hoofdassortiment<\/a><\/strong>Ontdek de volledige <strong><a class=\"underline\" href=\"https:\/\/vozolpuff.de\/nl\/product-category\/fumot-vape\/\">FUMOT VAPE Collectie<\/a><\/strong> of blader door alle beschikbare <strong><a class=\"underline\" href=\"https:\/\/vozolpuff.de\/nl\/product-category\/fumot-vape\/randm-tornado-15000\/\">RandM Tornado 15000 smaken<\/a><\/strong> voor jouw perfecte dampervaring.<\/p>","protected":false},"excerpt":{"rendered":"<div>\n<div class=\"grid-cols-1 grid gap-2.5 [&amp;_&gt;_*]:min-w-0 !gap-3.5\">\n<p class=\"whitespace-normal break-words\">Die RandM Tornado 15000 Kiwi Passion Fruit Guava Einweg-Vape bietet eine exotische Dreifach-Frucht-Mischung aus s\u00e4uerlicher Kiwi, aromatischer Passionsfrucht und s\u00fc\u00dfer Guave. Mit 15.000 Z\u00fcgen, 25ml Tank und 850mAh Akku. Erh\u00e4ltlich in 0%, 2%, 3% und 5% Nikotin.<\/p>\n<\/div>\n<\/div>\n<div class=\"h-8\"><\/div>\n","protected":false},"featured_media":2240,"comment_status":"open","ping_status":"closed","template":"","meta":{"_acf_changed":false},"product_brand":[],"product_cat":[44],"product_tag":[],"class_list":{"0":"post-2237","1":"product","2":"type-product","3":"status-publish","4":"has-post-thumbnail","6":"product_cat-randm-tornado-15000","8":"first","9":"instock","10":"shipping-taxable","11":"purchasable","12":"product-type-variable"},"acf":[],"_links":{"self":[{"href":"https:\/\/vozolpuff.de\/nl\/wp-json\/wp\/v2\/product\/2237","targetHints":{"allow":["GET"]}}],"collection":[{"href":"https:\/\/vozolpuff.de\/nl\/wp-json\/wp\/v2\/product"}],"about":[{"href":"https:\/\/vozolpuff.de\/nl\/wp-json\/wp\/v2\/types\/product"}],"replies":[{"embeddable":true,"href":"https:\/\/vozolpuff.de\/nl\/wp-json\/wp\/v2\/comments?post=2237"}],"wp:featuredmedia":[{"embeddable":true,"href":"https:\/\/vozolpuff.de\/nl\/wp-json\/wp\/v2\/media\/2240"}],"wp:attachment":[{"href":"https:\/\/vozolpuff.de\/nl\/wp-json\/wp\/v2\/media?parent=2237"}],"wp:term":[{"taxonomy":"product_brand","embeddable":true,"href":"https:\/\/vozolpuff.de\/nl\/wp-json\/wp\/v2\/product_brand?post=2237"},{"taxonomy":"product_cat","embeddable":true,"href":"https:\/\/vozolpuff.de\/nl\/wp-json\/wp\/v2\/product_cat?post=2237"},{"taxonomy":"product_tag","embeddable":true,"href":"https:\/\/vozolpuff.de\/nl\/wp-json\/wp\/v2\/product_tag?post=2237"}],"curies":[{"name":"wp","href":"https:\/\/api.w.org\/{rel}","templated":true}]}}