{"id":2257,"date":"2025-08-28T17:36:18","date_gmt":"2025-08-28T15:36:18","guid":{"rendered":"https:\/\/vozolpuff.de\/?post_type=product&#038;p=2257"},"modified":"2025-08-28T17:36:19","modified_gmt":"2025-08-28T15:36:19","slug":"randm-tornado-15000-banana-ice","status":"publish","type":"product","link":"https:\/\/vozolpuff.de\/nl\/product\/randm-tornado-15000-banana-ice\/","title":{"rendered":"RandM Tornado 15000 bananenijs"},"content":{"rendered":"<h2 class=\"text-xl font-bold text-text-100 mt-1 -mb-0.5\">RandM Tornado 15000 Banana Ice wegwerpvape<\/h2>\n<p class=\"whitespace-normal break-words\">Geniet van de romige zoetheid van rijpe bananen gecombineerd met een verfrissende menthol finish in RandM Tornado 15000 Banana Ice. Deze unieke smaakcombinatie biedt zowel warmte als koelte in perfecte balans. Met 15.000 trekjes en een tankinhoud van 25 ml, verkrijgbaar in 0%, 2%, 3% en 5% nicotineconcentraties.<\/p>\n<h3 class=\"text-lg font-bold text-text-100 mt-1 -mb-1.5\">Banana Ice technische hoogtepunten:<\/h3>\n<p class=\"whitespace-normal break-words\"><strong>850 mAh batterij met lange levensduur:<\/strong> Betrouwbare voeding zorgt voor constante Banana Ice koeling en langdurige prestaties voor de hele romige-frisse ervaring.<\/p>\n<p class=\"whitespace-normal break-words\"><strong>Grote tank met een capaciteit van 25 ML:<\/strong> Een ruime vloeistoftoevoer zorgt voor langdurige bananenmentholsessies zonder vervelende onderhoudsbeurten.<\/p>\n<p class=\"whitespace-normal break-words\"><strong>Dubbele temperatuurspoel met 0,90\u03a9 mazen:<\/strong> Innovatieve vaporisatietechnologie brengt warme bananensmaken in balans met verkoelende mentholeffecten voor een harmonieuze totaalervaring.<\/p>\n<p class=\"whitespace-normal break-words\"><strong>Turbo-Speed Type-C-poort:<\/strong> De zeer effici\u00ebnte oplaadtechnologie beperkt de oplaadtijd van de batterij tot een minimum en maximaliseert de Banana Ice damptijd.<\/p>\n<p class=\"whitespace-normal break-words\"><strong>Gigantische treincapaciteit van 15.000:<\/strong> Indrukwekkend uithoudingsvermogen om wekenlang van bananenijs te genieten zonder de karakteristieke temperatuurcontrasten te verliezen.<\/p>\n<p class=\"whitespace-normal break-words\"><strong>Contrasterende RGB-verlichting:<\/strong> Dynamische kleurveranderingen weerspiegelen de warme en koele smaakaspecten en geven informatie over alle bedrijfstoestanden.<\/p>\n<h3 class=\"text-lg font-bold text-text-100 mt-1 -mb-1.5\">Ontdek meer FUMOT VAPE bij vozolpuff<\/h3>\n<p class=\"whitespace-normal break-words\">Ontdek meer eersteklas dampproducten in onze <strong><a class=\"underline\" href=\"https:\/\/vozolpuff.de\/nl\/\">Hoofdassortiment<\/a><\/strong>Ontdek de volledige <strong><a class=\"underline\" href=\"https:\/\/vozolpuff.de\/nl\/product-category\/fumot-vape\/\">FUMOT VAPE Collectie<\/a><\/strong> of blader door alle beschikbare <strong><a class=\"underline\" href=\"https:\/\/vozolpuff.de\/nl\/product-category\/fumot-vape\/randm-tornado-15000\/\">RandM Tornado 15000 smaken<\/a><\/strong> voor jouw perfecte dampervaring.<\/p>","protected":false},"excerpt":{"rendered":"<div>\n<div class=\"grid-cols-1 grid gap-2.5 [&amp;_&gt;_*]:min-w-0 !gap-3.5\">\n<p class=\"whitespace-normal break-words\">Die RandM Tornado 15000 Banana Ice Einweg-Vape kombiniert cremige Bananen-S\u00fc\u00dfe mit erfrischendem Menthol-Finish. Mit 15.000 Z\u00fcgen, 25ml Tank, 850mAh Akku und RGB-Beleuchtung bietet sie perfekte Balance zwischen W\u00e4rme und K\u00fchle. Erh\u00e4ltlich in 0%, 2%, 3% und 5% Nikotin.<\/p>\n<\/div>\n<\/div>\n<div class=\"h-8\"><\/div>\n","protected":false},"featured_media":2260,"comment_status":"open","ping_status":"closed","template":"","meta":{"_acf_changed":false},"product_brand":[],"product_cat":[44],"product_tag":[],"class_list":{"0":"post-2257","1":"product","2":"type-product","3":"status-publish","4":"has-post-thumbnail","6":"product_cat-randm-tornado-15000","8":"first","9":"instock","10":"shipping-taxable","11":"purchasable","12":"product-type-variable"},"acf":[],"_links":{"self":[{"href":"https:\/\/vozolpuff.de\/nl\/wp-json\/wp\/v2\/product\/2257","targetHints":{"allow":["GET"]}}],"collection":[{"href":"https:\/\/vozolpuff.de\/nl\/wp-json\/wp\/v2\/product"}],"about":[{"href":"https:\/\/vozolpuff.de\/nl\/wp-json\/wp\/v2\/types\/product"}],"replies":[{"embeddable":true,"href":"https:\/\/vozolpuff.de\/nl\/wp-json\/wp\/v2\/comments?post=2257"}],"wp:featuredmedia":[{"embeddable":true,"href":"https:\/\/vozolpuff.de\/nl\/wp-json\/wp\/v2\/media\/2260"}],"wp:attachment":[{"href":"https:\/\/vozolpuff.de\/nl\/wp-json\/wp\/v2\/media?parent=2257"}],"wp:term":[{"taxonomy":"product_brand","embeddable":true,"href":"https:\/\/vozolpuff.de\/nl\/wp-json\/wp\/v2\/product_brand?post=2257"},{"taxonomy":"product_cat","embeddable":true,"href":"https:\/\/vozolpuff.de\/nl\/wp-json\/wp\/v2\/product_cat?post=2257"},{"taxonomy":"product_tag","embeddable":true,"href":"https:\/\/vozolpuff.de\/nl\/wp-json\/wp\/v2\/product_tag?post=2257"}],"curies":[{"name":"wp","href":"https:\/\/api.w.org\/{rel}","templated":true}]}}