{"id":2277,"date":"2025-08-28T17:47:38","date_gmt":"2025-08-28T15:47:38","guid":{"rendered":"https:\/\/vozolpuff.de\/?post_type=product&#038;p=2277"},"modified":"2025-08-28T17:47:39","modified_gmt":"2025-08-28T15:47:39","slug":"randm-tornado-15000-apple-peach-pear","status":"publish","type":"product","link":"https:\/\/vozolpuff.de\/nl\/product\/randm-tornado-15000-apple-peach-pear\/","title":{"rendered":"RandM Tornado 15000 Appel Perzik Peer"},"content":{"rendered":"<h2 class=\"text-xl font-bold text-text-100 mt-1 -mb-0.5\">RandM Tornado 15000 Appel Perzik Peer wegwerpvape<\/h2>\n<p class=\"whitespace-normal break-words\">Verwen jezelf met het harmonieuze trio van knapperige appels, sappige perziken en zoete peren in de RandM Tornado 15000 Apple Peach Pear. Deze uitgebalanceerde fruitsamenstelling biedt een natuurlijke en verfrissende dampervaring. Met 15.000 trekjes en 25 ml tankinhoud, verkrijgbaar in 0%, 2%, 3% en 5% nicotinesterkte.<\/p>\n<h3 class=\"text-lg font-bold text-text-100 mt-1 -mb-1.5\">Appel Perzik Peer Productspecificaties:<\/h3>\n<p class=\"whitespace-normal break-words\"><strong>Krachtige 850mAh boomgaardbatterij:<\/strong> De robuuste energiebron houdt de natuurlijke fruitsmaken vers en zorgt voor continue prestaties tijdens de hele boomgaardervaring.<\/p>\n<p class=\"whitespace-normal break-words\"><strong>Uitgebreide fruitopslag van 25 ML:<\/strong> Royale tankafmetingen maken intensieve boomgaardrondleidingen mogelijk zonder het authentieke genot van het fruit te onderbreken.<\/p>\n<p class=\"whitespace-normal break-words\"><strong>Fruit-optimaliserende 0,90\u03a9 mesh spoel:<\/strong> Precieze verdampingstechnologie onttrekt de karakteristieke noten van alle drie de vruchten en cre\u00ebert een perfecte symfonie van de boomgaard.<\/p>\n<p class=\"whitespace-normal break-words\"><strong>Snelheid Type-C fruitlader:<\/strong> Geavanceerde oplaadtechnologie minimaliseert wachttijden en maximaliseert de tijd om van natuurlijk fruit te genieten.<\/p>\n<p class=\"whitespace-normal break-words\"><strong>Uitstekende 15.000 trekjes fruitkracht:<\/strong> Opmerkelijk uithoudingsvermogen voor langdurige boomgaardbezoeken zonder afbreuk te doen aan versheid of smaakvari\u00ebteit.<\/p>\n<p class=\"whitespace-normal break-words\"><strong>Boomgaard RGB-verlichting:<\/strong> Het natuurlijke kleurenspel doet denken aan zonnige boomgaarden en dient als een betrouwbare functiemonitor.<\/p>\n<h3 class=\"text-lg font-bold text-text-100 mt-1 -mb-1.5\">Ontdek meer FUMOT VAPE bij vozolpuff<\/h3>\n<p class=\"whitespace-normal break-words\">Ontdek meer eersteklas dampproducten in onze <strong><a class=\"underline\" href=\"https:\/\/vozolpuff.de\/nl\/\">Hoofdassortiment<\/a><\/strong>Ontdek de volledige <strong><a class=\"underline\" href=\"https:\/\/vozolpuff.de\/nl\/product-category\/fumot-vape\/\">FUMOT VAPE Collectie<\/a><\/strong> of blader door alle beschikbare <strong><a class=\"underline\" href=\"https:\/\/vozolpuff.de\/nl\/product-category\/fumot-vape\/randm-tornado-15000\/\">RandM Tornado 15000 smaken<\/a><\/strong> voor jouw perfecte dampervaring.<\/p>","protected":false},"excerpt":{"rendered":"<div>\n<div class=\"grid-cols-1 grid gap-2.5 [&amp;_&gt;_*]:min-w-0 !gap-3.5\">\n<p class=\"whitespace-normal break-words\">Die RandM Tornado 15000 Apple Peach Pear Einweg-Vape vereint knackige \u00c4pfel, saftige Pfirsiche und s\u00fc\u00dfe Birnen zu einer harmonischen Fruchtkomposition. Mit 15.000 Z\u00fcgen, 25ml Tank, 850mAh Akku und RGB-Beleuchtung f\u00fcr nat\u00fcrliches Dampferlebnis. Erh\u00e4ltlich in 0%, 2%, 3% und 5% Nikotin.<\/p>\n<\/div>\n<\/div>\n<div class=\"h-8\"><\/div>\n","protected":false},"featured_media":2284,"comment_status":"open","ping_status":"closed","template":"","meta":{"_acf_changed":false},"product_brand":[],"product_cat":[44],"product_tag":[],"class_list":{"0":"post-2277","1":"product","2":"type-product","3":"status-publish","4":"has-post-thumbnail","6":"product_cat-randm-tornado-15000","8":"first","9":"instock","10":"shipping-taxable","11":"purchasable","12":"product-type-variable"},"acf":[],"_links":{"self":[{"href":"https:\/\/vozolpuff.de\/nl\/wp-json\/wp\/v2\/product\/2277","targetHints":{"allow":["GET"]}}],"collection":[{"href":"https:\/\/vozolpuff.de\/nl\/wp-json\/wp\/v2\/product"}],"about":[{"href":"https:\/\/vozolpuff.de\/nl\/wp-json\/wp\/v2\/types\/product"}],"replies":[{"embeddable":true,"href":"https:\/\/vozolpuff.de\/nl\/wp-json\/wp\/v2\/comments?post=2277"}],"wp:featuredmedia":[{"embeddable":true,"href":"https:\/\/vozolpuff.de\/nl\/wp-json\/wp\/v2\/media\/2284"}],"wp:attachment":[{"href":"https:\/\/vozolpuff.de\/nl\/wp-json\/wp\/v2\/media?parent=2277"}],"wp:term":[{"taxonomy":"product_brand","embeddable":true,"href":"https:\/\/vozolpuff.de\/nl\/wp-json\/wp\/v2\/product_brand?post=2277"},{"taxonomy":"product_cat","embeddable":true,"href":"https:\/\/vozolpuff.de\/nl\/wp-json\/wp\/v2\/product_cat?post=2277"},{"taxonomy":"product_tag","embeddable":true,"href":"https:\/\/vozolpuff.de\/nl\/wp-json\/wp\/v2\/product_tag?post=2277"}],"curies":[{"name":"wp","href":"https:\/\/api.w.org\/{rel}","templated":true}]}}