{"id":2311,"date":"2025-08-28T17:56:13","date_gmt":"2025-08-28T15:56:13","guid":{"rendered":"https:\/\/vozolpuff.de\/?post_type=product&#038;p=2311"},"modified":"2025-08-28T17:57:30","modified_gmt":"2025-08-28T15:57:30","slug":"randm-tornado-15000-blueberry-bubblegum","status":"publish","type":"product","link":"https:\/\/vozolpuff.de\/nl\/product\/randm-tornado-15000-blueberry-bubblegum\/","title":{"rendered":"RandM Tornado 15000 bosbessen kauwgom"},"content":{"rendered":"<h2 class=\"text-xl font-bold text-text-100 mt-1 -mb-0.5\">RandM Tornado 15000 Blueberry Bubblegum wegwerpvape<\/h2>\n<p class=\"whitespace-normal break-words\">Ervaar nostalgisch kinderplezier met de RandM Tornado 15000 Blueberry Bubblegum - een speelse mix van sappige bosbessen en klassieke kauwgomsmaak. Deze unieke combinatie roept zoete herinneringen op en biedt een onmiskenbare dampervaring. 15.000 puffs en 25 ml tankinhoud in 0%, 2%, 3% en 5% nicotinesterkte.<\/p>\n<h3 class=\"text-lg font-bold text-text-100 mt-1 -mb-1.5\">Speciale Blueberry Bubblegum-uitrusting:<\/h3>\n<p class=\"whitespace-normal break-words\"><strong>Nostalgische 850mAh kauwgombatterij:<\/strong> Betrouwbare voeding behoudt de karakteristieke bubblegum charme en zorgt voor consistente prestaties voor de hele nostalgische ervaring.<\/p>\n<p class=\"whitespace-normal break-words\"><strong>Speelse 25 ML kauwgomhouder:<\/strong> De royale tank biedt voldoende capaciteit voor langdurige bubblegum dampfases zonder storende onderbrekingen van het zoete genot.<\/p>\n<p class=\"whitespace-normal break-words\"><strong>Bubblegum-geoptimaliseerde 0,90\u03a9 mesh spoel:<\/strong> Speciaal aangepaste verwarmingstechnologie verbetert de typische eigenschappen van kauwgom en benadrukt perfect de frisheid van bosbessen.<\/p>\n<p class=\"whitespace-normal break-words\"><strong>Leuke Type-C nostalgiepoort:<\/strong> Moderne snellaadtechnologie verkort de wachttijd tussen speelse dampmomenten aanzienlijk.<\/p>\n<p class=\"whitespace-normal break-words\"><strong>Een gigantische 15.000 trekjes kauwgomkracht:<\/strong> Uitzonderlijke capaciteit voor wekenlang nostalgisch reizen zonder de karakteristieke kauwgomcharme te verliezen.<\/p>\n<p class=\"whitespace-normal break-words\"><strong>Kleurrijke RGB-kauwgomshow:<\/strong> Vrolijke kleurveranderingen doen denken aan kleurrijke kauwgomballen en dienen als een charmante functie-indicator.<\/p>\n<h3 class=\"text-lg font-bold text-text-100 mt-1 -mb-1.5\">Ontdek meer FUMOT VAPE bij vozolpuff<\/h3>\n<p class=\"whitespace-normal break-words\">Ontdek meer eersteklas dampproducten in onze <strong><a class=\"underline\" href=\"https:\/\/vozolpuff.de\/nl\/\">Hoofdassortiment<\/a><\/strong>Ontdek de volledige <strong><a class=\"underline\" href=\"https:\/\/vozolpuff.de\/nl\/product-category\/fumot-vape\/\">FUMOT VAPE Collectie<\/a><\/strong> of blader door alle beschikbare <strong><a class=\"underline\" href=\"https:\/\/vozolpuff.de\/nl\/product-category\/fumot-vape\/randm-tornado-15000\/\">RandM Tornado 15000 smaken<\/a><\/strong> voor jouw perfecte dampervaring.<\/p>","protected":false},"excerpt":{"rendered":"<div>\n<div class=\"grid-cols-1 grid gap-2.5 [&amp;_&gt;_*]:min-w-0 !gap-3.5\">\n<p class=\"whitespace-normal break-words\">Die RandM Tornado 15000 Blueberry Bubblegum Einweg-Vape kombiniert saftige Blaubeeren mit klassischem Kaugummi-Geschmack f\u00fcr nostalgische Kindheitsfreuden. Mit 15.000 Z\u00fcgen, 25ml Tank, 850mAh Akku und RGB-Beleuchtung. Erh\u00e4ltlich in 0%, 2%, 3% und 5% Nikotin.<\/p>\n<\/div>\n<\/div>\n<div class=\"h-8\"><\/div>\n","protected":false},"featured_media":2314,"comment_status":"open","ping_status":"closed","template":"","meta":{"_acf_changed":false},"product_brand":[],"product_cat":[44],"product_tag":[],"class_list":{"0":"post-2311","1":"product","2":"type-product","3":"status-publish","4":"has-post-thumbnail","6":"product_cat-randm-tornado-15000","8":"first","9":"instock","10":"shipping-taxable","11":"purchasable","12":"product-type-variable"},"acf":[],"_links":{"self":[{"href":"https:\/\/vozolpuff.de\/nl\/wp-json\/wp\/v2\/product\/2311","targetHints":{"allow":["GET"]}}],"collection":[{"href":"https:\/\/vozolpuff.de\/nl\/wp-json\/wp\/v2\/product"}],"about":[{"href":"https:\/\/vozolpuff.de\/nl\/wp-json\/wp\/v2\/types\/product"}],"replies":[{"embeddable":true,"href":"https:\/\/vozolpuff.de\/nl\/wp-json\/wp\/v2\/comments?post=2311"}],"wp:featuredmedia":[{"embeddable":true,"href":"https:\/\/vozolpuff.de\/nl\/wp-json\/wp\/v2\/media\/2314"}],"wp:attachment":[{"href":"https:\/\/vozolpuff.de\/nl\/wp-json\/wp\/v2\/media?parent=2311"}],"wp:term":[{"taxonomy":"product_brand","embeddable":true,"href":"https:\/\/vozolpuff.de\/nl\/wp-json\/wp\/v2\/product_brand?post=2311"},{"taxonomy":"product_cat","embeddable":true,"href":"https:\/\/vozolpuff.de\/nl\/wp-json\/wp\/v2\/product_cat?post=2311"},{"taxonomy":"product_tag","embeddable":true,"href":"https:\/\/vozolpuff.de\/nl\/wp-json\/wp\/v2\/product_tag?post=2311"}],"curies":[{"name":"wp","href":"https:\/\/api.w.org\/{rel}","templated":true}]}}