{"id":3839,"date":"2025-09-10T05:30:08","date_gmt":"2025-09-10T03:30:08","guid":{"rendered":"https:\/\/vozolpuff.de\/?post_type=product&#038;p=3839"},"modified":"2025-09-10T05:30:08","modified_gmt":"2025-09-10T03:30:08","slug":"randm-tornado-7000-vimto","status":"publish","type":"product","link":"https:\/\/vozolpuff.de\/nl\/product\/randm-tornado-7000-vimto\/","title":{"rendered":"RandM Tornado 7000 Vimto"},"content":{"rendered":"<h2 class=\"text-xl font-bold text-text-100 mt-1 -mb-0.5\">RandM Tornado 7000 Vimto wegwerpbare e-sigaret<\/h2>\n<p class=\"whitespace-normal break-words\">Ervaar de iconische Vimto-smaak met de RandM Tornado 7000 Puffs wegwerp-e-sigaret. Dit premium verdampingsapparaat combineert de klassieke bessen-druivensmaak van Vimto met de modernste vape-technologie voor maximaal 7000 heerlijke trekjes. De ge\u00efntegreerde oplaadbare batterij van 850 mAh zorgt voor langdurige dampsessies, terwijl de royale e-liquid-tank van 14 ml niet hoeft te worden bijgevuld. Dankzij de nauwkeurig instelbare luchttoevoer kunt u uw dampervaring individueel aanpassen. Het slanke, draagbare ontwerp maakt deze e-sigaret tot de perfecte metgezel voor elke dag.<\/p>\n<h3 class=\"text-lg font-bold text-text-100 mt-1 -mb-1.5\">Productkenmerken<\/h3>\n<p class=\"whitespace-normal break-words\"><strong>Batterij:<\/strong> 850 mAh ingebouwd (oplaadbaar)<br \/>\n<strong>Prestaties:<\/strong> Betrouwbare en gelijkmatige stoomontwikkeling<br \/>\n<strong>Volume e-vloeistof:<\/strong> 14 ml voorgevuld<br \/>\n<strong>Nicotine-opties:<\/strong> 0%, 2%, 3% of 5% selecteerbaar<br \/>\n<strong>Treinen:<\/strong> Ongeveer 7.000 trekkingen per apparaat<br \/>\n<strong>Luchtstroom:<\/strong> Regelbare luchttoevoer<br \/>\n<strong>Ontwerp:<\/strong> Ge\u00efntegreerde RGB-verlichting<\/p>\n<h3 class=\"text-lg font-bold text-text-100 mt-1 -mb-1.5\">Ontdek meer FUMOT VAPE bij vozolpuff<\/h3>\n<p class=\"whitespace-normal break-words\">Bezoek onze <strong><a class=\"underline\" href=\"https:\/\/vozolpuff.de\/nl\/\">Online winkel<\/a><\/strong> Voor meer hoogwaardige vape-producten kunt u het volledige assortiment bekijken. <strong><a class=\"underline\" href=\"https:\/\/vozolpuff.de\/nl\/product-category\/fumot-vape\/\">FUMOT VAPE assortiment<\/a><\/strong> of ontdek alle beschikbare <strong><a class=\"underline\" href=\"https:\/\/vozolpuff.de\/nl\/product-category\/fumot-vape\/randm-tornado-7000\/\">RandM Tornado 7000 smaken<\/a><\/strong> in ons assortiment.<\/p>","protected":false},"excerpt":{"rendered":"<div>\n<div class=\"grid-cols-1 grid gap-2.5 [&amp;_&gt;_*]:min-w-0 !gap-3.5\">\n<p class=\"whitespace-normal break-words\">Die RandM Tornado 7000 Vimto Einweg-Vape bringt den kultigen Beeren-Trauben-Mix direkt zu Ihnen. Ausgestattet mit langlebigem 850mAh Akku, gro\u00dfz\u00fcgigem 14ml E-Liquid-Vorrat und fortschrittlicher Airflow-Kontrolle bietet sie konstante Qualit\u00e4t \u00fcber alle 7000 Z\u00fcge. RGB-Leuchteffekte runden das Design ab.<\/p>\n<\/div>\n<\/div>\n<div class=\"h-8\"><\/div>\n","protected":false},"featured_media":3843,"comment_status":"open","ping_status":"closed","template":"","meta":{"_acf_changed":false},"product_brand":[],"product_cat":[50],"product_tag":[],"class_list":{"0":"post-3839","1":"product","2":"type-product","3":"status-publish","4":"has-post-thumbnail","6":"product_cat-randm-tornado-7000","8":"first","9":"instock","10":"shipping-taxable","11":"purchasable","12":"product-type-variable"},"acf":[],"_links":{"self":[{"href":"https:\/\/vozolpuff.de\/nl\/wp-json\/wp\/v2\/product\/3839","targetHints":{"allow":["GET"]}}],"collection":[{"href":"https:\/\/vozolpuff.de\/nl\/wp-json\/wp\/v2\/product"}],"about":[{"href":"https:\/\/vozolpuff.de\/nl\/wp-json\/wp\/v2\/types\/product"}],"replies":[{"embeddable":true,"href":"https:\/\/vozolpuff.de\/nl\/wp-json\/wp\/v2\/comments?post=3839"}],"wp:featuredmedia":[{"embeddable":true,"href":"https:\/\/vozolpuff.de\/nl\/wp-json\/wp\/v2\/media\/3843"}],"wp:attachment":[{"href":"https:\/\/vozolpuff.de\/nl\/wp-json\/wp\/v2\/media?parent=3839"}],"wp:term":[{"taxonomy":"product_brand","embeddable":true,"href":"https:\/\/vozolpuff.de\/nl\/wp-json\/wp\/v2\/product_brand?post=3839"},{"taxonomy":"product_cat","embeddable":true,"href":"https:\/\/vozolpuff.de\/nl\/wp-json\/wp\/v2\/product_cat?post=3839"},{"taxonomy":"product_tag","embeddable":true,"href":"https:\/\/vozolpuff.de\/nl\/wp-json\/wp\/v2\/product_tag?post=3839"}],"curies":[{"name":"wp","href":"https:\/\/api.w.org\/{rel}","templated":true}]}}