{"id":3848,"date":"2025-09-10T05:33:03","date_gmt":"2025-09-10T03:33:03","guid":{"rendered":"https:\/\/vozolpuff.de\/?post_type=product&#038;p=3848"},"modified":"2025-09-10T05:33:04","modified_gmt":"2025-09-10T03:33:04","slug":"randm-tornado-7000-kiwi-passion-fruit-guava","status":"publish","type":"product","link":"https:\/\/vozolpuff.de\/nl\/product\/randm-tornado-7000-kiwi-passion-fruit-guava\/","title":{"rendered":"RandM Tornado 7000 Kiwi Passievrucht Guave"},"content":{"rendered":"<h2 class=\"text-xl font-bold text-text-100 mt-1 -mb-0.5\">RandM Tornado 7000 Kiwi Passievrucht Guave Wegwerpbare e-sigaret<\/h2>\n<p class=\"whitespace-normal break-words\">Duik in een tropisch paradijs met de RandM Tornado 7000 Kiwi Passion Fruit Guava-smaak. Deze exotische fruitmix combineert de zoetheid van guave, de intensiteit van passievrucht en de verfrissende zuurgraad van kiwi tot een onweerstaanbare dampervaring. Met een indrukwekkende capaciteit van 7000 trekjes biedt dit wegwerpbare vape-apparaat wekenlang plezier zonder onderhoud. De krachtige 850 mAh lithiumbatterij zorgt voor een constante dampproductie, terwijl de grote 14 ml e-liquid tank zorgt voor langdurige sessies. De innovatieve trekactivering maakt ingewikkelde bediening overbodig.<\/p>\n<h3 class=\"text-lg font-bold text-text-100 mt-1 -mb-1.5\">Productkenmerken<\/h3>\n<p class=\"whitespace-normal break-words\"><strong>Batterij:<\/strong> 850 mAh ingebouwd (oplaadbaar)<br \/>\n<strong>Prestaties:<\/strong> Geoptimaliseerde en constante energieverdeling<br \/>\n<strong>Tankinhoud:<\/strong> 14 ml voorgevuld<br \/>\n<strong>Nicotinesterktes:<\/strong> 0%, 2%, 3% of 5% beschikbaar<br \/>\n<strong>Aantal trekjes:<\/strong> Ongeveer 7.000 treinen<br \/>\n<strong>Luchtregulering:<\/strong> Aanpasbare luchttoevoer<br \/>\n<strong>Extra's:<\/strong> Ge\u00efntegreerde RGB-lichteffecten<\/p>\n<h3 class=\"text-lg font-bold text-text-100 mt-1 -mb-1.5\">Ontdek meer FUMOT VAPE bij vozolpuff<\/h3>\n<p class=\"whitespace-normal break-words\">Bekijk meer eersteklas e-sigaretten op onze <strong><a class=\"underline\" href=\"https:\/\/vozolpuff.de\/nl\/\">Hoofdpagina<\/a><\/strong> , bekijk dan het volledige <strong><a class=\"underline\" href=\"https:\/\/vozolpuff.de\/nl\/product-category\/fumot-vape\/\">FUMOT VAPE-serie<\/a><\/strong> of vind uw nieuwe favoriete smaak in de <strong><a class=\"underline\" href=\"https:\/\/vozolpuff.de\/nl\/product-category\/fumot-vape\/randm-tornado-7000\/\">RandM Tornado 7000-collectie<\/a><\/strong>.<\/p>","protected":false},"excerpt":{"rendered":"<div>\n<div class=\"grid-cols-1 grid gap-2.5 [&amp;_&gt;_*]:min-w-0 !gap-3.5\">\n<p class=\"whitespace-normal break-words\">Erleben Sie tropischen Genuss mit der RandM Tornado 7000 Kiwi Passion Fruit Guava Einweg-Vape. Die exotische Dreifach-Fruchtmischung aus s\u00fc\u00dfer Guave, intensiver Passionsfrucht und erfrischender Kiwi sorgt f\u00fcr ein unvergleichliches Geschmackserlebnis \u00fcber alle 7000 Z\u00fcge mit RGB-Beleuchtung.<\/p>\n<\/div>\n<\/div>\n<div class=\"h-8\"><\/div>\n","protected":false},"featured_media":3852,"comment_status":"open","ping_status":"closed","template":"","meta":{"_acf_changed":false},"product_brand":[],"product_cat":[50],"product_tag":[],"class_list":{"0":"post-3848","1":"product","2":"type-product","3":"status-publish","4":"has-post-thumbnail","6":"product_cat-randm-tornado-7000","8":"first","9":"instock","10":"shipping-taxable","11":"purchasable","12":"product-type-variable"},"acf":[],"_links":{"self":[{"href":"https:\/\/vozolpuff.de\/nl\/wp-json\/wp\/v2\/product\/3848","targetHints":{"allow":["GET"]}}],"collection":[{"href":"https:\/\/vozolpuff.de\/nl\/wp-json\/wp\/v2\/product"}],"about":[{"href":"https:\/\/vozolpuff.de\/nl\/wp-json\/wp\/v2\/types\/product"}],"replies":[{"embeddable":true,"href":"https:\/\/vozolpuff.de\/nl\/wp-json\/wp\/v2\/comments?post=3848"}],"wp:featuredmedia":[{"embeddable":true,"href":"https:\/\/vozolpuff.de\/nl\/wp-json\/wp\/v2\/media\/3852"}],"wp:attachment":[{"href":"https:\/\/vozolpuff.de\/nl\/wp-json\/wp\/v2\/media?parent=3848"}],"wp:term":[{"taxonomy":"product_brand","embeddable":true,"href":"https:\/\/vozolpuff.de\/nl\/wp-json\/wp\/v2\/product_brand?post=3848"},{"taxonomy":"product_cat","embeddable":true,"href":"https:\/\/vozolpuff.de\/nl\/wp-json\/wp\/v2\/product_cat?post=3848"},{"taxonomy":"product_tag","embeddable":true,"href":"https:\/\/vozolpuff.de\/nl\/wp-json\/wp\/v2\/product_tag?post=3848"}],"curies":[{"name":"wp","href":"https:\/\/api.w.org\/{rel}","templated":true}]}}