{"id":3866,"date":"2025-09-10T05:38:14","date_gmt":"2025-09-10T03:38:14","guid":{"rendered":"https:\/\/vozolpuff.de\/?post_type=product&#038;p=3866"},"modified":"2025-09-10T05:38:14","modified_gmt":"2025-09-10T03:38:14","slug":"randm-tornado-7000-sour-apple","status":"publish","type":"product","link":"https:\/\/vozolpuff.de\/nl\/product\/randm-tornado-7000-sour-apple\/","title":{"rendered":"RandM Tornado 7000 Zure appel"},"content":{"rendered":"<h2 class=\"text-xl font-bold text-text-100 mt-1 -mb-0.5\">RandM Tornado 7000 Sour Apple wegwerp-e-sigaret<\/h2>\n<p class=\"whitespace-normal break-words\">Ervaar het perfecte contrast tussen zoet en zuur met de RandM Tornado 7000 Sour Apple Edition. Deze fruitige, intense smaak vangt de essentie van een knapperige groene appel met een verrassende zure toets die uw smaakpapillen prikkelt. Met maar liefst 7000 trekjes per apparaat zet deze wegwerpbare e-sigaret nieuwe normen op het gebied van duurzaamheid. Het robuuste 850 mAh-energieopslagsysteem garandeert consistente prestaties, terwijl het royale 14 ml-vloeistofreservoir zorgt voor wekenlang plezier. De gebruiksvriendelijke draw-to-fire-technologie maakt elke trek moeiteloos.<\/p>\n<h3 class=\"text-lg font-bold text-text-100 mt-1 -mb-1.5\">Apparaatspecificaties<\/h3>\n<p class=\"whitespace-normal break-words\"><strong>Type batterij:<\/strong> 850 mAh ge\u00efntegreerd (oplaadbaar)<br \/>\n<strong>Energieafgifte:<\/strong> Constante en effectieve prestaties<br \/>\n<strong>Hoeveelheid e-juice:<\/strong> 14 ml volledig voorgevuld<br \/>\n<strong>Nicotinegehalte:<\/strong> 0%, 2%, 3% of 5% naar keuze<br \/>\n<strong>Stoomtreinen:<\/strong> Ongeveer 7.000 per eenheid<br \/>\n<strong>Luchtcontrole:<\/strong> Individueel instelbaar debiet<br \/>\n<strong>Lichtshow:<\/strong> Ingebouwde RGB-verlichting<\/p>\n<h3 class=\"text-lg font-bold text-text-100 mt-1 -mb-1.5\">Ontdek meer FUMOT VAPE bij vozolpuff<\/h3>\n<p class=\"whitespace-normal break-words\">Bekijk meer hoogwaardige stoomapparaten op onze <strong><a class=\"underline\" href=\"https:\/\/vozolpuff.de\/nl\/\">Website<\/a><\/strong> , blader dan door het volledige <strong><a class=\"underline\" href=\"https:\/\/vozolpuff.de\/nl\/product-category\/fumot-vape\/\">FUMOT VAPE-reeks<\/a><\/strong> of ontdek andere varianten van de <strong><a class=\"underline\" href=\"https:\/\/vozolpuff.de\/nl\/product-category\/fumot-vape\/randm-tornado-7000\/\">RandM Tornado 7000-serie<\/a><\/strong>.<\/p>","protected":false},"excerpt":{"rendered":"<div>\n<div class=\"grid-cols-1 grid gap-2.5 [&amp;_&gt;_*]:min-w-0 !gap-3.5\">\n<p class=\"whitespace-normal break-words\">Genie\u00dfen Sie den perfekten s\u00fc\u00df-sauren Kontrast mit der RandM Tornado 7000 Sour Apple Einweg-Vape. Der intensive gr\u00fcne Apfelgeschmack mit seiner belebenden sauren Note sorgt f\u00fcr ein erfrischendes Dampferlebnis. Mit 850mAh Akku, 14ml Liquidkapazit\u00e4t und 7000 Z\u00fcgen f\u00fcr langanhaltenden Genuss mit RGB-Effekten.<\/p>\n<\/div>\n<\/div>\n<div class=\"h-8\"><\/div>\n","protected":false},"featured_media":3870,"comment_status":"open","ping_status":"closed","template":"","meta":{"_acf_changed":false},"product_brand":[],"product_cat":[50],"product_tag":[],"class_list":{"0":"post-3866","1":"product","2":"type-product","3":"status-publish","4":"has-post-thumbnail","6":"product_cat-randm-tornado-7000","8":"first","9":"instock","10":"shipping-taxable","11":"purchasable","12":"product-type-variable"},"acf":[],"_links":{"self":[{"href":"https:\/\/vozolpuff.de\/nl\/wp-json\/wp\/v2\/product\/3866","targetHints":{"allow":["GET"]}}],"collection":[{"href":"https:\/\/vozolpuff.de\/nl\/wp-json\/wp\/v2\/product"}],"about":[{"href":"https:\/\/vozolpuff.de\/nl\/wp-json\/wp\/v2\/types\/product"}],"replies":[{"embeddable":true,"href":"https:\/\/vozolpuff.de\/nl\/wp-json\/wp\/v2\/comments?post=3866"}],"wp:featuredmedia":[{"embeddable":true,"href":"https:\/\/vozolpuff.de\/nl\/wp-json\/wp\/v2\/media\/3870"}],"wp:attachment":[{"href":"https:\/\/vozolpuff.de\/nl\/wp-json\/wp\/v2\/media?parent=3866"}],"wp:term":[{"taxonomy":"product_brand","embeddable":true,"href":"https:\/\/vozolpuff.de\/nl\/wp-json\/wp\/v2\/product_brand?post=3866"},{"taxonomy":"product_cat","embeddable":true,"href":"https:\/\/vozolpuff.de\/nl\/wp-json\/wp\/v2\/product_cat?post=3866"},{"taxonomy":"product_tag","embeddable":true,"href":"https:\/\/vozolpuff.de\/nl\/wp-json\/wp\/v2\/product_tag?post=3866"}],"curies":[{"name":"wp","href":"https:\/\/api.w.org\/{rel}","templated":true}]}}