{"id":3875,"date":"2025-09-10T05:40:48","date_gmt":"2025-09-10T03:40:48","guid":{"rendered":"https:\/\/vozolpuff.de\/?post_type=product&#038;p=3875"},"modified":"2025-09-10T05:40:49","modified_gmt":"2025-09-10T03:40:49","slug":"randm-tornado-7000-blackcurrant-menthol","status":"publish","type":"product","link":"https:\/\/vozolpuff.de\/nl\/product\/randm-tornado-7000-blackcurrant-menthol\/","title":{"rendered":"RandM Tornado 7000 Zwarte Bes Menthol"},"content":{"rendered":"<h2 class=\"text-xl font-bold text-text-100 mt-1 -mb-0.5\">RandM Tornado 7000 zwarte bes menthol wegwerp e-sigaret<\/h2>\n<p class=\"whitespace-normal break-words\">De RandM Tornado 7000 Blackcurrant Menthol combineert de donkere zoetheid van rijpe zwarte bessen met een verfrissende menthol kick voor een uitzonderlijk verkwikkende vaping ervaring. Deze verfijnde smaakcombinatie biedt zowel fruitliefhebbers als liefhebbers van menthol het beste van twee werelden. Het krachtige wegwerpsysteem maakt tot 7000 pufjes met smaak mogelijk, aangedreven door een duurzame 850mAh batterij. De ruime 14ml e-liquid tank zorgt ervoor dat bijvullen tot het verleden behoort. Met de instelbare luchtstroomfunctie bepaal je zelf de intensiteit van je damp.<\/p>\n<h3 class=\"text-lg font-bold text-text-100 mt-1 -mb-1.5\">Hardware-eigenschappen<\/h3>\n<p class=\"whitespace-normal break-words\"><strong>Batterijsysteem:<\/strong> 850mAh permanent ge\u00efnstalleerd (oplaadbaar)<br \/>\n<strong>Vermogen:<\/strong> Consistente en betrouwbare levering<br \/>\n<strong>Vloeibaar volume:<\/strong> 14ml kant-en-klaar gevuld<br \/>\n<strong>Nicotineniveaus:<\/strong> 0%, 2%, 3% of 5% verkrijgbaar<br \/>\n<strong>Tractievolume:<\/strong> Ongeveer 7.000 inhalaties mogelijk<br \/>\n<strong>Luchtstroomsysteem:<\/strong> Verstelbare ventilatie<br \/>\n<strong>Optiek:<\/strong> Kleurrijke RGB-verlichting<\/p>\n<h3 class=\"text-lg font-bold text-text-100 mt-1 -mb-1.5\">Ontdek meer FUMOT VAPE bij vozolpuff<\/h3>\n<p class=\"whitespace-normal break-words\">Vind meer uitstekende e-sigaret producten in onze <strong><a class=\"underline\" href=\"https:\/\/vozolpuff.de\/nl\/\">Online winkel<\/a><\/strong>Blader door de volledige <strong><a class=\"underline\" href=\"https:\/\/vozolpuff.de\/nl\/product-category\/fumot-vape\/\">FUMOT VAPE productlijn<\/a><\/strong> of laat je inspireren door het geheel <strong><a class=\"underline\" href=\"https:\/\/vozolpuff.de\/nl\/product-category\/fumot-vape\/randm-tornado-7000\/\">RandM Tornado 7000 smaak wereld<\/a><\/strong> inspireren.<\/p>","protected":false},"excerpt":{"rendered":"<div>\n<div class=\"grid-cols-1 grid gap-2.5 [&amp;_&gt;_*]:min-w-0 !gap-3.5\">\n<p class=\"whitespace-normal break-words\">Erleben Sie die perfekte Harmonie aus fruchtiger S\u00fc\u00dfe und k\u00fchler Frische mit der RandM Tornado 7000 Blackcurrant Menthol Einweg-Vape. Dunkle Johannisbeeren treffen auf belebenden Menthol-Kick f\u00fcr ein sophisticated Geschmackserlebnis. 850mAh Akku, 14ml Tank und 7000 Z\u00fcge mit RGB-Beleuchtung garantiert.<\/p>\n<\/div>\n<\/div>\n<div class=\"h-8\"><\/div>\n","protected":false},"featured_media":3879,"comment_status":"open","ping_status":"closed","template":"","meta":{"_acf_changed":false},"product_brand":[],"product_cat":[50],"product_tag":[],"class_list":{"0":"post-3875","1":"product","2":"type-product","3":"status-publish","4":"has-post-thumbnail","6":"product_cat-randm-tornado-7000","8":"first","9":"instock","10":"shipping-taxable","11":"purchasable","12":"product-type-variable"},"acf":[],"_links":{"self":[{"href":"https:\/\/vozolpuff.de\/nl\/wp-json\/wp\/v2\/product\/3875","targetHints":{"allow":["GET"]}}],"collection":[{"href":"https:\/\/vozolpuff.de\/nl\/wp-json\/wp\/v2\/product"}],"about":[{"href":"https:\/\/vozolpuff.de\/nl\/wp-json\/wp\/v2\/types\/product"}],"replies":[{"embeddable":true,"href":"https:\/\/vozolpuff.de\/nl\/wp-json\/wp\/v2\/comments?post=3875"}],"wp:featuredmedia":[{"embeddable":true,"href":"https:\/\/vozolpuff.de\/nl\/wp-json\/wp\/v2\/media\/3879"}],"wp:attachment":[{"href":"https:\/\/vozolpuff.de\/nl\/wp-json\/wp\/v2\/media?parent=3875"}],"wp:term":[{"taxonomy":"product_brand","embeddable":true,"href":"https:\/\/vozolpuff.de\/nl\/wp-json\/wp\/v2\/product_brand?post=3875"},{"taxonomy":"product_cat","embeddable":true,"href":"https:\/\/vozolpuff.de\/nl\/wp-json\/wp\/v2\/product_cat?post=3875"},{"taxonomy":"product_tag","embeddable":true,"href":"https:\/\/vozolpuff.de\/nl\/wp-json\/wp\/v2\/product_tag?post=3875"}],"curies":[{"name":"wp","href":"https:\/\/api.w.org\/{rel}","templated":true}]}}