{"id":3902,"date":"2025-09-10T05:48:15","date_gmt":"2025-09-10T03:48:15","guid":{"rendered":"https:\/\/vozolpuff.de\/?post_type=product&#038;p=3902"},"modified":"2025-09-10T05:48:16","modified_gmt":"2025-09-10T03:48:16","slug":"randm-tornado-7000-peach-mango","status":"publish","type":"product","link":"https:\/\/vozolpuff.de\/nl\/product\/randm-tornado-7000-peach-mango\/","title":{"rendered":"RandM Tornado 7000 Peach Mango"},"content":{"rendered":"<h2 class=\"text-xl font-bold text-text-100 mt-1 -mb-0.5\">RandM Tornado 7000 Peach Mango Wegwerpbare e-sigaret<\/h2>\n<p class=\"whitespace-normal break-words\">Laat je meevoeren naar tropische oorden met de RandM Tornado 7000 Peach Mango-smaak. Deze exotische combinatie van twee smaken combineert de fluweelzachte zoetheid van rijpe perziken met de intense tropische fruitsmaak van mango's tot een authentieke zomerervaring. Het innovatieve wegwerpbare vape-systeem levert maar liefst 7000 trekjes tropisch paradijs, aangedreven door een duurzame 850 mAh-energiemodule. Het ruime vloeistofreservoir van 14 ml garandeert langdurig genot zonder dat u hoeft bij te vullen. De intu\u00eftieve inhalatieactivering maakt complexe bedieningselementen overbodig, terwijl de aanpasbare luchtstroomregeling rekening houdt met individuele voorkeuren.<\/p>\n<h3 class=\"text-lg font-bold text-text-100 mt-1 -mb-1.5\">Technische specificaties<\/h3>\n<p class=\"whitespace-normal break-words\"><strong>Vermogenseenheid:<\/strong> 850 mAh vast ingebouwd (oplaadbaar)<br \/>\n<strong>Stoomprestaties:<\/strong> Consistente en optimale uitvoer<br \/>\n<strong>Tankinhoud:<\/strong> 14 ml reeds gevuld<br \/>\n<strong>Nicotine-opties:<\/strong> 0%, 2%, 3% of 5% beschikbaar<br \/>\n<strong>Aantal treinen:<\/strong> Ongeveer 7.000 inhalaties<br \/>\n<strong>Luchtstroombeheer:<\/strong> Instelbaar debiet<br \/>\n<strong>Lichtfunctie:<\/strong> Kleurrijke RGB-verlichting<\/p>\n<h3 class=\"text-lg font-bold text-text-100 mt-1 -mb-1.5\">Ontdek meer FUMOT VAPE bij vozolpuff<\/h3>\n<p class=\"whitespace-normal break-words\">Bekijk onze <strong><a class=\"underline\" href=\"https:\/\/vozolpuff.de\/nl\/\">Hoofdcategorie vapen<\/a><\/strong> om meer eersteklas producten te vinden, bekijk het volledige assortiment <strong><a class=\"underline\" href=\"https:\/\/vozolpuff.de\/nl\/product-category\/fumot-vape\/\">FUMOT VAPE-reeks<\/a><\/strong> of maak een keuze uit onze <strong><a class=\"underline\" href=\"https:\/\/vozolpuff.de\/nl\/product-category\/fumot-vape\/randm-tornado-7000\/\">RandM Tornado 7000 alternatieven<\/a><\/strong>.<\/p>","protected":false},"excerpt":{"rendered":"<div>\n<div class=\"grid-cols-1 grid gap-2.5 [&amp;_&gt;_*]:min-w-0 !gap-3.5\">\n<p class=\"whitespace-normal break-words\">Erleben Sie tropisches Paradies mit der RandM Tornado 7000 Peach Mango Einweg-Vape. Die harmonische Verschmelzung samtiger Pfirsichs\u00fc\u00dfe mit intensiver Mango-Note kreiert ein authentisches Sommererlebnis. Mit kraftvollem 850mAh Akku, 14ml Liquidkapazit\u00e4t und 7000 Z\u00fcgen f\u00fcr langanhaltenden tropischen Genuss.<\/p>\n<\/div>\n<\/div>\n<div class=\"h-8\"><\/div>\n","protected":false},"featured_media":3906,"comment_status":"open","ping_status":"closed","template":"","meta":{"_acf_changed":false},"product_brand":[],"product_cat":[50],"product_tag":[],"class_list":{"0":"post-3902","1":"product","2":"type-product","3":"status-publish","4":"has-post-thumbnail","6":"product_cat-randm-tornado-7000","8":"first","9":"instock","10":"shipping-taxable","11":"purchasable","12":"product-type-variable"},"acf":[],"_links":{"self":[{"href":"https:\/\/vozolpuff.de\/nl\/wp-json\/wp\/v2\/product\/3902","targetHints":{"allow":["GET"]}}],"collection":[{"href":"https:\/\/vozolpuff.de\/nl\/wp-json\/wp\/v2\/product"}],"about":[{"href":"https:\/\/vozolpuff.de\/nl\/wp-json\/wp\/v2\/types\/product"}],"replies":[{"embeddable":true,"href":"https:\/\/vozolpuff.de\/nl\/wp-json\/wp\/v2\/comments?post=3902"}],"wp:featuredmedia":[{"embeddable":true,"href":"https:\/\/vozolpuff.de\/nl\/wp-json\/wp\/v2\/media\/3906"}],"wp:attachment":[{"href":"https:\/\/vozolpuff.de\/nl\/wp-json\/wp\/v2\/media?parent=3902"}],"wp:term":[{"taxonomy":"product_brand","embeddable":true,"href":"https:\/\/vozolpuff.de\/nl\/wp-json\/wp\/v2\/product_brand?post=3902"},{"taxonomy":"product_cat","embeddable":true,"href":"https:\/\/vozolpuff.de\/nl\/wp-json\/wp\/v2\/product_cat?post=3902"},{"taxonomy":"product_tag","embeddable":true,"href":"https:\/\/vozolpuff.de\/nl\/wp-json\/wp\/v2\/product_tag?post=3902"}],"curies":[{"name":"wp","href":"https:\/\/api.w.org\/{rel}","templated":true}]}}