{"id":3938,"date":"2025-09-10T05:58:14","date_gmt":"2025-09-10T03:58:14","guid":{"rendered":"https:\/\/vozolpuff.de\/?post_type=product&#038;p=3938"},"modified":"2025-09-10T05:58:14","modified_gmt":"2025-09-10T03:58:14","slug":"randm-tornado-7000-cherry","status":"publish","type":"product","link":"https:\/\/vozolpuff.de\/nl\/product\/randm-tornado-7000-cherry\/","title":{"rendered":"RandM Tornado 7000 Cherry"},"content":{"rendered":"<h2 class=\"text-xl font-bold text-text-100 mt-1 -mb-0.5\">RandM Tornado 7000 Cherry wegwerpbare e-sigaret<\/h2>\n<p class=\"whitespace-normal break-words\">Geniet van klassieke zoetheid met de RandM Tornado 7000 Cherry-smaak. Deze tijdloze fruitvariant vangt de pure essentie van rijpe kersen en biedt een authentieke, zoetzure smaak die nooit uit de mode raakt. Het geavanceerde wegwerpsysteem biedt tot 7000 trekjes fruitig genot, ondersteund door een krachtige 850 mAh-energieopslag. De royale voorgevulde tank van 14 ml maakt bijvullen overbodig en zorgt voor wekenlang plezier. De intelligente inhalatie-activering werkt onmiddellijk bij elke trek, terwijl de modulaire luchtstroomregeling verschillende dampstijlen mogelijk maakt.<\/p>\n<h3 class=\"text-lg font-bold text-text-100 mt-1 -mb-1.5\">Technische uitrusting<\/h3>\n<p class=\"whitespace-normal break-words\"><strong>Batterij-eenheid:<\/strong> 850 mAh permanent ge\u00efnstalleerd (oplaadbaar)<br \/>\n<strong>Vermogensoutput:<\/strong> Constante en effectieve stoomproductie<br \/>\n<strong>E-juice reservoir:<\/strong> 14 ml volledig voorgevuld<br \/>\n<strong>Opties voor nicotinegehalte:<\/strong> 0%, 2%, 3% of 5% selecteerbaar<br \/>\n<strong>Tractievolume:<\/strong> Ongeveer 7.000 inhalaties per apparaat<br \/>\n<strong>Ventilatiecontrole:<\/strong> Instelbare luchtdoorstroom<br \/>\n<strong>Design-hoogtepunt:<\/strong> Kleurrijke RGB-lichtshow<\/p>\n<h3 class=\"text-lg font-bold text-text-100 mt-1 -mb-1.5\">Ontdek meer FUMOT VAPE bij vozolpuff<\/h3>\n<p class=\"whitespace-normal break-words\">Bezoek onze <strong><a class=\"underline\" href=\"https:\/\/vozolpuff.de\/nl\/\">Vapingcentrum<\/a><\/strong> Voor een grotere selectie premiumproducten kunt u de veelzijdige <strong><a class=\"underline\" href=\"https:\/\/vozolpuff.de\/nl\/product-category\/fumot-vape\/\">FUMOT VAPE-merk<\/a><\/strong> of kies uit onze andere <strong><a class=\"underline\" href=\"https:\/\/vozolpuff.de\/nl\/product-category\/fumot-vape\/randm-tornado-7000\/\">RandM Tornado 7000 creaties<\/a><\/strong>.<\/p>","protected":false},"excerpt":{"rendered":"<div>\n<div class=\"grid-cols-1 grid gap-2.5 [&amp;_&gt;_*]:min-w-0 !gap-3.5\">\n<p class=\"whitespace-normal break-words\">Genie\u00dfen Sie klassische S\u00fc\u00dfe mit der RandM Tornado 7000 Cherry Einweg-Vape. Der authentische s\u00fc\u00df-s\u00e4uerliche Kirschgeschmack vollreifer Fr\u00fcchte bietet zeitloses Dampfvergn\u00fcgen. Mit kraftvollem 850mAh Akku, gro\u00dfz\u00fcgigem 14ml Liquidtank und 7000 fruchtigen Z\u00fcgen f\u00fcr langanhaltenden Genuss mit RGB-Beleuchtung.<\/p>\n<\/div>\n<\/div>\n<div class=\"h-8\"><\/div>\n","protected":false},"featured_media":3942,"comment_status":"open","ping_status":"closed","template":"","meta":{"_acf_changed":false},"product_brand":[],"product_cat":[50],"product_tag":[],"class_list":{"0":"post-3938","1":"product","2":"type-product","3":"status-publish","4":"has-post-thumbnail","6":"product_cat-randm-tornado-7000","8":"first","9":"instock","10":"shipping-taxable","11":"purchasable","12":"product-type-variable"},"acf":[],"_links":{"self":[{"href":"https:\/\/vozolpuff.de\/nl\/wp-json\/wp\/v2\/product\/3938","targetHints":{"allow":["GET"]}}],"collection":[{"href":"https:\/\/vozolpuff.de\/nl\/wp-json\/wp\/v2\/product"}],"about":[{"href":"https:\/\/vozolpuff.de\/nl\/wp-json\/wp\/v2\/types\/product"}],"replies":[{"embeddable":true,"href":"https:\/\/vozolpuff.de\/nl\/wp-json\/wp\/v2\/comments?post=3938"}],"wp:featuredmedia":[{"embeddable":true,"href":"https:\/\/vozolpuff.de\/nl\/wp-json\/wp\/v2\/media\/3942"}],"wp:attachment":[{"href":"https:\/\/vozolpuff.de\/nl\/wp-json\/wp\/v2\/media?parent=3938"}],"wp:term":[{"taxonomy":"product_brand","embeddable":true,"href":"https:\/\/vozolpuff.de\/nl\/wp-json\/wp\/v2\/product_brand?post=3938"},{"taxonomy":"product_cat","embeddable":true,"href":"https:\/\/vozolpuff.de\/nl\/wp-json\/wp\/v2\/product_cat?post=3938"},{"taxonomy":"product_tag","embeddable":true,"href":"https:\/\/vozolpuff.de\/nl\/wp-json\/wp\/v2\/product_tag?post=3938"}],"curies":[{"name":"wp","href":"https:\/\/api.w.org\/{rel}","templated":true}]}}